{"id":32487,"date":"2025-02-02T19:29:37","date_gmt":"2025-02-02T19:29:37","guid":{"rendered":"https:\/\/pacuareoutdoorcenter.com\/?page_id=32487"},"modified":"2025-02-04T14:14:41","modified_gmt":"2025-02-04T14:14:41","slug":"les-orientations","status":"publish","type":"page","link":"https:\/\/pacuareoutdoorcenter.com\/fr\/about-us\/directions\/","title":{"rendered":"Directions"},"content":{"rendered":"<style>.kb-row-layout-wrap.wp-block-kadence-rowlayout.kb-row-layout-id32487_6596ea-85{margin-bottom:0px;}.kb-row-layout-id32487_6596ea-85 > .kt-row-column-wrap{align-content:start;}:where(.kb-row-layout-id32487_6596ea-85 > .kt-row-column-wrap) > .wp-block-kadence-column{justify-content:start;}.kb-row-layout-id32487_6596ea-85 > .kt-row-column-wrap{column-gap:var(--global-kb-gap-md, 2rem);row-gap:var(--global-kb-gap-md, 2rem);max-width:var( --global-content-width, 1290px );padding-left:var(--global-content-edge-padding);padding-right:var(--global-content-edge-padding);padding-top:150px;padding-bottom:150px;grid-template-columns:minmax(0, 1fr);}.kb-row-layout-id32487_6596ea-85{background-image:url('https:\/\/pacuareoutdoorcenter.com\/wp-content\/uploads\/2025\/02\/directions-header.webp');background-size:cover;background-position:48% 52%;background-attachment:scroll;background-repeat:no-repeat;}.kb-row-layout-id32487_6596ea-85 > .kt-row-layout-overlay{opacity:0.60;background-color:var(--global-palette3, #1A202C);}@media all and (max-width: 1024px){.kb-row-layout-id32487_6596ea-85 > .kt-row-column-wrap{grid-template-columns:minmax(0, 1fr);}}@media all and (max-width: 767px){.kb-row-layout-id32487_6596ea-85 > .kt-row-column-wrap{grid-template-columns:minmax(0, 1fr);}}<\/style><div class=\"kb-row-layout-wrap kb-row-layout-id32487_6596ea-85 aligncenter kt-row-has-bg wp-block-kadence-rowlayout\"><div class=\"kt-row-layout-overlay kt-row-overlay-normal\"><\/div><div class=\"kt-row-column-wrap kt-has-1-columns kt-row-layout-equal kt-tab-layout-inherit kt-mobile-layout-row kt-row-valign-top kb-theme-content-width\">\n<style>.kadence-column32487_eade89-a0 > .kt-inside-inner-col,.kadence-column32487_eade89-a0 > .kt-inside-inner-col:before{border-top-left-radius:0px;border-top-right-radius:0px;border-bottom-right-radius:0px;border-bottom-left-radius:0px;}.kadence-column32487_eade89-a0 > .kt-inside-inner-col{column-gap:var(--global-kb-gap-sm, 1rem);}.kadence-column32487_eade89-a0 > .kt-inside-inner-col{flex-direction:column;}.kadence-column32487_eade89-a0 > .kt-inside-inner-col > .aligncenter{width:100%;}.kadence-column32487_eade89-a0 > .kt-inside-inner-col:before{opacity:0.3;}.kadence-column32487_eade89-a0{position:relative;}.kadence-column32487_eade89-a0, .kt-inside-inner-col > .kadence-column32487_eade89-a0:not(.specificity){margin-top:50px;}@media all and (max-width: 1024px){.kadence-column32487_eade89-a0 > .kt-inside-inner-col{flex-direction:column;justify-content:center;}}@media all and (max-width: 767px){.kadence-column32487_eade89-a0 > .kt-inside-inner-col{flex-direction:column;justify-content:center;}}<\/style>\n<div class=\"wp-block-kadence-column kadence-column32487_eade89-a0 inner-column-1\"><div class=\"kt-inside-inner-col\"><style>.wp-block-kadence-advancedheading.kt-adv-heading32487_8d26c5-c7, .wp-block-kadence-advancedheading.kt-adv-heading32487_8d26c5-c7[data-kb-block=\"kb-adv-heading32487_8d26c5-c7\"]{text-align:center;font-style:normal;}.wp-block-kadence-advancedheading.kt-adv-heading32487_8d26c5-c7 mark.kt-highlight, .wp-block-kadence-advancedheading.kt-adv-heading32487_8d26c5-c7[data-kb-block=\"kb-adv-heading32487_8d26c5-c7\"] mark.kt-highlight{font-style:normal;color:#f76a0c;-webkit-box-decoration-break:clone;box-decoration-break:clone;padding-top:0px;padding-right:0px;padding-bottom:0px;padding-left:0px;}@media all and (max-width: 767px){.wp-block-kadence-advancedheading.kt-adv-heading32487_8d26c5-c7, .wp-block-kadence-advancedheading.kt-adv-heading32487_8d26c5-c7[data-kb-block=\"kb-adv-heading32487_8d26c5-c7\"]{font-size:42px;}}<\/style>\n<h1 class=\"kt-adv-heading32487_8d26c5-c7 wp-block-kadence-advancedheading has-theme-palette-9-color has-text-color\" data-kb-block=\"kb-adv-heading32487_8d26c5-c7\">Directions<\/h1>\n\n\n<style>.wp-block-kadence-advancedheading.kt-adv-heading32487_dc1d5e-d3, .wp-block-kadence-advancedheading.kt-adv-heading32487_dc1d5e-d3[data-kb-block=\"kb-adv-heading32487_dc1d5e-d3\"]{text-align:center;font-style:normal;}.wp-block-kadence-advancedheading.kt-adv-heading32487_dc1d5e-d3 mark.kt-highlight, .wp-block-kadence-advancedheading.kt-adv-heading32487_dc1d5e-d3[data-kb-block=\"kb-adv-heading32487_dc1d5e-d3\"] mark.kt-highlight{font-style:normal;color:#f76a0c;-webkit-box-decoration-break:clone;box-decoration-break:clone;padding-top:0px;padding-right:0px;padding-bottom:0px;padding-left:0px;}<\/style>\n<p class=\"kt-adv-heading32487_dc1d5e-d3 wp-block-kadence-advancedheading has-theme-palette-9-color has-text-color\" data-kb-block=\"kb-adv-heading32487_dc1d5e-d3\">How to get to the meeting point<\/p>\n<\/div><\/div>\n\n<\/div><\/div>\n\n<style>.kb-row-layout-id32487_a3dbd6-bb > .kt-row-column-wrap{align-content:start;}:where(.kb-row-layout-id32487_a3dbd6-bb > .kt-row-column-wrap) > .wp-block-kadence-column{justify-content:start;}.kb-row-layout-id32487_a3dbd6-bb > .kt-row-column-wrap{column-gap:80px;row-gap:var(--global-kb-gap-md, 2rem);max-width:var( --global-content-width, 1290px );padding-left:var(--global-content-edge-padding);padding-right:var(--global-content-edge-padding);padding-top:var(--global-kb-spacing-xl, 4rem);padding-right:var(--global-kb-spacing-sm, 1.5rem);padding-bottom:var(--global-kb-spacing-md, 2rem);padding-left:var(--global-kb-spacing-sm, 1.5rem);grid-template-columns:repeat(2, minmax(0, 1fr));}.kb-row-layout-id32487_a3dbd6-bb > .kt-row-layout-overlay{opacity:0.85;background-image:url('https:\/\/kernrafting.com\/wp-content\/uploads\/2021\/09\/texture.png');background-size:auto;background-position:center center;background-attachment:scroll;background-repeat:repeat;mix-blend-mode:overlay;}@media all and (max-width: 1024px){.kb-row-layout-id32487_a3dbd6-bb > .kt-row-column-wrap{grid-template-columns:repeat(2, minmax(0, 1fr));}}@media all and (max-width: 767px){.kb-row-layout-id32487_a3dbd6-bb > .kt-row-column-wrap{grid-template-columns:minmax(0, 1fr);}}<\/style><div class=\"kb-row-layout-wrap kb-row-layout-id32487_a3dbd6-bb alignnone has-theme-palette8-background-color kt-row-has-bg wp-block-kadence-rowlayout\"><div class=\"kt-row-layout-overlay kt-row-overlay-normal\"><\/div><div class=\"kt-row-column-wrap kt-has-2-columns kt-row-layout-equal kt-tab-layout-inherit kt-mobile-layout-row kt-row-valign-top kb-theme-content-width\">\n<style>.kadence-column32487_c9f1d7-70 > .kt-inside-inner-col,.kadence-column32487_c9f1d7-70 > .kt-inside-inner-col:before{border-top-left-radius:0px;border-top-right-radius:0px;border-bottom-right-radius:0px;border-bottom-left-radius:0px;}.kadence-column32487_c9f1d7-70 > .kt-inside-inner-col{column-gap:var(--global-kb-gap-sm, 1rem);}.kadence-column32487_c9f1d7-70 > .kt-inside-inner-col{flex-direction:column;}.kadence-column32487_c9f1d7-70 > .kt-inside-inner-col > .aligncenter{width:100%;}.kadence-column32487_c9f1d7-70 > .kt-inside-inner-col:before{opacity:0.3;}.kadence-column32487_c9f1d7-70{position:relative;}@media all and (max-width: 1024px){.kadence-column32487_c9f1d7-70 > .kt-inside-inner-col{flex-direction:column;justify-content:center;}}@media all and (max-width: 767px){.kadence-column32487_c9f1d7-70 > .kt-inside-inner-col{flex-direction:column;justify-content:center;}}<\/style>\n<div class=\"wp-block-kadence-column kadence-column32487_c9f1d7-70 inner-column-2\"><div class=\"kt-inside-inner-col\">\n<figure class=\"wp-block-image size-large\"><img loading=\"lazy\" decoding=\"async\" width=\"1024\" height=\"683\" src=\"https:\/\/pacuareoutdoorcenter.com\/wp-content\/uploads\/2023\/01\/poc-staff-header-1024x683.webp\" alt=\"\" class=\"wp-image-28115\" srcset=\"https:\/\/pacuareoutdoorcenter.com\/wp-content\/uploads\/2023\/01\/poc-staff-header-1024x683.webp 1024w, https:\/\/pacuareoutdoorcenter.com\/wp-content\/uploads\/2023\/01\/poc-staff-header-300x200.webp 300w, https:\/\/pacuareoutdoorcenter.com\/wp-content\/uploads\/2023\/01\/poc-staff-header-768x512.webp 768w, https:\/\/pacuareoutdoorcenter.com\/wp-content\/uploads\/2023\/01\/poc-staff-header.webp 1200w\" sizes=\"auto, (max-width: 1024px) 100vw, 1024px\" \/><figcaption class=\"wp-element-caption\"><em>Our office is located in Turrialba<\/em><\/figcaption><\/figure>\n<\/div><\/div>\n\n\n<style>.kadence-column32487_d3a4df-6f > .kt-inside-inner-col{display:flex;}.kadence-column32487_d3a4df-6f > .kt-inside-inner-col,.kadence-column32487_d3a4df-6f > .kt-inside-inner-col:before{border-top-left-radius:0px;border-top-right-radius:0px;border-bottom-right-radius:0px;border-bottom-left-radius:0px;}.kadence-column32487_d3a4df-6f > .kt-inside-inner-col{column-gap:var(--global-kb-gap-sm, 1rem);}.kadence-column32487_d3a4df-6f > .kt-inside-inner-col{flex-direction:column;justify-content:center;}.kadence-column32487_d3a4df-6f > .kt-inside-inner-col > .aligncenter{width:100%;}.kt-row-column-wrap > .kadence-column32487_d3a4df-6f{align-self:center;}.kt-inner-column-height-full:not(.kt-has-1-columns) > .wp-block-kadence-column.kadence-column32487_d3a4df-6f{align-self:auto;}.kt-inner-column-height-full:not(.kt-has-1-columns) > .wp-block-kadence-column.kadence-column32487_d3a4df-6f > .kt-inside-inner-col{flex-direction:column;justify-content:center;}.kadence-column32487_d3a4df-6f > .kt-inside-inner-col:before{opacity:0.3;}.kadence-column32487_d3a4df-6f{position:relative;}@media all and (max-width: 1024px){.kt-row-column-wrap > .kadence-column32487_d3a4df-6f{align-self:center;}}@media all and (max-width: 1024px){.kt-inner-column-height-full:not(.kt-has-1-columns) > .wp-block-kadence-column.kadence-column32487_d3a4df-6f{align-self:auto;}}@media all and (max-width: 1024px){.kt-inner-column-height-full:not(.kt-has-1-columns) > .wp-block-kadence-column.kadence-column32487_d3a4df-6f > .kt-inside-inner-col{flex-direction:column;justify-content:center;}}@media all and (max-width: 1024px){.kadence-column32487_d3a4df-6f > .kt-inside-inner-col{flex-direction:column;justify-content:center;}}@media all and (max-width: 767px){.kt-row-column-wrap > .kadence-column32487_d3a4df-6f{align-self:center;}.kt-inner-column-height-full:not(.kt-has-1-columns) > .wp-block-kadence-column.kadence-column32487_d3a4df-6f{align-self:auto;}.kt-inner-column-height-full:not(.kt-has-1-columns) > .wp-block-kadence-column.kadence-column32487_d3a4df-6f > .kt-inside-inner-col{flex-direction:column;justify-content:center;}.kadence-column32487_d3a4df-6f > .kt-inside-inner-col{flex-direction:column;justify-content:center;}}<\/style>\n<div class=\"wp-block-kadence-column kadence-column32487_d3a4df-6f inner-column-1\"><div class=\"kt-inside-inner-col\"><style>.wp-block-kadence-advancedheading.kt-adv-heading32487_5a8e93-db, .wp-block-kadence-advancedheading.kt-adv-heading32487_5a8e93-db[data-kb-block=\"kb-adv-heading32487_5a8e93-db\"]{font-style:normal;}.wp-block-kadence-advancedheading.kt-adv-heading32487_5a8e93-db mark.kt-highlight, .wp-block-kadence-advancedheading.kt-adv-heading32487_5a8e93-db[data-kb-block=\"kb-adv-heading32487_5a8e93-db\"] mark.kt-highlight{font-style:normal;color:#f76a0c;-webkit-box-decoration-break:clone;box-decoration-break:clone;padding-top:0px;padding-right:0px;padding-bottom:0px;padding-left:0px;}<\/style>\n<h6 class=\"kt-adv-heading32487_5a8e93-db wp-block-kadence-advancedheading has-theme-palette-1-color has-text-color\" data-kb-block=\"kb-adv-heading32487_5a8e93-db\">Three locations<\/h6>\n\n\n\n<p>Depending on what you have booked will determine your meeting point. None of these locations require four wheel drive and they are all accessible by car.<\/p>\n\n\n\n<ul class=\"wp-block-list\">\n<li><a href=\"#sanmartin\">2 Day Pacuare and 3 Day Raft + Zip meeting location<\/a><\/li>\n\n\n\n<li><a href=\"#turrialbavista\">4 Day Ultimate meeting location<\/a><\/li>\n\n\n\n<li><a href=\"#office\">Office location<\/a><\/li>\n<\/ul>\n<\/div><\/div>\n\n<\/div><\/div>\n\n<style>.kb-row-layout-id32487_79a268-b0 > .kt-row-column-wrap{align-content:center;}:where(.kb-row-layout-id32487_79a268-b0 > .kt-row-column-wrap) > .wp-block-kadence-column{justify-content:center;}.kb-row-layout-id32487_79a268-b0 > .kt-row-column-wrap{column-gap:var(--global-kb-gap-md, 2rem);row-gap:var(--global-kb-gap-md, 2rem);max-width:var( --global-content-width, 1290px );padding-left:var(--global-content-edge-padding);padding-right:var(--global-content-edge-padding);padding-top:var(--global-kb-spacing-sm, 1.5rem);padding-bottom:var(--global-kb-spacing-lg, 3rem);grid-template-columns:minmax(0, 1fr);}.kb-row-layout-id32487_79a268-b0 > .kt-row-layout-overlay{opacity:0.30;}@media all and (max-width: 1024px){.kb-row-layout-id32487_79a268-b0 > .kt-row-column-wrap{grid-template-columns:minmax(0, 1fr);}}@media all and (max-width: 767px){.kb-row-layout-id32487_79a268-b0 > .kt-row-column-wrap{grid-template-columns:minmax(0, 1fr);}}<\/style><div class=\"kb-row-layout-wrap kb-row-layout-id32487_79a268-b0 alignnone wp-block-kadence-rowlayout\"><div class=\"kt-row-column-wrap kt-has-1-columns kt-row-layout-equal kt-tab-layout-inherit kt-mobile-layout-row kt-row-valign-middle kb-theme-content-width\">\n<style>.kadence-column32487_b14e14-eb > .kt-inside-inner-col,.kadence-column32487_b14e14-eb > .kt-inside-inner-col:before{border-top-left-radius:0px;border-top-right-radius:0px;border-bottom-right-radius:0px;border-bottom-left-radius:0px;}.kadence-column32487_b14e14-eb > .kt-inside-inner-col{column-gap:var(--global-kb-gap-sm, 1rem);}.kadence-column32487_b14e14-eb > .kt-inside-inner-col{flex-direction:column;}.kadence-column32487_b14e14-eb > .kt-inside-inner-col > .aligncenter{width:100%;}.kadence-column32487_b14e14-eb > .kt-inside-inner-col:before{opacity:0.3;}.kadence-column32487_b14e14-eb{position:relative;}@media all and (max-width: 1024px){.kadence-column32487_b14e14-eb > .kt-inside-inner-col{flex-direction:column;justify-content:center;}}@media all and (max-width: 767px){.kadence-column32487_b14e14-eb > .kt-inside-inner-col{flex-direction:column;justify-content:center;}}<\/style>\n<div class=\"wp-block-kadence-column kadence-column32487_b14e14-eb inner-column-2\" id=\"sanmartin\"><div class=\"kt-inside-inner-col\"><style>.wp-block-kadence-advancedheading.kt-adv-heading32487_a3e23b-aa, .wp-block-kadence-advancedheading.kt-adv-heading32487_a3e23b-aa[data-kb-block=\"kb-adv-heading32487_a3e23b-aa\"]{font-style:normal;}.wp-block-kadence-advancedheading.kt-adv-heading32487_a3e23b-aa mark.kt-highlight, .wp-block-kadence-advancedheading.kt-adv-heading32487_a3e23b-aa[data-kb-block=\"kb-adv-heading32487_a3e23b-aa\"] mark.kt-highlight{font-style:normal;color:#f76a0c;-webkit-box-decoration-break:clone;box-decoration-break:clone;padding-top:0px;padding-right:0px;padding-bottom:0px;padding-left:0px;}<\/style>\n<h2 class=\"kt-adv-heading32487_a3e23b-aa wp-block-kadence-advancedheading has-theme-palette-4-color has-text-color\" data-kb-block=\"kb-adv-heading32487_a3e23b-aa\">2 Day Pacuare &amp; 3 Day Raft + Zip meeting location<\/h2>\n\n\n\n<p>Both the <a href=\"https:\/\/pacuareoutdoorcenter.com\/experiences\/2-day-pacuare\/\" data-type=\"page\" data-id=\"1198\">2-Day Pacuare<\/a> and <a href=\"https:\/\/pacuareoutdoorcenter.com\/experiences\/3-day-raft-zip\/\" data-type=\"page\" data-id=\"985\">3-Day Raft + Zip<\/a> have the same meeting location. These trips meet at the soccer field in the small town of Linda Vista. At the meeting time, one of our guides will be there to show you where to park your car.<\/p>\n\n\n\n<ul class=\"wp-block-list\">\n<li>2-Day Pacuare meeting time: 9:30AM<\/li>\n\n\n\n<li>3-Day Raft + Zip meeting time: 10:00AM<\/li>\n\n\n\n<li><a href=\"https:\/\/maps.app.goo.gl\/GCSRuAk8doZmW54L9\" target=\"_blank\" rel=\"noopener\">Google Map link<\/a><\/li>\n\n\n\n<li>Coordinates: 9.988114631824873, -83.57064776610528<\/li>\n<\/ul>\n<\/div><\/div>\n\n\n<style>.kadence-column32487_5d8558-52 > .kt-inside-inner-col,.kadence-column32487_5d8558-52 > .kt-inside-inner-col:before{border-top-left-radius:0px;border-top-right-radius:0px;border-bottom-right-radius:0px;border-bottom-left-radius:0px;}.kadence-column32487_5d8558-52 > .kt-inside-inner-col{column-gap:var(--global-kb-gap-sm, 1rem);}.kadence-column32487_5d8558-52 > .kt-inside-inner-col{flex-direction:column;}.kadence-column32487_5d8558-52 > .kt-inside-inner-col > .aligncenter{width:100%;}.kadence-column32487_5d8558-52 > .kt-inside-inner-col:before{opacity:0.3;}.kadence-column32487_5d8558-52{position:relative;}@media all and (max-width: 1024px){.kadence-column32487_5d8558-52 > .kt-inside-inner-col{flex-direction:column;justify-content:center;}}@media all and (max-width: 767px){.kadence-column32487_5d8558-52 > .kt-inside-inner-col{flex-direction:column;justify-content:center;}}<\/style>\n<div class=\"wp-block-kadence-column kadence-column32487_5d8558-52 inner-column-2\" id=\"turrialbavista\"><div class=\"kt-inside-inner-col\"><style>.wp-block-kadence-advancedheading.kt-adv-heading32487_a4996c-ad, .wp-block-kadence-advancedheading.kt-adv-heading32487_a4996c-ad[data-kb-block=\"kb-adv-heading32487_a4996c-ad\"]{font-style:normal;}.wp-block-kadence-advancedheading.kt-adv-heading32487_a4996c-ad mark.kt-highlight, .wp-block-kadence-advancedheading.kt-adv-heading32487_a4996c-ad[data-kb-block=\"kb-adv-heading32487_a4996c-ad\"] mark.kt-highlight{font-style:normal;color:#f76a0c;-webkit-box-decoration-break:clone;box-decoration-break:clone;padding-top:0px;padding-right:0px;padding-bottom:0px;padding-left:0px;}<\/style>\n<h2 class=\"kt-adv-heading32487_a4996c-ad wp-block-kadence-advancedheading has-theme-palette-4-color has-text-color\" data-kb-block=\"kb-adv-heading32487_a4996c-ad\">4-Day Ultimate meeting location<\/h2>\n\n\n\n<p>The <a href=\"https:\/\/pacuareoutdoorcenter.com\/experiences\/4-day-ultimate\/\" data-type=\"page\" data-id=\"1212\">4-Day Ultimate<\/a> itinerary was based around most guests arriving in the country the same day, so the meeting point is at your first accommodation, the <a href=\"https:\/\/pacuareoutdoorcenter.com\/accommodations\/turrialba-vista\/\" data-type=\"page\" data-id=\"1229\">Turrialba Vista.<\/a><\/p>\n\n\n\n<ul class=\"wp-block-list\">\n<li>Check-in time starts at 3PM.<\/li>\n\n\n\n<li><a href=\"https:\/\/maps.app.goo.gl\/yNxsv2fVfane4vJD9\" target=\"_blank\" rel=\"noopener\">Google Map link<\/a><\/li>\n\n\n\n<li>Coordinates: 9.884371929333067, -83.6278548022915<\/li>\n<\/ul>\n<\/div><\/div>\n\n\n<style>.kadence-column32487_62eb03-74 > .kt-inside-inner-col,.kadence-column32487_62eb03-74 > .kt-inside-inner-col:before{border-top-left-radius:0px;border-top-right-radius:0px;border-bottom-right-radius:0px;border-bottom-left-radius:0px;}.kadence-column32487_62eb03-74 > .kt-inside-inner-col{column-gap:var(--global-kb-gap-sm, 1rem);}.kadence-column32487_62eb03-74 > .kt-inside-inner-col{flex-direction:column;}.kadence-column32487_62eb03-74 > .kt-inside-inner-col > .aligncenter{width:100%;}.kadence-column32487_62eb03-74 > .kt-inside-inner-col:before{opacity:0.3;}.kadence-column32487_62eb03-74{position:relative;}@media all and (max-width: 1024px){.kadence-column32487_62eb03-74 > .kt-inside-inner-col{flex-direction:column;justify-content:center;}}@media all and (max-width: 767px){.kadence-column32487_62eb03-74 > .kt-inside-inner-col{flex-direction:column;justify-content:center;}}<\/style>\n<div class=\"wp-block-kadence-column kadence-column32487_62eb03-74 inner-column-2\" id=\"office\"><div class=\"kt-inside-inner-col\"><style>.wp-block-kadence-advancedheading.kt-adv-heading32487_3366d0-bf, .wp-block-kadence-advancedheading.kt-adv-heading32487_3366d0-bf[data-kb-block=\"kb-adv-heading32487_3366d0-bf\"]{font-style:normal;}.wp-block-kadence-advancedheading.kt-adv-heading32487_3366d0-bf mark.kt-highlight, .wp-block-kadence-advancedheading.kt-adv-heading32487_3366d0-bf[data-kb-block=\"kb-adv-heading32487_3366d0-bf\"] mark.kt-highlight{font-style:normal;color:#f76a0c;-webkit-box-decoration-break:clone;box-decoration-break:clone;padding-top:0px;padding-right:0px;padding-bottom:0px;padding-left:0px;}<\/style>\n<h2 class=\"kt-adv-heading32487_3366d0-bf wp-block-kadence-advancedheading has-theme-palette-4-color has-text-color\" data-kb-block=\"kb-adv-heading32487_3366d0-bf\">Office and warehouse location<\/h2>\n\n\n\n<p>Our office and warehouse are located in Turrialba, across the street from the University of Costa Rica. Unless specifically mentioned, we do not meet any of our regular tours here.<\/p>\n\n\n\n<ul class=\"wp-block-list\">\n<li><a href=\"https:\/\/maps.app.goo.gl\/24u33B9XK9VMCYVB8\" target=\"_blank\" rel=\"noopener\">Google Map link<\/a><\/li>\n\n\n\n<li>Coordinates: 9.90043321299017, -83.67257168521935<\/li>\n<\/ul>\n<\/div><\/div>\n\n<\/div><\/div>","protected":false},"excerpt":{"rendered":"<p>Directions Comment se rendre au point de rencontre Trois lieux En fonction de ce que vous avez r\u00e9serv\u00e9, votre point de rencontre sera d\u00e9termin\u00e9. Aucun de ces lieux ne n\u00e9cessite de v\u00e9hicule \u00e0 quatre roues motrices et ils sont tous accessibles en voiture. 2 Day Pacuare &amp; 3 Day Raft + Zip point de rencontre Tant le 2-Day Pacuare que le 3-Day Raft +...<\/p>","protected":false},"author":1,"featured_media":32488,"parent":1170,"menu_order":0,"comment_status":"closed","ping_status":"closed","template":"","meta":{"_kad_blocks_custom_css":"","_kad_blocks_head_custom_js":"","_kad_blocks_body_custom_js":"","_kad_blocks_footer_custom_js":"","_kadence_starter_templates_imported_post":false,"_kad_post_transparent":"enable","_kad_post_title":"hide","_kad_post_layout":"fullwidth","_kad_post_sidebar_id":"","_kad_post_content_style":"unboxed","_kad_post_vertical_padding":"hide","_kad_post_feature":"","_kad_post_feature_position":"","_kad_post_header":false,"_kad_post_footer":false,"footnotes":""},"class_list":["post-32487","page","type-page","status-publish","has-post-thumbnail","hentry"],"taxonomy_info":[],"featured_image_src_large":["https:\/\/pacuareoutdoorcenter.com\/wp-content\/uploads\/2025\/02\/directions-header-1024x576.webp",1024,576,true],"author_info":{"display_name":"Matt","author_link":"https:\/\/pacuareoutdoorcenter.com\/fr\/author\/admin\/"},"comment_info":0,"_links":{"self":[{"href":"https:\/\/pacuareoutdoorcenter.com\/fr\/wp-json\/wp\/v2\/pages\/32487","targetHints":{"allow":["GET"]}}],"collection":[{"href":"https:\/\/pacuareoutdoorcenter.com\/fr\/wp-json\/wp\/v2\/pages"}],"about":[{"href":"https:\/\/pacuareoutdoorcenter.com\/fr\/wp-json\/wp\/v2\/types\/page"}],"author":[{"embeddable":true,"href":"https:\/\/pacuareoutdoorcenter.com\/fr\/wp-json\/wp\/v2\/users\/1"}],"replies":[{"embeddable":true,"href":"https:\/\/pacuareoutdoorcenter.com\/fr\/wp-json\/wp\/v2\/comments?post=32487"}],"version-history":[{"count":12,"href":"https:\/\/pacuareoutdoorcenter.com\/fr\/wp-json\/wp\/v2\/pages\/32487\/revisions"}],"predecessor-version":[{"id":32608,"href":"https:\/\/pacuareoutdoorcenter.com\/fr\/wp-json\/wp\/v2\/pages\/32487\/revisions\/32608"}],"up":[{"embeddable":true,"href":"https:\/\/pacuareoutdoorcenter.com\/fr\/wp-json\/wp\/v2\/pages\/1170"}],"wp:featuredmedia":[{"embeddable":true,"href":"https:\/\/pacuareoutdoorcenter.com\/fr\/wp-json\/wp\/v2\/media\/32488"}],"wp:attachment":[{"href":"https:\/\/pacuareoutdoorcenter.com\/fr\/wp-json\/wp\/v2\/media?parent=32487"}],"curies":[{"name":"wp","href":"https:\/\/api.w.org\/{rel}","templated":true}]}}