{"id":28329,"date":"2023-02-11T18:07:59","date_gmt":"2023-02-11T18:07:59","guid":{"rendered":"https:\/\/pacuareoutdoorcenter.com\/?page_id=28329"},"modified":"2025-02-03T21:20:29","modified_gmt":"2025-02-03T21:20:29","slug":"message-envoye","status":"publish","type":"page","link":"https:\/\/pacuareoutdoorcenter.com\/fr\/sent-message\/","title":{"rendered":"Merci de votre attention"},"content":{"rendered":"<style>.kb-row-layout-wrap.wp-block-kadence-rowlayout.kb-row-layout-id28329_08a07a-22{margin-bottom:0px;}.kb-row-layout-id28329_08a07a-22 > .kt-row-column-wrap{align-content:start;}:where(.kb-row-layout-id28329_08a07a-22 > .kt-row-column-wrap) > .wp-block-kadence-column{justify-content:start;}.kb-row-layout-id28329_08a07a-22 > .kt-row-column-wrap{column-gap:var(--global-kb-gap-md, 2rem);row-gap:var(--global-kb-gap-md, 2rem);max-width:var( --global-content-width, 1290px );padding-left:var(--global-content-edge-padding);padding-right:var(--global-content-edge-padding);padding-top:150px;padding-bottom:150px;grid-template-columns:minmax(0, 1fr);}.kb-row-layout-id28329_08a07a-22{background-image:url('https:\/\/pacuareoutdoorcenter.com\/wp-content\/uploads\/2023\/01\/meet-tom-header.webp');background-size:cover;background-position:48% 52%;background-attachment:scroll;background-repeat:no-repeat;}.kb-row-layout-id28329_08a07a-22 > .kt-row-layout-overlay{opacity:0.60;background-color:var(--global-palette3, #1A202C);}@media all and (max-width: 1024px){.kb-row-layout-id28329_08a07a-22 > .kt-row-column-wrap{grid-template-columns:minmax(0, 1fr);}}@media all and (max-width: 767px){.kb-row-layout-id28329_08a07a-22 > .kt-row-column-wrap{grid-template-columns:minmax(0, 1fr);}}<\/style><div class=\"kb-row-layout-wrap kb-row-layout-id28329_08a07a-22 aligncenter kt-row-has-bg wp-block-kadence-rowlayout\"><div class=\"kt-row-layout-overlay kt-row-overlay-normal\"><\/div><div class=\"kt-row-column-wrap kt-has-1-columns kt-row-layout-equal kt-tab-layout-inherit kt-mobile-layout-row kt-row-valign-top kb-theme-content-width\">\n<style>.kadence-column28329_469cbe-63 > .kt-inside-inner-col,.kadence-column28329_469cbe-63 > .kt-inside-inner-col:before{border-top-left-radius:0px;border-top-right-radius:0px;border-bottom-right-radius:0px;border-bottom-left-radius:0px;}.kadence-column28329_469cbe-63 > .kt-inside-inner-col{column-gap:var(--global-kb-gap-sm, 1rem);}.kadence-column28329_469cbe-63 > .kt-inside-inner-col{flex-direction:column;}.kadence-column28329_469cbe-63 > .kt-inside-inner-col > .aligncenter{width:100%;}.kadence-column28329_469cbe-63 > .kt-inside-inner-col:before{opacity:0.3;}.kadence-column28329_469cbe-63{position:relative;}.kadence-column28329_469cbe-63, .kt-inside-inner-col > .kadence-column28329_469cbe-63:not(.specificity){margin-top:50px;}@media all and (max-width: 1024px){.kadence-column28329_469cbe-63 > .kt-inside-inner-col{flex-direction:column;justify-content:center;}}@media all and (max-width: 767px){.kadence-column28329_469cbe-63 > .kt-inside-inner-col{flex-direction:column;justify-content:center;}}<\/style>\n<div class=\"wp-block-kadence-column kadence-column28329_469cbe-63 inner-column-1\"><div class=\"kt-inside-inner-col\"><style>.wp-block-kadence-advancedheading.kt-adv-heading28329_ea3edb-f4, .wp-block-kadence-advancedheading.kt-adv-heading28329_ea3edb-f4[data-kb-block=\"kb-adv-heading28329_ea3edb-f4\"]{text-align:center;font-style:normal;}.wp-block-kadence-advancedheading.kt-adv-heading28329_ea3edb-f4 mark.kt-highlight, .wp-block-kadence-advancedheading.kt-adv-heading28329_ea3edb-f4[data-kb-block=\"kb-adv-heading28329_ea3edb-f4\"] mark.kt-highlight{font-style:normal;color:#f76a0c;-webkit-box-decoration-break:clone;box-decoration-break:clone;padding-top:0px;padding-right:0px;padding-bottom:0px;padding-left:0px;}@media all and (max-width: 767px){.wp-block-kadence-advancedheading.kt-adv-heading28329_ea3edb-f4, .wp-block-kadence-advancedheading.kt-adv-heading28329_ea3edb-f4[data-kb-block=\"kb-adv-heading28329_ea3edb-f4\"]{font-size:42px;}}<\/style>\n<h1 class=\"kt-adv-heading28329_ea3edb-f4 wp-block-kadence-advancedheading has-theme-palette-9-color has-text-color\" data-kb-block=\"kb-adv-heading28329_ea3edb-f4\">We&#8217;ve received your message!<\/h1>\n\n\n<style>.wp-block-kadence-advancedheading.kt-adv-heading28329_eb371f-67, .wp-block-kadence-advancedheading.kt-adv-heading28329_eb371f-67[data-kb-block=\"kb-adv-heading28329_eb371f-67\"]{text-align:center;font-style:normal;}.wp-block-kadence-advancedheading.kt-adv-heading28329_eb371f-67 mark.kt-highlight, .wp-block-kadence-advancedheading.kt-adv-heading28329_eb371f-67[data-kb-block=\"kb-adv-heading28329_eb371f-67\"] mark.kt-highlight{font-style:normal;color:#f76a0c;-webkit-box-decoration-break:clone;box-decoration-break:clone;padding-top:0px;padding-right:0px;padding-bottom:0px;padding-left:0px;}<\/style>\n<p class=\"kt-adv-heading28329_eb371f-67 wp-block-kadence-advancedheading has-theme-palette-9-color has-text-color\" data-kb-block=\"kb-adv-heading28329_eb371f-67\">Contact form sent!<\/p>\n<\/div><\/div>\n\n<\/div><\/div>\n\n<style>.kb-row-layout-id28329_7b2fc3-e5 > .kt-row-column-wrap{align-content:center;}:where(.kb-row-layout-id28329_7b2fc3-e5 > .kt-row-column-wrap) > .wp-block-kadence-column{justify-content:center;}.kb-row-layout-id28329_7b2fc3-e5 > .kt-row-column-wrap{column-gap:var(--global-kb-gap-none, 0rem );row-gap:var(--global-kb-gap-md, 2rem);max-width:var( --global-content-width, 1290px );padding-left:var(--global-content-edge-padding);padding-right:var(--global-content-edge-padding);padding-top:40px;padding-bottom:0px;grid-template-columns:minmax(0, 1fr);}.kb-row-layout-id28329_7b2fc3-e5 > .kt-row-layout-overlay{opacity:0.30;}@media all and (max-width: 1024px){.kb-row-layout-id28329_7b2fc3-e5 > .kt-row-column-wrap{grid-template-columns:minmax(0, 1fr);}}@media all and (max-width: 767px){.kb-row-layout-id28329_7b2fc3-e5 > .kt-row-column-wrap{grid-template-columns:minmax(0, 1fr);}}<\/style><div class=\"kb-row-layout-wrap kb-row-layout-id28329_7b2fc3-e5 alignnone wp-block-kadence-rowlayout\"><div class=\"kt-row-column-wrap kt-has-1-columns kt-row-layout-equal kt-tab-layout-inherit kt-mobile-layout-row kt-row-valign-middle kb-theme-content-width\">\n<style>.kadence-column28329_48a3a4-a5 > .kt-inside-inner-col,.kadence-column28329_48a3a4-a5 > .kt-inside-inner-col:before{border-top-left-radius:0px;border-top-right-radius:0px;border-bottom-right-radius:0px;border-bottom-left-radius:0px;}.kadence-column28329_48a3a4-a5 > .kt-inside-inner-col{column-gap:var(--global-kb-gap-sm, 1rem);}.kadence-column28329_48a3a4-a5 > .kt-inside-inner-col{flex-direction:column;}.kadence-column28329_48a3a4-a5 > .kt-inside-inner-col > .aligncenter{width:100%;}.kadence-column28329_48a3a4-a5 > .kt-inside-inner-col:before{opacity:0.3;}.kadence-column28329_48a3a4-a5{position:relative;}@media all and (max-width: 1024px){.kadence-column28329_48a3a4-a5 > .kt-inside-inner-col{flex-direction:column;justify-content:center;}}@media all and (max-width: 767px){.kadence-column28329_48a3a4-a5 > .kt-inside-inner-col{flex-direction:column;justify-content:center;}}<\/style>\n<div class=\"wp-block-kadence-column kadence-column28329_48a3a4-a5 inner-column-2\"><div class=\"kt-inside-inner-col\"><style>.wp-block-kadence-advancedheading.kt-adv-heading28329_12f91a-8d, .wp-block-kadence-advancedheading.kt-adv-heading28329_12f91a-8d[data-kb-block=\"kb-adv-heading28329_12f91a-8d\"]{font-style:normal;}.wp-block-kadence-advancedheading.kt-adv-heading28329_12f91a-8d mark.kt-highlight, .wp-block-kadence-advancedheading.kt-adv-heading28329_12f91a-8d[data-kb-block=\"kb-adv-heading28329_12f91a-8d\"] mark.kt-highlight{font-style:normal;color:#f76a0c;-webkit-box-decoration-break:clone;box-decoration-break:clone;padding-top:0px;padding-right:0px;padding-bottom:0px;padding-left:0px;}<\/style>\n<h3 class=\"kt-adv-heading28329_12f91a-8d wp-block-kadence-advancedheading has-theme-palette-4-color has-text-color\" data-kb-block=\"kb-adv-heading28329_12f91a-8d\"><em>We&#8217;ve received your message<\/em><\/h3>\n<\/div><\/div>\n\n<\/div><\/div>\n\n<style>.kb-row-layout-id28329_70edb6-f4 > .kt-row-column-wrap{align-content:center;}:where(.kb-row-layout-id28329_70edb6-f4 > .kt-row-column-wrap) > .wp-block-kadence-column{justify-content:center;}.kb-row-layout-id28329_70edb6-f4 > .kt-row-column-wrap{column-gap:var(--global-kb-gap-md, 2rem);row-gap:var(--global-kb-gap-md, 2rem);max-width:var( --global-content-width, 1290px );padding-left:var(--global-content-edge-padding);padding-right:var(--global-content-edge-padding);padding-top:40px;padding-bottom:40px;grid-template-columns:minmax(0, 1fr);}.kb-row-layout-id28329_70edb6-f4 > .kt-row-layout-overlay{opacity:0.30;}@media all and (max-width: 1024px){.kb-row-layout-id28329_70edb6-f4 > .kt-row-column-wrap{grid-template-columns:minmax(0, 1fr);}}@media all and (max-width: 767px){.kb-row-layout-id28329_70edb6-f4 > .kt-row-column-wrap{grid-template-columns:minmax(0, 1fr);}}<\/style><div class=\"kb-row-layout-wrap kb-row-layout-id28329_70edb6-f4 alignnone wp-block-kadence-rowlayout\"><div class=\"kt-row-column-wrap kt-has-1-columns kt-row-layout-equal kt-tab-layout-inherit kt-mobile-layout-row kt-row-valign-middle kb-theme-content-width\">\n<style>.kadence-column28329_5acd19-d3 > .kt-inside-inner-col,.kadence-column28329_5acd19-d3 > .kt-inside-inner-col:before{border-top-left-radius:0px;border-top-right-radius:0px;border-bottom-right-radius:0px;border-bottom-left-radius:0px;}.kadence-column28329_5acd19-d3 > .kt-inside-inner-col{column-gap:var(--global-kb-gap-sm, 1rem);}.kadence-column28329_5acd19-d3 > .kt-inside-inner-col{flex-direction:column;}.kadence-column28329_5acd19-d3 > .kt-inside-inner-col > .aligncenter{width:100%;}.kadence-column28329_5acd19-d3 > .kt-inside-inner-col:before{opacity:0.3;}.kadence-column28329_5acd19-d3{position:relative;}@media all and (max-width: 1024px){.kadence-column28329_5acd19-d3 > .kt-inside-inner-col{flex-direction:column;justify-content:center;}}@media all and (max-width: 767px){.kadence-column28329_5acd19-d3 > .kt-inside-inner-col{flex-direction:column;justify-content:center;}}<\/style>\n<div class=\"wp-block-kadence-column kadence-column28329_5acd19-d3 inner-column-2\"><div class=\"kt-inside-inner-col\">\n<p><strong>We&#8217;ll get back to you soon<\/strong><br>Thank you for sending your message! We&#8217;ll be in touch soon.<\/p>\n\n\n\n<p><strong>In the meantime&#8230;<\/strong><br>Feel free to browse helpful links:<\/p>\n\n\n\n<ul class=\"wp-block-list\">\n<li><a href=\"https:\/\/pacuareoutdoorcenter.com\/accommodations\/rio-vista-lodge\/\" data-type=\"page\" data-id=\"1120\">Travel Insurance<\/a><\/li>\n\n\n\n<li><a href=\"https:\/\/pacuareoutdoorcenter.com\/what-to-pack\/\">What to Pack<\/a><\/li>\n<\/ul>\n<\/div><\/div>\n\n<\/div><\/div>","protected":false},"excerpt":{"rendered":"<p>Nous avons re\u00e7u votre message ! Formulaire de contact envoy\u00e9 ! Nous avons re\u00e7u votre message Nous vous contacterons bient\u00f4tMerci d'avoir envoy\u00e9 votre message ! Nous vous recontacterons bient\u00f4t. En attendant... N'h\u00e9sitez pas \u00e0 consulter les liens utiles :<\/p>","protected":false},"author":1,"featured_media":0,"parent":0,"menu_order":0,"comment_status":"closed","ping_status":"closed","template":"","meta":{"_kad_blocks_custom_css":"","_kad_blocks_head_custom_js":"<script>\nwindow.addEventListener('load', (event) => {\n  fathom.trackEvent('message sent');\n});\n<\/script>","_kad_blocks_body_custom_js":"","_kad_blocks_footer_custom_js":"","_kadence_starter_templates_imported_post":false,"_kad_post_transparent":"enable","_kad_post_title":"hide","_kad_post_layout":"fullwidth","_kad_post_sidebar_id":"","_kad_post_content_style":"unboxed","_kad_post_vertical_padding":"hide","_kad_post_feature":"","_kad_post_feature_position":"","_kad_post_header":false,"_kad_post_footer":false,"footnotes":""},"class_list":["post-28329","page","type-page","status-publish","hentry"],"taxonomy_info":[],"featured_image_src_large":false,"author_info":{"display_name":"Matt","author_link":"https:\/\/pacuareoutdoorcenter.com\/fr\/author\/admin\/"},"comment_info":0,"_links":{"self":[{"href":"https:\/\/pacuareoutdoorcenter.com\/fr\/wp-json\/wp\/v2\/pages\/28329","targetHints":{"allow":["GET"]}}],"collection":[{"href":"https:\/\/pacuareoutdoorcenter.com\/fr\/wp-json\/wp\/v2\/pages"}],"about":[{"href":"https:\/\/pacuareoutdoorcenter.com\/fr\/wp-json\/wp\/v2\/types\/page"}],"author":[{"embeddable":true,"href":"https:\/\/pacuareoutdoorcenter.com\/fr\/wp-json\/wp\/v2\/users\/1"}],"replies":[{"embeddable":true,"href":"https:\/\/pacuareoutdoorcenter.com\/fr\/wp-json\/wp\/v2\/comments?post=28329"}],"version-history":[{"count":15,"href":"https:\/\/pacuareoutdoorcenter.com\/fr\/wp-json\/wp\/v2\/pages\/28329\/revisions"}],"predecessor-version":[{"id":32638,"href":"https:\/\/pacuareoutdoorcenter.com\/fr\/wp-json\/wp\/v2\/pages\/28329\/revisions\/32638"}],"wp:attachment":[{"href":"https:\/\/pacuareoutdoorcenter.com\/fr\/wp-json\/wp\/v2\/media?parent=28329"}],"curies":[{"name":"wp","href":"https:\/\/api.w.org\/{rel}","templated":true}]}}