{"id":1732,"date":"2023-01-08T06:03:56","date_gmt":"2023-01-08T06:03:56","guid":{"rendered":"https:\/\/pacuareoutdoorcenter.com\/?page_id=1732"},"modified":"2025-02-03T21:19:55","modified_gmt":"2025-02-03T21:19:55","slug":"sup","status":"publish","type":"page","link":"https:\/\/pacuareoutdoorcenter.com\/fr\/activities\/sup\/","title":{"rendered":"Stand Up Paddleboard"},"content":{"rendered":"<style>.kb-row-layout-wrap.wp-block-kadence-rowlayout.kb-row-layout-id1732_cbb246-73{margin-bottom:0px;}.kb-row-layout-id1732_cbb246-73 > .kt-row-column-wrap{align-content:start;}:where(.kb-row-layout-id1732_cbb246-73 > .kt-row-column-wrap) > .wp-block-kadence-column{justify-content:start;}.kb-row-layout-id1732_cbb246-73 > .kt-row-column-wrap{column-gap:var(--global-kb-gap-md, 2rem);row-gap:var(--global-kb-gap-md, 2rem);max-width:var( --global-content-width, 1290px );padding-left:var(--global-content-edge-padding);padding-right:var(--global-content-edge-padding);padding-top:150px;padding-bottom:150px;grid-template-columns:minmax(0, 1fr);}.kb-row-layout-id1732_cbb246-73{background-image:url('https:\/\/pacuareoutdoorcenter.com\/wp-content\/uploads\/2023\/01\/sup-header.webp');background-size:cover;background-position:57.99999999999999% 51%;background-attachment:scroll;background-repeat:no-repeat;}.kb-row-layout-id1732_cbb246-73 > .kt-row-layout-overlay{opacity:0.60;background-color:var(--global-palette3, #1A202C);}@media all and (max-width: 1024px){.kb-row-layout-id1732_cbb246-73 > .kt-row-column-wrap{grid-template-columns:minmax(0, 1fr);}}@media all and (max-width: 767px){.kb-row-layout-id1732_cbb246-73 > .kt-row-column-wrap{grid-template-columns:minmax(0, 1fr);}}<\/style><div class=\"kb-row-layout-wrap kb-row-layout-id1732_cbb246-73 aligncenter kt-row-has-bg wp-block-kadence-rowlayout\"><div class=\"kt-row-layout-overlay kt-row-overlay-normal\"><\/div><div class=\"kt-row-column-wrap kt-has-1-columns kt-row-layout-equal kt-tab-layout-inherit kt-mobile-layout-row kt-row-valign-top kb-theme-content-width\">\n<style>.kadence-column1732_101a7a-35 > .kt-inside-inner-col,.kadence-column1732_101a7a-35 > .kt-inside-inner-col:before{border-top-left-radius:0px;border-top-right-radius:0px;border-bottom-right-radius:0px;border-bottom-left-radius:0px;}.kadence-column1732_101a7a-35 > .kt-inside-inner-col{column-gap:var(--global-kb-gap-sm, 1rem);}.kadence-column1732_101a7a-35 > .kt-inside-inner-col{flex-direction:column;}.kadence-column1732_101a7a-35 > .kt-inside-inner-col > .aligncenter{width:100%;}.kadence-column1732_101a7a-35 > .kt-inside-inner-col:before{opacity:0.3;}.kadence-column1732_101a7a-35{position:relative;}.kadence-column1732_101a7a-35, .kt-inside-inner-col > .kadence-column1732_101a7a-35:not(.specificity){margin-top:50px;}@media all and (max-width: 1024px){.kadence-column1732_101a7a-35 > .kt-inside-inner-col{flex-direction:column;justify-content:center;}}@media all and (max-width: 767px){.kadence-column1732_101a7a-35 > .kt-inside-inner-col{flex-direction:column;justify-content:center;}}<\/style>\n<div class=\"wp-block-kadence-column kadence-column1732_101a7a-35 inner-column-1\"><div class=\"kt-inside-inner-col\"><style>.wp-block-kadence-advancedheading.kt-adv-heading1732_71357c-a5, .wp-block-kadence-advancedheading.kt-adv-heading1732_71357c-a5[data-kb-block=\"kb-adv-heading1732_71357c-a5\"]{text-align:center;font-style:normal;}.wp-block-kadence-advancedheading.kt-adv-heading1732_71357c-a5 mark.kt-highlight, .wp-block-kadence-advancedheading.kt-adv-heading1732_71357c-a5[data-kb-block=\"kb-adv-heading1732_71357c-a5\"] mark.kt-highlight{font-style:normal;color:#f76a0c;-webkit-box-decoration-break:clone;box-decoration-break:clone;padding-top:0px;padding-right:0px;padding-bottom:0px;padding-left:0px;}@media all and (max-width: 767px){.wp-block-kadence-advancedheading.kt-adv-heading1732_71357c-a5, .wp-block-kadence-advancedheading.kt-adv-heading1732_71357c-a5[data-kb-block=\"kb-adv-heading1732_71357c-a5\"]{font-size:42px;}}<\/style>\n<h1 class=\"kt-adv-heading1732_71357c-a5 wp-block-kadence-advancedheading has-theme-palette-9-color has-text-color\" data-kb-block=\"kb-adv-heading1732_71357c-a5\">Stand Up Paddleboarding<\/h1>\n\n\n<style>.wp-block-kadence-advancedheading.kt-adv-heading1732_1a9bc1-be, .wp-block-kadence-advancedheading.kt-adv-heading1732_1a9bc1-be[data-kb-block=\"kb-adv-heading1732_1a9bc1-be\"]{text-align:center;font-style:normal;}.wp-block-kadence-advancedheading.kt-adv-heading1732_1a9bc1-be mark.kt-highlight, .wp-block-kadence-advancedheading.kt-adv-heading1732_1a9bc1-be[data-kb-block=\"kb-adv-heading1732_1a9bc1-be\"] mark.kt-highlight{font-style:normal;color:#f76a0c;-webkit-box-decoration-break:clone;box-decoration-break:clone;padding-top:0px;padding-right:0px;padding-bottom:0px;padding-left:0px;}<\/style>\n<p class=\"kt-adv-heading1732_1a9bc1-be wp-block-kadence-advancedheading has-theme-palette-9-color has-text-color\" data-kb-block=\"kb-adv-heading1732_1a9bc1-be\">SUP adventures in Costa Rica<\/p>\n<\/div><\/div>\n\n<\/div><\/div>\n\n<style>.kb-row-layout-id1732_912a24-01 > .kt-row-column-wrap{align-content:start;}:where(.kb-row-layout-id1732_912a24-01 > .kt-row-column-wrap) > .wp-block-kadence-column{justify-content:start;}.kb-row-layout-id1732_912a24-01 > .kt-row-column-wrap{column-gap:80px;row-gap:var(--global-kb-gap-md, 2rem);max-width:var( --global-content-width, 1290px );padding-left:var(--global-content-edge-padding);padding-right:var(--global-content-edge-padding);padding-top:80px;padding-bottom:40px;grid-template-columns:repeat(2, minmax(0, 1fr));}.kb-row-layout-id1732_912a24-01 > .kt-row-layout-overlay{opacity:0.85;background-image:url('https:\/\/kernrafting.com\/wp-content\/uploads\/2021\/09\/texture.png');background-size:auto;background-position:center center;background-attachment:scroll;background-repeat:repeat;mix-blend-mode:overlay;}@media all and (max-width: 1024px){.kb-row-layout-id1732_912a24-01 > .kt-row-column-wrap{grid-template-columns:repeat(2, minmax(0, 1fr));}}@media all and (max-width: 767px){.kb-row-layout-id1732_912a24-01 > .kt-row-column-wrap{grid-template-columns:minmax(0, 1fr);}}<\/style><div class=\"kb-row-layout-wrap kb-row-layout-id1732_912a24-01 alignnone has-theme-palette8-background-color kt-row-has-bg wp-block-kadence-rowlayout\"><div class=\"kt-row-layout-overlay kt-row-overlay-normal\"><\/div><div class=\"kt-row-column-wrap kt-has-2-columns kt-row-layout-equal kt-tab-layout-inherit kt-mobile-layout-row kt-row-valign-top kb-theme-content-width\">\n<style>.kadence-column1732_3ac9c2-06 > .kt-inside-inner-col,.kadence-column1732_3ac9c2-06 > .kt-inside-inner-col:before{border-top-left-radius:0px;border-top-right-radius:0px;border-bottom-right-radius:0px;border-bottom-left-radius:0px;}.kadence-column1732_3ac9c2-06 > .kt-inside-inner-col{column-gap:var(--global-kb-gap-sm, 1rem);}.kadence-column1732_3ac9c2-06 > .kt-inside-inner-col{flex-direction:column;}.kadence-column1732_3ac9c2-06 > .kt-inside-inner-col > .aligncenter{width:100%;}.kadence-column1732_3ac9c2-06 > .kt-inside-inner-col:before{opacity:0.3;}.kadence-column1732_3ac9c2-06{position:relative;}@media all and (max-width: 1024px){.kadence-column1732_3ac9c2-06 > .kt-inside-inner-col{flex-direction:column;justify-content:center;}}@media all and (max-width: 767px){.kadence-column1732_3ac9c2-06 > .kt-inside-inner-col{flex-direction:column;justify-content:center;}}<\/style>\n<div class=\"wp-block-kadence-column kadence-column1732_3ac9c2-06 inner-column-1\"><div class=\"kt-inside-inner-col\"><style>.wp-block-kadence-advancedheading.kt-adv-heading1732_e88881-83, .wp-block-kadence-advancedheading.kt-adv-heading1732_e88881-83[data-kb-block=\"kb-adv-heading1732_e88881-83\"]{font-style:normal;}.wp-block-kadence-advancedheading.kt-adv-heading1732_e88881-83 mark.kt-highlight, .wp-block-kadence-advancedheading.kt-adv-heading1732_e88881-83[data-kb-block=\"kb-adv-heading1732_e88881-83\"] mark.kt-highlight{font-style:normal;color:#f76a0c;-webkit-box-decoration-break:clone;box-decoration-break:clone;padding-top:0px;padding-right:0px;padding-bottom:0px;padding-left:0px;}<\/style>\n<h6 class=\"kt-adv-heading1732_e88881-83 wp-block-kadence-advancedheading has-theme-palette-1-color has-text-color\" data-kb-block=\"kb-adv-heading1732_e88881-83\">River, lake, or ocean<\/h6>\n\n\n<style>.wp-block-kadence-advancedheading.kt-adv-heading1732_3a50d0-ec, .wp-block-kadence-advancedheading.kt-adv-heading1732_3a50d0-ec[data-kb-block=\"kb-adv-heading1732_3a50d0-ec\"]{font-style:normal;}.wp-block-kadence-advancedheading.kt-adv-heading1732_3a50d0-ec mark.kt-highlight, .wp-block-kadence-advancedheading.kt-adv-heading1732_3a50d0-ec[data-kb-block=\"kb-adv-heading1732_3a50d0-ec\"] mark.kt-highlight{font-style:normal;color:#f76a0c;-webkit-box-decoration-break:clone;box-decoration-break:clone;padding-top:0px;padding-right:0px;padding-bottom:0px;padding-left:0px;}@media all and (max-width: 767px){.wp-block-kadence-advancedheading.kt-adv-heading1732_3a50d0-ec, .wp-block-kadence-advancedheading.kt-adv-heading1732_3a50d0-ec[data-kb-block=\"kb-adv-heading1732_3a50d0-ec\"]{font-size:36px;}}<\/style>\n<h2 class=\"kt-adv-heading1732_3a50d0-ec wp-block-kadence-advancedheading has-theme-palette-4-color has-text-color\" data-kb-block=\"kb-adv-heading1732_3a50d0-ec\">Costa Rica <em>SUP vacation<\/em><\/h2>\n<\/div><\/div>\n\n\n<style>.kadence-column1732_03bc62-f7 > .kt-inside-inner-col,.kadence-column1732_03bc62-f7 > .kt-inside-inner-col:before{border-top-left-radius:0px;border-top-right-radius:0px;border-bottom-right-radius:0px;border-bottom-left-radius:0px;}.kadence-column1732_03bc62-f7 > .kt-inside-inner-col{column-gap:var(--global-kb-gap-sm, 1rem);}.kadence-column1732_03bc62-f7 > .kt-inside-inner-col{flex-direction:column;}.kadence-column1732_03bc62-f7 > .kt-inside-inner-col > .aligncenter{width:100%;}.kadence-column1732_03bc62-f7 > .kt-inside-inner-col:before{opacity:0.3;}.kadence-column1732_03bc62-f7{position:relative;}@media all and (max-width: 1024px){.kadence-column1732_03bc62-f7 > .kt-inside-inner-col{flex-direction:column;justify-content:center;}}@media all and (max-width: 767px){.kadence-column1732_03bc62-f7 > .kt-inside-inner-col{flex-direction:column;justify-content:center;}}<\/style>\n<div class=\"wp-block-kadence-column kadence-column1732_03bc62-f7 inner-column-2\"><div class=\"kt-inside-inner-col\">\n<p>SUP  isn\u2019t offered on our <a href=\"https:\/\/pacuareoutdoorcenter.com\/experiences\/3-day-raft-zip\/\" data-type=\"page\" data-id=\"985\">3-Day Raft + Zip<\/a> but can be easily added to any custom itinerary trip.<\/p>\n<\/div><\/div>\n\n<\/div><\/div>\n\n<style>.kb-row-layout-id1732_a3909b-fa > .kt-row-column-wrap{align-content:start;}:where(.kb-row-layout-id1732_a3909b-fa > .kt-row-column-wrap) > .wp-block-kadence-column{justify-content:start;}.kb-row-layout-id1732_a3909b-fa > .kt-row-column-wrap{column-gap:var(--global-kb-gap-md, 2rem);row-gap:var(--global-kb-gap-md, 2rem);max-width:1140px;margin-left:auto;margin-right:auto;padding-top:40px;padding-bottom:0px;grid-template-columns:repeat(2, minmax(0, 1fr));}.kb-row-layout-id1732_a3909b-fa > .kt-row-layout-overlay{opacity:0.30;}@media all and (max-width: 1024px){.kb-row-layout-id1732_a3909b-fa > .kt-row-column-wrap{grid-template-columns:repeat(2, minmax(0, 1fr));}}@media all and (max-width: 767px){.kb-row-layout-id1732_a3909b-fa > .kt-row-column-wrap{grid-template-columns:minmax(0, 1fr);}}<\/style><div class=\"kb-row-layout-wrap kb-row-layout-id1732_a3909b-fa alignfull has-theme-palette9-background-color kt-row-has-bg wp-block-kadence-rowlayout\"><div class=\"kt-row-column-wrap kt-has-2-columns kt-row-layout-equal kt-tab-layout-inherit kt-mobile-layout-row kt-row-valign-top\">\n<style>.kadence-column1732_bed14e-05 > .kt-inside-inner-col,.kadence-column1732_bed14e-05 > .kt-inside-inner-col:before{border-top-left-radius:0px;border-top-right-radius:0px;border-bottom-right-radius:0px;border-bottom-left-radius:0px;}.kadence-column1732_bed14e-05 > .kt-inside-inner-col{column-gap:var(--global-kb-gap-sm, 1rem);}.kadence-column1732_bed14e-05 > .kt-inside-inner-col{flex-direction:column;}.kadence-column1732_bed14e-05 > .kt-inside-inner-col > .aligncenter{width:100%;}.kadence-column1732_bed14e-05 > .kt-inside-inner-col:before{opacity:0.3;}.kadence-column1732_bed14e-05{position:relative;}@media all and (max-width: 1024px){.kadence-column1732_bed14e-05 > .kt-inside-inner-col{flex-direction:column;justify-content:center;}}@media all and (max-width: 767px){.kadence-column1732_bed14e-05 > .kt-inside-inner-col{flex-direction:column;justify-content:center;}}<\/style>\n<div class=\"wp-block-kadence-column kadence-column1732_bed14e-05 inner-column-1\"><div class=\"kt-inside-inner-col\">\n<p>We have a variety of different SUP boards that can be used on our <a href=\"https:\/\/pacuareoutdoorcenter.com\/2023\/12\/22\/lake-angostura\/\" data-type=\"post\" data-id=\"30328\">local lake<\/a> or even on a short, mellow section of the <a href=\"https:\/\/pacuareoutdoorcenter.com\/2023\/11\/22\/praise-for-the-pejibaye-river\/\" data-type=\"post\" data-id=\"29487\">Pejibaye River.<\/a> For those looking for more thrills, we also offer SUPsurf lessons on the Caribbean side by special arrangement.<\/p>\n<\/div><\/div>\n\n\n<style>.kadence-column1732_adcf6a-f7 > .kt-inside-inner-col,.kadence-column1732_adcf6a-f7 > .kt-inside-inner-col:before{border-top-left-radius:0px;border-top-right-radius:0px;border-bottom-right-radius:0px;border-bottom-left-radius:0px;}.kadence-column1732_adcf6a-f7 > .kt-inside-inner-col{column-gap:var(--global-kb-gap-sm, 1rem);}.kadence-column1732_adcf6a-f7 > .kt-inside-inner-col{flex-direction:column;}.kadence-column1732_adcf6a-f7 > .kt-inside-inner-col > .aligncenter{width:100%;}.kadence-column1732_adcf6a-f7 > .kt-inside-inner-col:before{opacity:0.3;}.kadence-column1732_adcf6a-f7{position:relative;}@media all and (max-width: 1024px){.kadence-column1732_adcf6a-f7 > .kt-inside-inner-col{flex-direction:column;justify-content:center;}}@media all and (max-width: 767px){.kadence-column1732_adcf6a-f7 > .kt-inside-inner-col{flex-direction:column;justify-content:center;}}<\/style>\n<div class=\"wp-block-kadence-column kadence-column1732_adcf6a-f7 inner-column-2\"><div class=\"kt-inside-inner-col\"><style>.wp-block-kadence-advancedgallery .kb-gallery-type-masonry.kb-gallery-id-1732_534c88-e7{margin:-5px;}.kb-gallery-type-masonry.kb-gallery-id-1732_534c88-e7 .kadence-blocks-gallery-item{padding:5px;}.kb-gallery-id-1732_534c88-e7 .kadence-blocks-gallery-item .kb-gal-image-radius, .kb-gallery-id-1732_534c88-e7 .kb-slide-item .kb-gal-image-radius img{border-radius:0px 0px 0px 0px;;}<\/style><div class=\"kb-gallery-wrap-id-1732_534c88-e7 alignnone wp-block-kadence-advancedgallery\"><ul class=\"kb-gallery-ul kb-gallery-non-static kb-gallery-type-masonry kb-masonry-init kb-gallery-id-1732_534c88-e7 kb-gallery-caption-style-bottom-hover kb-gallery-filter-none kb-gallery-magnific-init\" data-image-filter=\"none\" data-item-selector=\".kadence-blocks-gallery-item\" data-lightbox-caption=\"true\" data-columns-xxl=\"3\" data-columns-xl=\"3\" data-columns-md=\"3\" data-columns-sm=\"2\" data-columns-xs=\"1\" data-columns-ss=\"1\"><li class=\"kadence-blocks-gallery-item\"><div class=\"kadence-blocks-gallery-item-inner\"><figure class=\"kb-gallery-figure kb-gallery-item-has-link kadence-blocks-gallery-item-hide-caption\"><a href=\"https:\/\/pacuareoutdoorcenter.com\/wp-content\/uploads\/2023\/01\/DSC_8951.jpg\" class=\"kb-gallery-item-link\"  ><div class=\"kb-gal-image-radius\" style=\"max-width:200px;\"><div class=\"kb-gallery-image-contain kadence-blocks-gallery-intrinsic\" style=\"padding-bottom:150%;\"><img loading=\"lazy\" decoding=\"async\" src=\"https:\/\/pacuareoutdoorcenter.com\/wp-content\/uploads\/2023\/01\/DSC_8951-200x300.jpg\" width=\"200\" height=\"300\" alt=\"\" data-full-image=\"https:\/\/pacuareoutdoorcenter.com\/wp-content\/uploads\/2023\/01\/DSC_8951.jpg\" data-light-image=\"https:\/\/pacuareoutdoorcenter.com\/wp-content\/uploads\/2023\/01\/DSC_8951.jpg\" data-id=\"1743\" class=\"wp-image-1743\" srcset=\"https:\/\/pacuareoutdoorcenter.com\/wp-content\/uploads\/2023\/01\/DSC_8951-200x300.jpg 200w, https:\/\/pacuareoutdoorcenter.com\/wp-content\/uploads\/2023\/01\/DSC_8951-683x1024.jpg 683w, https:\/\/pacuareoutdoorcenter.com\/wp-content\/uploads\/2023\/01\/DSC_8951-768x1152.jpg 768w, https:\/\/pacuareoutdoorcenter.com\/wp-content\/uploads\/2023\/01\/DSC_8951.jpg 800w\" sizes=\"auto, (max-width: 200px) 100vw, 200px\" \/><\/div><\/div><\/a><\/figure><\/div><\/li><li class=\"kadence-blocks-gallery-item\"><div class=\"kadence-blocks-gallery-item-inner\"><figure class=\"kb-gallery-figure kb-gallery-item-has-link kadence-blocks-gallery-item-hide-caption\"><a href=\"https:\/\/pacuareoutdoorcenter.com\/wp-content\/uploads\/2023\/01\/DSC_9044.jpg\" class=\"kb-gallery-item-link\"  ><div class=\"kb-gal-image-radius\" style=\"max-width:200px;\"><div class=\"kb-gallery-image-contain kadence-blocks-gallery-intrinsic\" style=\"padding-bottom:150%;\"><img loading=\"lazy\" decoding=\"async\" src=\"https:\/\/pacuareoutdoorcenter.com\/wp-content\/uploads\/2023\/01\/DSC_9044-200x300.jpg\" width=\"200\" height=\"300\" alt=\"\" data-full-image=\"https:\/\/pacuareoutdoorcenter.com\/wp-content\/uploads\/2023\/01\/DSC_9044.jpg\" data-light-image=\"https:\/\/pacuareoutdoorcenter.com\/wp-content\/uploads\/2023\/01\/DSC_9044.jpg\" data-id=\"1742\" class=\"wp-image-1742\" srcset=\"https:\/\/pacuareoutdoorcenter.com\/wp-content\/uploads\/2023\/01\/DSC_9044-200x300.jpg 200w, https:\/\/pacuareoutdoorcenter.com\/wp-content\/uploads\/2023\/01\/DSC_9044-683x1024.jpg 683w, https:\/\/pacuareoutdoorcenter.com\/wp-content\/uploads\/2023\/01\/DSC_9044-768x1152.jpg 768w, https:\/\/pacuareoutdoorcenter.com\/wp-content\/uploads\/2023\/01\/DSC_9044.jpg 800w\" sizes=\"auto, (max-width: 200px) 100vw, 200px\" \/><\/div><\/div><\/a><\/figure><\/div><\/li><li class=\"kadence-blocks-gallery-item\"><div class=\"kadence-blocks-gallery-item-inner\"><figure class=\"kb-gallery-figure kb-gallery-item-has-link kadence-blocks-gallery-item-hide-caption\"><a href=\"https:\/\/pacuareoutdoorcenter.com\/wp-content\/uploads\/2023\/01\/sup-header.webp\" class=\"kb-gallery-item-link\"  ><div class=\"kb-gal-image-radius\" style=\"max-width:300px;\"><div class=\"kb-gallery-image-contain kadence-blocks-gallery-intrinsic\" style=\"padding-bottom:66%;\"><img loading=\"lazy\" decoding=\"async\" src=\"https:\/\/pacuareoutdoorcenter.com\/wp-content\/uploads\/2023\/01\/sup-header-300x200.webp\" width=\"300\" height=\"200\" alt=\"\" data-full-image=\"https:\/\/pacuareoutdoorcenter.com\/wp-content\/uploads\/2023\/01\/sup-header.webp\" data-light-image=\"https:\/\/pacuareoutdoorcenter.com\/wp-content\/uploads\/2023\/01\/sup-header.webp\" data-id=\"1738\" class=\"wp-image-1738\" srcset=\"https:\/\/pacuareoutdoorcenter.com\/wp-content\/uploads\/2023\/01\/sup-header-300x200.webp 300w, https:\/\/pacuareoutdoorcenter.com\/wp-content\/uploads\/2023\/01\/sup-header-1024x683.webp 1024w, https:\/\/pacuareoutdoorcenter.com\/wp-content\/uploads\/2023\/01\/sup-header-768x512.webp 768w, https:\/\/pacuareoutdoorcenter.com\/wp-content\/uploads\/2023\/01\/sup-header.webp 1200w\" sizes=\"auto, (max-width: 300px) 100vw, 300px\" \/><\/div><\/div><\/a><\/figure><\/div><\/li><li class=\"kadence-blocks-gallery-item\"><div class=\"kadence-blocks-gallery-item-inner\"><figure class=\"kb-gallery-figure kb-gallery-item-has-link kadence-blocks-gallery-item-hide-caption\"><a href=\"https:\/\/pacuareoutdoorcenter.com\/wp-content\/uploads\/2023\/01\/DJI_0883.jpg\" class=\"kb-gallery-item-link\"  ><div class=\"kb-gal-image-radius\" style=\"max-width:300px;\"><div class=\"kb-gallery-image-contain kadence-blocks-gallery-intrinsic\" style=\"padding-bottom:56%;\"><img loading=\"lazy\" decoding=\"async\" src=\"https:\/\/pacuareoutdoorcenter.com\/wp-content\/uploads\/2023\/01\/DJI_0883-300x169.jpg\" width=\"300\" height=\"169\" alt=\"\" data-full-image=\"https:\/\/pacuareoutdoorcenter.com\/wp-content\/uploads\/2023\/01\/DJI_0883.jpg\" data-light-image=\"https:\/\/pacuareoutdoorcenter.com\/wp-content\/uploads\/2023\/01\/DJI_0883.jpg\" data-id=\"1739\" class=\"wp-image-1739\" srcset=\"https:\/\/pacuareoutdoorcenter.com\/wp-content\/uploads\/2023\/01\/DJI_0883-300x169.jpg 300w, https:\/\/pacuareoutdoorcenter.com\/wp-content\/uploads\/2023\/01\/DJI_0883-1024x575.jpg 1024w, https:\/\/pacuareoutdoorcenter.com\/wp-content\/uploads\/2023\/01\/DJI_0883-768x431.jpg 768w, https:\/\/pacuareoutdoorcenter.com\/wp-content\/uploads\/2023\/01\/DJI_0883.jpg 1200w\" sizes=\"auto, (max-width: 300px) 100vw, 300px\" \/><\/div><\/div><\/a><\/figure><\/div><\/li><li class=\"kadence-blocks-gallery-item\"><div class=\"kadence-blocks-gallery-item-inner\"><figure class=\"kb-gallery-figure kb-gallery-item-has-link kadence-blocks-gallery-item-hide-caption\"><a href=\"https:\/\/pacuareoutdoorcenter.com\/wp-content\/uploads\/2023\/01\/DSC_9133.jpg\" class=\"kb-gallery-item-link\"  ><div class=\"kb-gal-image-radius\" style=\"max-width:300px;\"><div class=\"kb-gallery-image-contain kadence-blocks-gallery-intrinsic\" style=\"padding-bottom:66%;\"><img loading=\"lazy\" decoding=\"async\" src=\"https:\/\/pacuareoutdoorcenter.com\/wp-content\/uploads\/2023\/01\/DSC_9133-300x200.jpg\" width=\"300\" height=\"200\" alt=\"\" data-full-image=\"https:\/\/pacuareoutdoorcenter.com\/wp-content\/uploads\/2023\/01\/DSC_9133.jpg\" data-light-image=\"https:\/\/pacuareoutdoorcenter.com\/wp-content\/uploads\/2023\/01\/DSC_9133.jpg\" data-id=\"1740\" class=\"wp-image-1740\" srcset=\"https:\/\/pacuareoutdoorcenter.com\/wp-content\/uploads\/2023\/01\/DSC_9133-300x200.jpg 300w, https:\/\/pacuareoutdoorcenter.com\/wp-content\/uploads\/2023\/01\/DSC_9133-1024x683.jpg 1024w, https:\/\/pacuareoutdoorcenter.com\/wp-content\/uploads\/2023\/01\/DSC_9133-768x512.jpg 768w, https:\/\/pacuareoutdoorcenter.com\/wp-content\/uploads\/2023\/01\/DSC_9133.jpg 1200w\" sizes=\"auto, (max-width: 300px) 100vw, 300px\" \/><\/div><\/div><\/a><\/figure><\/div><\/li><li class=\"kadence-blocks-gallery-item\"><div class=\"kadence-blocks-gallery-item-inner\"><figure class=\"kb-gallery-figure kb-gallery-item-has-link kadence-blocks-gallery-item-hide-caption\"><a href=\"https:\/\/pacuareoutdoorcenter.com\/wp-content\/uploads\/2023\/01\/DSC_9057.jpg\" class=\"kb-gallery-item-link\"  ><div class=\"kb-gal-image-radius\" style=\"max-width:300px;\"><div class=\"kb-gallery-image-contain kadence-blocks-gallery-intrinsic\" style=\"padding-bottom:66%;\"><img loading=\"lazy\" decoding=\"async\" src=\"https:\/\/pacuareoutdoorcenter.com\/wp-content\/uploads\/2023\/01\/DSC_9057-300x200.jpg\" width=\"300\" height=\"200\" alt=\"\" data-full-image=\"https:\/\/pacuareoutdoorcenter.com\/wp-content\/uploads\/2023\/01\/DSC_9057.jpg\" data-light-image=\"https:\/\/pacuareoutdoorcenter.com\/wp-content\/uploads\/2023\/01\/DSC_9057.jpg\" data-id=\"1741\" class=\"wp-image-1741\" srcset=\"https:\/\/pacuareoutdoorcenter.com\/wp-content\/uploads\/2023\/01\/DSC_9057-300x200.jpg 300w, https:\/\/pacuareoutdoorcenter.com\/wp-content\/uploads\/2023\/01\/DSC_9057-1024x683.jpg 1024w, https:\/\/pacuareoutdoorcenter.com\/wp-content\/uploads\/2023\/01\/DSC_9057-768x512.jpg 768w, https:\/\/pacuareoutdoorcenter.com\/wp-content\/uploads\/2023\/01\/DSC_9057.jpg 1200w\" sizes=\"auto, (max-width: 300px) 100vw, 300px\" \/><\/div><\/div><\/a><\/figure><\/div><\/li><\/ul><\/div><\/div><\/div>\n\n<\/div><\/div>\n\n\n\n","protected":false},"excerpt":{"rendered":"<p>Stand Up Paddleboard Aventures SUP en Costa Rica Rivi\u00e8re, lac ou oc\u00e9an Costa Rica Vacances SUP Le SUP n'est pas propos\u00e9 dans le cadre de notre Raft + Zip de 3 jours, mais il peut \u00eatre facilement ajout\u00e9 \u00e0 tout itin\u00e9raire personnalis\u00e9. Nous disposons d'une vari\u00e9t\u00e9 de planches de SUP qui peuvent \u00eatre utilis\u00e9es sur notre lac local ou m\u00eame sur un...<\/p>","protected":false},"author":1,"featured_media":1738,"parent":1292,"menu_order":0,"comment_status":"closed","ping_status":"closed","template":"","meta":{"_kad_blocks_custom_css":"","_kad_blocks_head_custom_js":"","_kad_blocks_body_custom_js":"","_kad_blocks_footer_custom_js":"","_kadence_starter_templates_imported_post":false,"_kad_post_transparent":"","_kad_post_title":"hide","_kad_post_layout":"fullwidth","_kad_post_sidebar_id":"","_kad_post_content_style":"unboxed","_kad_post_vertical_padding":"hide","_kad_post_feature":"hide","_kad_post_feature_position":"","_kad_post_header":false,"_kad_post_footer":false,"footnotes":""},"class_list":["post-1732","page","type-page","status-publish","has-post-thumbnail","hentry"],"taxonomy_info":[],"featured_image_src_large":["https:\/\/pacuareoutdoorcenter.com\/wp-content\/uploads\/2023\/01\/sup-header-1024x683.webp",1024,683,true],"author_info":{"display_name":"Matt","author_link":"https:\/\/pacuareoutdoorcenter.com\/fr\/author\/admin\/"},"comment_info":0,"_links":{"self":[{"href":"https:\/\/pacuareoutdoorcenter.com\/fr\/wp-json\/wp\/v2\/pages\/1732","targetHints":{"allow":["GET"]}}],"collection":[{"href":"https:\/\/pacuareoutdoorcenter.com\/fr\/wp-json\/wp\/v2\/pages"}],"about":[{"href":"https:\/\/pacuareoutdoorcenter.com\/fr\/wp-json\/wp\/v2\/types\/page"}],"author":[{"embeddable":true,"href":"https:\/\/pacuareoutdoorcenter.com\/fr\/wp-json\/wp\/v2\/users\/1"}],"replies":[{"embeddable":true,"href":"https:\/\/pacuareoutdoorcenter.com\/fr\/wp-json\/wp\/v2\/comments?post=1732"}],"version-history":[{"count":11,"href":"https:\/\/pacuareoutdoorcenter.com\/fr\/wp-json\/wp\/v2\/pages\/1732\/revisions"}],"predecessor-version":[{"id":32631,"href":"https:\/\/pacuareoutdoorcenter.com\/fr\/wp-json\/wp\/v2\/pages\/1732\/revisions\/32631"}],"up":[{"embeddable":true,"href":"https:\/\/pacuareoutdoorcenter.com\/fr\/wp-json\/wp\/v2\/pages\/1292"}],"wp:featuredmedia":[{"embeddable":true,"href":"https:\/\/pacuareoutdoorcenter.com\/fr\/wp-json\/wp\/v2\/media\/1738"}],"wp:attachment":[{"href":"https:\/\/pacuareoutdoorcenter.com\/fr\/wp-json\/wp\/v2\/media?parent=1732"}],"curies":[{"name":"wp","href":"https:\/\/api.w.org\/{rel}","templated":true}]}}