{"id":33165,"date":"2025-06-30T20:13:13","date_gmt":"2025-06-30T20:13:13","guid":{"rendered":"https:\/\/pacuareoutdoorcenter.com\/?page_id=33165"},"modified":"2025-06-30T20:17:36","modified_gmt":"2025-06-30T20:17:36","slug":"videos","status":"publish","type":"page","link":"https:\/\/pacuareoutdoorcenter.com\/es\/about-us\/videos\/","title":{"rendered":"V\u00eddeos"},"content":{"rendered":"<style>.kb-row-layout-wrap.wp-block-kadence-rowlayout.kb-row-layout-id33165_8e53a3-3c{margin-bottom:0px;}.kb-row-layout-id33165_8e53a3-3c > .kt-row-column-wrap{align-content:start;}:where(.kb-row-layout-id33165_8e53a3-3c > .kt-row-column-wrap) > .wp-block-kadence-column{justify-content:start;}.kb-row-layout-id33165_8e53a3-3c > .kt-row-column-wrap{column-gap:var(--global-kb-gap-md, 2rem);row-gap:var(--global-kb-gap-md, 2rem);max-width:var( --global-content-width, 1290px );padding-left:var(--global-content-edge-padding);padding-right:var(--global-content-edge-padding);padding-top:150px;padding-bottom:150px;grid-template-columns:minmax(0, 1fr);}.kb-row-layout-id33165_8e53a3-3c{background-image:url('https:\/\/pacuareoutdoorcenter.com\/wp-content\/uploads\/2025\/04\/packrafting-pejibaye-Person_kayaking_on_a_river.jpeg');background-size:cover;background-position:53% 71%;background-attachment:scroll;background-repeat:no-repeat;}.kb-row-layout-id33165_8e53a3-3c > .kt-row-layout-overlay{opacity:0.40;background-color:var(--global-palette3, #1A202C);}@media all and (max-width: 1024px){.kb-row-layout-id33165_8e53a3-3c > .kt-row-column-wrap{grid-template-columns:minmax(0, 1fr);}}@media all and (max-width: 767px){.kb-row-layout-id33165_8e53a3-3c > .kt-row-column-wrap{grid-template-columns:minmax(0, 1fr);}}<\/style><div class=\"kb-row-layout-wrap kb-row-layout-id33165_8e53a3-3c aligncenter kt-row-has-bg wp-block-kadence-rowlayout\"><div class=\"kt-row-layout-overlay kt-row-overlay-normal\"><\/div><div class=\"kt-row-column-wrap kt-has-1-columns kt-row-layout-equal kt-tab-layout-inherit kt-mobile-layout-row kt-row-valign-top kb-theme-content-width\">\n<style>.kadence-column33165_392b00-ce > .kt-inside-inner-col,.kadence-column33165_392b00-ce > .kt-inside-inner-col:before{border-top-left-radius:0px;border-top-right-radius:0px;border-bottom-right-radius:0px;border-bottom-left-radius:0px;}.kadence-column33165_392b00-ce > .kt-inside-inner-col{column-gap:var(--global-kb-gap-sm, 1rem);}.kadence-column33165_392b00-ce > .kt-inside-inner-col{flex-direction:column;}.kadence-column33165_392b00-ce > .kt-inside-inner-col > .aligncenter{width:100%;}.kadence-column33165_392b00-ce > .kt-inside-inner-col:before{opacity:0.3;}.kadence-column33165_392b00-ce{position:relative;}.kadence-column33165_392b00-ce, .kt-inside-inner-col > .kadence-column33165_392b00-ce:not(.specificity){margin-top:50px;}@media all and (max-width: 1024px){.kadence-column33165_392b00-ce > .kt-inside-inner-col{flex-direction:column;justify-content:center;}}@media all and (max-width: 767px){.kadence-column33165_392b00-ce > .kt-inside-inner-col{flex-direction:column;justify-content:center;}}<\/style>\n<div class=\"wp-block-kadence-column kadence-column33165_392b00-ce inner-column-1\"><div class=\"kt-inside-inner-col\"><style>.wp-block-kadence-advancedheading.kt-adv-heading33165_f4e497-0d, .wp-block-kadence-advancedheading.kt-adv-heading33165_f4e497-0d[data-kb-block=\"kb-adv-heading33165_f4e497-0d\"]{text-align:center;font-style:normal;}.wp-block-kadence-advancedheading.kt-adv-heading33165_f4e497-0d mark.kt-highlight, .wp-block-kadence-advancedheading.kt-adv-heading33165_f4e497-0d[data-kb-block=\"kb-adv-heading33165_f4e497-0d\"] mark.kt-highlight{font-style:normal;color:#f76a0c;-webkit-box-decoration-break:clone;box-decoration-break:clone;padding-top:0px;padding-right:0px;padding-bottom:0px;padding-left:0px;}@media all and (max-width: 767px){.wp-block-kadence-advancedheading.kt-adv-heading33165_f4e497-0d, .wp-block-kadence-advancedheading.kt-adv-heading33165_f4e497-0d[data-kb-block=\"kb-adv-heading33165_f4e497-0d\"]{font-size:42px;}}<\/style>\n<h1 class=\"kt-adv-heading33165_f4e497-0d wp-block-kadence-advancedheading has-theme-palette-9-color has-text-color\" data-kb-block=\"kb-adv-heading33165_f4e497-0d\">Videos<\/h1>\n\n\n<style>.wp-block-kadence-advancedheading.kt-adv-heading33165_d978e4-49, .wp-block-kadence-advancedheading.kt-adv-heading33165_d978e4-49[data-kb-block=\"kb-adv-heading33165_d978e4-49\"]{text-align:center;font-style:normal;}.wp-block-kadence-advancedheading.kt-adv-heading33165_d978e4-49 mark.kt-highlight, .wp-block-kadence-advancedheading.kt-adv-heading33165_d978e4-49[data-kb-block=\"kb-adv-heading33165_d978e4-49\"] mark.kt-highlight{font-style:normal;color:#f76a0c;-webkit-box-decoration-break:clone;box-decoration-break:clone;padding-top:0px;padding-right:0px;padding-bottom:0px;padding-left:0px;}<\/style>\n<p class=\"kt-adv-heading33165_d978e4-49 wp-block-kadence-advancedheading has-theme-palette-9-color has-text-color\" data-kb-block=\"kb-adv-heading33165_d978e4-49\">FAQ, how to pack, and more<\/p>\n\n\n<style>.wp-block-kadence-advancedbtn.kb-btns33165_01eee2-c0{gap:var(--global-kb-gap-xs, 0.5rem );justify-content:center;align-items:center;}.kt-btns33165_01eee2-c0 .kt-button{font-weight:normal;font-style:normal;}<\/style>\n<div class=\"wp-block-kadence-advancedbtn kb-buttons-wrap kb-btns33165_01eee2-c0\"><style>ul.menu .wp-block-kadence-advancedbtn .kb-btn33165_bcb6ad-c1.kb-button{width:initial;}<\/style><a class=\"kb-button kt-button button kb-btn33165_bcb6ad-c1 kt-btn-size-standard kt-btn-width-type-auto kb-btn-global-inherit kt-btn-has-text-true kt-btn-has-svg-true  wp-block-button__link wp-block-kadence-singlebtn\" href=\"#list\"><span class=\"kt-btn-inner-text\">View videos<\/span><span class=\"kb-svg-icon-wrap kb-svg-icon-fe_chevronRight kt-btn-icon-side-right\"><svg viewBox=\"0 0 24 24\"  fill=\"none\" stroke=\"currentColor\" stroke-width=\"2\" stroke-linecap=\"round\" stroke-linejoin=\"round\" xmlns=\"http:\/\/www.w3.org\/2000\/svg\"  aria-hidden=\"true\"><polyline points=\"9 18 15 12 9 6\"\/><\/svg><\/span><\/a><\/div>\n<\/div><\/div>\n\n<\/div><\/div>\n\n<style>.kb-row-layout-id33165_98569e-aa > .kt-row-column-wrap{align-content:start;}:where(.kb-row-layout-id33165_98569e-aa > .kt-row-column-wrap) > .wp-block-kadence-column{justify-content:start;}.kb-row-layout-id33165_98569e-aa > .kt-row-column-wrap{column-gap:80px;row-gap:var(--global-kb-gap-md, 2rem);max-width:var( --global-content-width, 1290px );padding-left:var(--global-content-edge-padding);padding-right:var(--global-content-edge-padding);padding-top:80px;padding-bottom:80px;grid-template-columns:repeat(2, minmax(0, 1fr));}.kb-row-layout-id33165_98569e-aa > .kt-row-layout-overlay{opacity:0.85;background-image:url('https:\/\/kernrafting.com\/wp-content\/uploads\/2021\/09\/texture.png');background-size:auto;background-position:center center;background-attachment:scroll;background-repeat:repeat;mix-blend-mode:overlay;}@media all and (max-width: 1024px){.kb-row-layout-id33165_98569e-aa > .kt-row-column-wrap{grid-template-columns:repeat(2, minmax(0, 1fr));}}@media all and (max-width: 767px){.kb-row-layout-id33165_98569e-aa > .kt-row-column-wrap{grid-template-columns:minmax(0, 1fr);}}<\/style><div class=\"kb-row-layout-wrap kb-row-layout-id33165_98569e-aa alignnone has-theme-palette8-background-color kt-row-has-bg wp-block-kadence-rowlayout\"><div class=\"kt-row-layout-overlay kt-row-overlay-normal\"><\/div><div class=\"kt-row-column-wrap kt-has-2-columns kt-row-layout-equal kt-tab-layout-inherit kt-mobile-layout-row kt-row-valign-top kb-theme-content-width\">\n<style>.kadence-column33165_ed47c1-48 > .kt-inside-inner-col,.kadence-column33165_ed47c1-48 > .kt-inside-inner-col:before{border-top-left-radius:0px;border-top-right-radius:0px;border-bottom-right-radius:0px;border-bottom-left-radius:0px;}.kadence-column33165_ed47c1-48 > .kt-inside-inner-col{column-gap:var(--global-kb-gap-sm, 1rem);}.kadence-column33165_ed47c1-48 > .kt-inside-inner-col{flex-direction:column;}.kadence-column33165_ed47c1-48 > .kt-inside-inner-col > .aligncenter{width:100%;}.kadence-column33165_ed47c1-48 > .kt-inside-inner-col:before{opacity:0.3;}.kadence-column33165_ed47c1-48{position:relative;}@media all and (max-width: 1024px){.kadence-column33165_ed47c1-48 > .kt-inside-inner-col{flex-direction:column;justify-content:center;}}@media all and (max-width: 767px){.kadence-column33165_ed47c1-48 > .kt-inside-inner-col{flex-direction:column;justify-content:center;}}<\/style>\n<div class=\"wp-block-kadence-column kadence-column33165_ed47c1-48 inner-column-1\"><div class=\"kt-inside-inner-col\"><style>.wp-block-kadence-advancedheading.kt-adv-heading33165_f081fc-c2, .wp-block-kadence-advancedheading.kt-adv-heading33165_f081fc-c2[data-kb-block=\"kb-adv-heading33165_f081fc-c2\"]{font-style:normal;}.wp-block-kadence-advancedheading.kt-adv-heading33165_f081fc-c2 mark.kt-highlight, .wp-block-kadence-advancedheading.kt-adv-heading33165_f081fc-c2[data-kb-block=\"kb-adv-heading33165_f081fc-c2\"] mark.kt-highlight{font-style:normal;color:#f76a0c;-webkit-box-decoration-break:clone;box-decoration-break:clone;padding-top:0px;padding-right:0px;padding-bottom:0px;padding-left:0px;}<\/style>\n<h6 class=\"kt-adv-heading33165_f081fc-c2 wp-block-kadence-advancedheading has-theme-palette-1-color has-text-color\" data-kb-block=\"kb-adv-heading33165_f081fc-c2\">FAQ Videos<\/h6>\n\n\n<style>.wp-block-kadence-advancedheading.kt-adv-heading33165_2b0e2b-91, .wp-block-kadence-advancedheading.kt-adv-heading33165_2b0e2b-91[data-kb-block=\"kb-adv-heading33165_2b0e2b-91\"]{font-style:normal;}.wp-block-kadence-advancedheading.kt-adv-heading33165_2b0e2b-91 mark.kt-highlight, .wp-block-kadence-advancedheading.kt-adv-heading33165_2b0e2b-91[data-kb-block=\"kb-adv-heading33165_2b0e2b-91\"] mark.kt-highlight{font-style:normal;color:#f76a0c;-webkit-box-decoration-break:clone;box-decoration-break:clone;padding-top:0px;padding-right:0px;padding-bottom:0px;padding-left:0px;}@media all and (max-width: 767px){.wp-block-kadence-advancedheading.kt-adv-heading33165_2b0e2b-91, .wp-block-kadence-advancedheading.kt-adv-heading33165_2b0e2b-91[data-kb-block=\"kb-adv-heading33165_2b0e2b-91\"]{font-size:36px;}}<\/style>\n<h2 class=\"kt-adv-heading33165_2b0e2b-91 wp-block-kadence-advancedheading has-theme-palette-4-color has-text-color\" data-kb-block=\"kb-adv-heading33165_2b0e2b-91\">Videos<\/h2>\n<\/div><\/div>\n\n\n<style>.kadence-column33165_246824-b8 > .kt-inside-inner-col,.kadence-column33165_246824-b8 > .kt-inside-inner-col:before{border-top-left-radius:0px;border-top-right-radius:0px;border-bottom-right-radius:0px;border-bottom-left-radius:0px;}.kadence-column33165_246824-b8 > .kt-inside-inner-col{column-gap:var(--global-kb-gap-sm, 1rem);}.kadence-column33165_246824-b8 > .kt-inside-inner-col{flex-direction:column;}.kadence-column33165_246824-b8 > .kt-inside-inner-col > .aligncenter{width:100%;}.kadence-column33165_246824-b8 > .kt-inside-inner-col:before{opacity:0.3;}.kadence-column33165_246824-b8{position:relative;}@media all and (max-width: 1024px){.kadence-column33165_246824-b8 > .kt-inside-inner-col{flex-direction:column;justify-content:center;}}@media all and (max-width: 767px){.kadence-column33165_246824-b8 > .kt-inside-inner-col{flex-direction:column;justify-content:center;}}<\/style>\n<div class=\"wp-block-kadence-column kadence-column33165_246824-b8 inner-column-2\"><div class=\"kt-inside-inner-col\"><style>.wp-block-kadence-advancedheading.kt-adv-heading33165_47260c-83, .wp-block-kadence-advancedheading.kt-adv-heading33165_47260c-83[data-kb-block=\"kb-adv-heading33165_47260c-83\"]{font-style:normal;}.wp-block-kadence-advancedheading.kt-adv-heading33165_47260c-83 mark.kt-highlight, .wp-block-kadence-advancedheading.kt-adv-heading33165_47260c-83[data-kb-block=\"kb-adv-heading33165_47260c-83\"] mark.kt-highlight{font-style:normal;color:#f76a0c;-webkit-box-decoration-break:clone;box-decoration-break:clone;padding-top:0px;padding-right:0px;padding-bottom:0px;padding-left:0px;}<\/style>\n<p class=\"kt-adv-heading33165_47260c-83 wp-block-kadence-advancedheading has-theme-palette-3-color has-text-color\" data-kb-block=\"kb-adv-heading33165_47260c-83\">Our video series covers FAQS, how to pack, as well as our safety briefings.<\/p>\n<\/div><\/div>\n\n<\/div><\/div>\n\n<style>.kb-row-layout-id33165_cdedbd-39 > .kt-row-column-wrap{align-content:start;}:where(.kb-row-layout-id33165_cdedbd-39 > .kt-row-column-wrap) > .wp-block-kadence-column{justify-content:start;}.kb-row-layout-id33165_cdedbd-39 > .kt-row-column-wrap{column-gap:var(--global-kb-gap-md, 2rem);row-gap:var(--global-kb-gap-md, 2rem);max-width:var( --global-content-width, 1290px );padding-left:var(--global-content-edge-padding);padding-right:var(--global-content-edge-padding);padding-top:var(--global-kb-spacing-sm, 1.5rem);padding-bottom:var(--global-kb-spacing-xl, 4rem);grid-template-columns:repeat(2, minmax(0, 1fr));}.kb-row-layout-id33165_cdedbd-39 > .kt-row-layout-overlay{opacity:0.30;}@media all and (max-width: 1024px){.kb-row-layout-id33165_cdedbd-39 > .kt-row-column-wrap{grid-template-columns:repeat(2, minmax(0, 1fr));}}@media all and (max-width: 767px){.kb-row-layout-id33165_cdedbd-39 > .kt-row-column-wrap{grid-template-columns:minmax(0, 1fr);}}<\/style><div class=\"kb-row-layout-wrap kb-row-layout-id33165_cdedbd-39 alignnone wp-embed-aspect-16-9 wp-has-aspect-ratio wp-block-kadence-rowlayout\"><div class=\"kt-row-column-wrap kt-has-2-columns kt-row-layout-equal kt-tab-layout-inherit kt-mobile-layout-row kt-row-valign-top kb-theme-content-width\">\n<style>.kadence-column33165_cb0f06-b4 > .kt-inside-inner-col,.kadence-column33165_cb0f06-b4 > .kt-inside-inner-col:before{border-top-left-radius:0px;border-top-right-radius:0px;border-bottom-right-radius:0px;border-bottom-left-radius:0px;}.kadence-column33165_cb0f06-b4 > .kt-inside-inner-col{column-gap:var(--global-kb-gap-sm, 1rem);}.kadence-column33165_cb0f06-b4 > .kt-inside-inner-col{flex-direction:column;}.kadence-column33165_cb0f06-b4 > .kt-inside-inner-col > .aligncenter{width:100%;}.kadence-column33165_cb0f06-b4 > .kt-inside-inner-col:before{opacity:0.3;}.kadence-column33165_cb0f06-b4{position:relative;}@media all and (max-width: 1024px){.kadence-column33165_cb0f06-b4 > .kt-inside-inner-col{flex-direction:column;justify-content:center;}}@media all and (max-width: 767px){.kadence-column33165_cb0f06-b4 > .kt-inside-inner-col{flex-direction:column;justify-content:center;}}<\/style>\n<div class=\"wp-block-kadence-column kadence-column33165_cb0f06-b4 inner-column-1\"><div class=\"kt-inside-inner-col\">\n<p class=\"has-medium-font-size\" id=\"list\"><strong>How to pack<\/strong><\/p>\n\n\n\n<figure class=\"wp-block-embed is-type-video is-provider-youtube wp-block-embed-youtube wp-embed-aspect-16-9 wp-has-aspect-ratio\"><div class=\"wp-block-embed__wrapper\">\n<iframe loading=\"lazy\" title=\"Pacuare Outdoor Center FAQ Part 2\" width=\"720\" height=\"405\" src=\"https:\/\/www.youtube.com\/embed\/DqTm7OlkaGY?feature=oembed\" frameborder=\"0\" allow=\"accelerometer; autoplay; clipboard-write; encrypted-media; gyroscope; picture-in-picture; web-share\" referrerpolicy=\"strict-origin-when-cross-origin\" allowfullscreen><\/iframe>\n<\/div><\/figure>\n<\/div><\/div>\n\n\n<style>.kadence-column33165_957f1b-86 > .kt-inside-inner-col,.kadence-column33165_957f1b-86 > .kt-inside-inner-col:before{border-top-left-radius:0px;border-top-right-radius:0px;border-bottom-right-radius:0px;border-bottom-left-radius:0px;}.kadence-column33165_957f1b-86 > .kt-inside-inner-col{column-gap:var(--global-kb-gap-sm, 1rem);}.kadence-column33165_957f1b-86 > .kt-inside-inner-col{flex-direction:column;}.kadence-column33165_957f1b-86 > .kt-inside-inner-col > .aligncenter{width:100%;}.kadence-column33165_957f1b-86 > .kt-inside-inner-col:before{opacity:0.3;}.kadence-column33165_957f1b-86{position:relative;}@media all and (max-width: 1024px){.kadence-column33165_957f1b-86 > .kt-inside-inner-col{flex-direction:column;justify-content:center;}}@media all and (max-width: 767px){.kadence-column33165_957f1b-86 > .kt-inside-inner-col{flex-direction:column;justify-content:center;}}<\/style>\n<div class=\"wp-block-kadence-column kadence-column33165_957f1b-86 inner-column-1\"><div class=\"kt-inside-inner-col\">\n<p class=\"has-medium-font-size\"><strong>FAQs<\/strong><\/p>\n\n\n\n<figure class=\"wp-block-embed is-type-video is-provider-youtube wp-block-embed-youtube wp-embed-aspect-16-9 wp-has-aspect-ratio\"><div class=\"wp-block-embed__wrapper\">\n<iframe loading=\"lazy\" title=\"Pacuare Outdoor Center FAQ Part 1\" width=\"720\" height=\"405\" src=\"https:\/\/www.youtube.com\/embed\/Z_w-xo-0rAI?feature=oembed\" frameborder=\"0\" allow=\"accelerometer; autoplay; clipboard-write; encrypted-media; gyroscope; picture-in-picture; web-share\" referrerpolicy=\"strict-origin-when-cross-origin\" allowfullscreen><\/iframe>\n<\/div><\/figure>\n<\/div><\/div>\n\n\n<style>.kadence-column33165_b3357a-fa > .kt-inside-inner-col,.kadence-column33165_b3357a-fa > .kt-inside-inner-col:before{border-top-left-radius:0px;border-top-right-radius:0px;border-bottom-right-radius:0px;border-bottom-left-radius:0px;}.kadence-column33165_b3357a-fa > .kt-inside-inner-col{column-gap:var(--global-kb-gap-sm, 1rem);}.kadence-column33165_b3357a-fa > .kt-inside-inner-col{flex-direction:column;}.kadence-column33165_b3357a-fa > .kt-inside-inner-col > .aligncenter{width:100%;}.kadence-column33165_b3357a-fa > .kt-inside-inner-col:before{opacity:0.3;}.kadence-column33165_b3357a-fa{position:relative;}@media all and (max-width: 1024px){.kadence-column33165_b3357a-fa > .kt-inside-inner-col{flex-direction:column;justify-content:center;}}@media all and (max-width: 767px){.kadence-column33165_b3357a-fa > .kt-inside-inner-col{flex-direction:column;justify-content:center;}}<\/style>\n<div class=\"wp-block-kadence-column kadence-column33165_b3357a-fa inner-column-1\"><div class=\"kt-inside-inner-col\">\n<p class=\"has-medium-font-size\"><strong>Canopy Safety Talk<\/strong><\/p>\n\n\n\n<figure class=\"wp-block-embed is-type-video is-provider-youtube wp-block-embed-youtube wp-embed-aspect-16-9 wp-has-aspect-ratio\"><div class=\"wp-block-embed__wrapper\">\n<iframe loading=\"lazy\" title=\"Pacuare Outdoor Center Canopy Safety Talk\" width=\"720\" height=\"405\" src=\"https:\/\/www.youtube.com\/embed\/eCnFrTRwABY?feature=oembed\" frameborder=\"0\" allow=\"accelerometer; autoplay; clipboard-write; encrypted-media; gyroscope; picture-in-picture; web-share\" referrerpolicy=\"strict-origin-when-cross-origin\" allowfullscreen><\/iframe>\n<\/div><\/figure>\n<\/div><\/div>\n\n\n<style>.kadence-column33165_9d8234-0e > .kt-inside-inner-col,.kadence-column33165_9d8234-0e > .kt-inside-inner-col:before{border-top-left-radius:0px;border-top-right-radius:0px;border-bottom-right-radius:0px;border-bottom-left-radius:0px;}.kadence-column33165_9d8234-0e > .kt-inside-inner-col{column-gap:var(--global-kb-gap-sm, 1rem);}.kadence-column33165_9d8234-0e > .kt-inside-inner-col{flex-direction:column;}.kadence-column33165_9d8234-0e > .kt-inside-inner-col > .aligncenter{width:100%;}.kadence-column33165_9d8234-0e > .kt-inside-inner-col:before{opacity:0.3;}.kadence-column33165_9d8234-0e{position:relative;}@media all and (max-width: 1024px){.kadence-column33165_9d8234-0e > .kt-inside-inner-col{flex-direction:column;justify-content:center;}}@media all and (max-width: 767px){.kadence-column33165_9d8234-0e > .kt-inside-inner-col{flex-direction:column;justify-content:center;}}<\/style>\n<div class=\"wp-block-kadence-column kadence-column33165_9d8234-0e inner-column-1\"><div class=\"kt-inside-inner-col\">\n<p class=\"has-medium-font-size\"><strong>Canopy Safety Talk<\/strong><\/p>\n\n\n\n<figure class=\"wp-block-embed is-type-video is-provider-youtube wp-block-embed-youtube wp-embed-aspect-16-9 wp-has-aspect-ratio\"><div class=\"wp-block-embed__wrapper\">\n<iframe loading=\"lazy\" title=\"Paddling and River Safety Talk - Pacuare Outdoor Center\" width=\"720\" height=\"405\" src=\"https:\/\/www.youtube.com\/embed\/rImz2q9wXJI?feature=oembed\" frameborder=\"0\" allow=\"accelerometer; autoplay; clipboard-write; encrypted-media; gyroscope; picture-in-picture; web-share\" referrerpolicy=\"strict-origin-when-cross-origin\" allowfullscreen><\/iframe>\n<\/div><\/figure>\n<\/div><\/div>\n\n\n<style>.kadence-column33165_9f55e0-02 > .kt-inside-inner-col,.kadence-column33165_9f55e0-02 > .kt-inside-inner-col:before{border-top-left-radius:0px;border-top-right-radius:0px;border-bottom-right-radius:0px;border-bottom-left-radius:0px;}.kadence-column33165_9f55e0-02 > .kt-inside-inner-col{column-gap:var(--global-kb-gap-sm, 1rem);}.kadence-column33165_9f55e0-02 > .kt-inside-inner-col{flex-direction:column;}.kadence-column33165_9f55e0-02 > .kt-inside-inner-col > .aligncenter{width:100%;}.kadence-column33165_9f55e0-02 > .kt-inside-inner-col:before{opacity:0.3;}.kadence-column33165_9f55e0-02{position:relative;}@media all and (max-width: 1024px){.kadence-column33165_9f55e0-02 > .kt-inside-inner-col{flex-direction:column;justify-content:center;}}@media all and (max-width: 767px){.kadence-column33165_9f55e0-02 > .kt-inside-inner-col{flex-direction:column;justify-content:center;}}<\/style>\n<div class=\"wp-block-kadence-column kadence-column33165_9f55e0-02 inner-column-1\"><div class=\"kt-inside-inner-col\">\n<p class=\"has-medium-font-size\"><strong>Nature Walk with Eric<\/strong><\/p>\n\n\n\n<figure class=\"wp-block-embed is-type-video is-provider-youtube wp-block-embed-youtube wp-embed-aspect-16-9 wp-has-aspect-ratio\"><div class=\"wp-block-embed__wrapper\">\n<iframe loading=\"lazy\" title=\"Nature walk with Eric at Rio Vista Lodge\" width=\"720\" height=\"405\" src=\"https:\/\/www.youtube.com\/embed\/w2nnrJkh8bI?feature=oembed\" frameborder=\"0\" allow=\"accelerometer; autoplay; clipboard-write; encrypted-media; gyroscope; picture-in-picture; web-share\" referrerpolicy=\"strict-origin-when-cross-origin\" allowfullscreen><\/iframe>\n<\/div><\/figure>\n<\/div><\/div>\n\n<\/div><\/div>","protected":false},"excerpt":{"rendered":"<p>V\u00eddeos Preguntas frecuentes, c\u00f3mo hacer la maleta y mucho m\u00e1s Preguntas frecuentes V\u00eddeos V\u00eddeos Nuestra serie de v\u00eddeos incluye preguntas frecuentes, c\u00f3mo hacer la maleta y sesiones informativas sobre seguridad. C\u00f3mo hacer la maleta Preguntas frecuentes Charla sobre seguridad en las copas de los \u00e1rboles Charla sobre seguridad en las copas de los \u00e1rboles Paseo por la naturaleza con Eric<\/p>","protected":false},"author":1,"featured_media":0,"parent":1170,"menu_order":0,"comment_status":"closed","ping_status":"closed","template":"","meta":{"_kad_blocks_custom_css":"","_kad_blocks_head_custom_js":"","_kad_blocks_body_custom_js":"","_kad_blocks_footer_custom_js":"","_kadence_starter_templates_imported_post":false,"_kad_post_transparent":"enable","_kad_post_title":"hide","_kad_post_layout":"fullwidth","_kad_post_sidebar_id":"","_kad_post_content_style":"unboxed","_kad_post_vertical_padding":"hide","_kad_post_feature":"","_kad_post_feature_position":"","_kad_post_header":false,"_kad_post_footer":false,"footnotes":""},"class_list":["post-33165","page","type-page","status-publish","hentry"],"taxonomy_info":[],"featured_image_src_large":false,"author_info":{"display_name":"Matt","author_link":"https:\/\/pacuareoutdoorcenter.com\/es\/author\/admin\/"},"comment_info":0,"_links":{"self":[{"href":"https:\/\/pacuareoutdoorcenter.com\/es\/wp-json\/wp\/v2\/pages\/33165","targetHints":{"allow":["GET"]}}],"collection":[{"href":"https:\/\/pacuareoutdoorcenter.com\/es\/wp-json\/wp\/v2\/pages"}],"about":[{"href":"https:\/\/pacuareoutdoorcenter.com\/es\/wp-json\/wp\/v2\/types\/page"}],"author":[{"embeddable":true,"href":"https:\/\/pacuareoutdoorcenter.com\/es\/wp-json\/wp\/v2\/users\/1"}],"replies":[{"embeddable":true,"href":"https:\/\/pacuareoutdoorcenter.com\/es\/wp-json\/wp\/v2\/comments?post=33165"}],"version-history":[{"count":7,"href":"https:\/\/pacuareoutdoorcenter.com\/es\/wp-json\/wp\/v2\/pages\/33165\/revisions"}],"predecessor-version":[{"id":33179,"href":"https:\/\/pacuareoutdoorcenter.com\/es\/wp-json\/wp\/v2\/pages\/33165\/revisions\/33179"}],"up":[{"embeddable":true,"href":"https:\/\/pacuareoutdoorcenter.com\/es\/wp-json\/wp\/v2\/pages\/1170"}],"wp:attachment":[{"href":"https:\/\/pacuareoutdoorcenter.com\/es\/wp-json\/wp\/v2\/media?parent=33165"}],"curies":[{"name":"wp","href":"https:\/\/api.w.org\/{rel}","templated":true}]}}