{"id":31283,"date":"2024-05-10T00:17:59","date_gmt":"2024-05-10T00:17:59","guid":{"rendered":"https:\/\/pacuareoutdoorcenter.com\/?page_id=31283"},"modified":"2025-02-03T21:19:04","modified_gmt":"2025-02-03T21:19:04","slug":"sitio-mata-homestays","status":"publish","type":"page","link":"https:\/\/pacuareoutdoorcenter.com\/es\/accommodations\/sitio-mata-homestays\/","title":{"rendered":"Casa de familia en Sitio Mata"},"content":{"rendered":"<style>.kb-row-layout-wrap.wp-block-kadence-rowlayout.kb-row-layout-id31283_fd4bb7-0b{margin-bottom:0px;}.kb-row-layout-id31283_fd4bb7-0b > .kt-row-column-wrap{align-content:start;}:where(.kb-row-layout-id31283_fd4bb7-0b > .kt-row-column-wrap) > .wp-block-kadence-column{justify-content:start;}.kb-row-layout-id31283_fd4bb7-0b > .kt-row-column-wrap{column-gap:var(--global-kb-gap-md, 2rem);row-gap:var(--global-kb-gap-md, 2rem);max-width:var( --global-content-width, 1290px );padding-left:var(--global-content-edge-padding);padding-right:var(--global-content-edge-padding);padding-top:150px;padding-bottom:150px;grid-template-columns:minmax(0, 1fr);}.kb-row-layout-id31283_fd4bb7-0b{background-image:url('https:\/\/pacuareoutdoorcenter.com\/wp-content\/uploads\/2024\/04\/blog-header.jpeg');background-size:cover;background-position:44% 66%;background-attachment:scroll;background-repeat:no-repeat;}.kb-row-layout-id31283_fd4bb7-0b > .kt-row-layout-overlay{opacity:0.60;background-color:var(--global-palette3, #1A202C);}@media all and (max-width: 1024px){.kb-row-layout-id31283_fd4bb7-0b > .kt-row-column-wrap{grid-template-columns:minmax(0, 1fr);}}@media all and (max-width: 767px){.kb-row-layout-id31283_fd4bb7-0b > .kt-row-column-wrap{grid-template-columns:minmax(0, 1fr);}}<\/style><div class=\"kb-row-layout-wrap kb-row-layout-id31283_fd4bb7-0b aligncenter kt-row-has-bg wp-block-kadence-rowlayout\"><div class=\"kt-row-layout-overlay kt-row-overlay-normal\"><\/div><div class=\"kt-row-column-wrap kt-has-1-columns kt-row-layout-equal kt-tab-layout-inherit kt-mobile-layout-row kt-row-valign-top kb-theme-content-width\">\n<style>.kadence-column31283_490b2a-80 > .kt-inside-inner-col,.kadence-column31283_490b2a-80 > .kt-inside-inner-col:before{border-top-left-radius:0px;border-top-right-radius:0px;border-bottom-right-radius:0px;border-bottom-left-radius:0px;}.kadence-column31283_490b2a-80 > .kt-inside-inner-col{column-gap:var(--global-kb-gap-sm, 1rem);}.kadence-column31283_490b2a-80 > .kt-inside-inner-col{flex-direction:column;}.kadence-column31283_490b2a-80 > .kt-inside-inner-col > .aligncenter{width:100%;}.kadence-column31283_490b2a-80 > .kt-inside-inner-col:before{opacity:0.3;}.kadence-column31283_490b2a-80{position:relative;}.kadence-column31283_490b2a-80, .kt-inside-inner-col > .kadence-column31283_490b2a-80:not(.specificity){margin-top:50px;}@media all and (max-width: 1024px){.kadence-column31283_490b2a-80 > .kt-inside-inner-col{flex-direction:column;justify-content:center;}}@media all and (max-width: 767px){.kadence-column31283_490b2a-80 > .kt-inside-inner-col{flex-direction:column;justify-content:center;}}<\/style>\n<div class=\"wp-block-kadence-column kadence-column31283_490b2a-80 inner-column-1\"><div class=\"kt-inside-inner-col\"><style>.wp-block-kadence-advancedheading.kt-adv-heading31283_fd4e01-44, .wp-block-kadence-advancedheading.kt-adv-heading31283_fd4e01-44[data-kb-block=\"kb-adv-heading31283_fd4e01-44\"]{text-align:center;font-style:normal;}.wp-block-kadence-advancedheading.kt-adv-heading31283_fd4e01-44 mark.kt-highlight, .wp-block-kadence-advancedheading.kt-adv-heading31283_fd4e01-44[data-kb-block=\"kb-adv-heading31283_fd4e01-44\"] mark.kt-highlight{font-style:normal;color:#f76a0c;-webkit-box-decoration-break:clone;box-decoration-break:clone;padding-top:0px;padding-right:0px;padding-bottom:0px;padding-left:0px;}@media all and (max-width: 767px){.wp-block-kadence-advancedheading.kt-adv-heading31283_fd4e01-44, .wp-block-kadence-advancedheading.kt-adv-heading31283_fd4e01-44[data-kb-block=\"kb-adv-heading31283_fd4e01-44\"]{font-size:42px;}}<\/style>\n<h1 class=\"kt-adv-heading31283_fd4e01-44 wp-block-kadence-advancedheading has-theme-palette-9-color has-text-color\" data-kb-block=\"kb-adv-heading31283_fd4e01-44\">Sitio Mata Homestay Project<\/h1>\n\n\n<style>.wp-block-kadence-advancedheading.kt-adv-heading31283_242285-6b, .wp-block-kadence-advancedheading.kt-adv-heading31283_242285-6b[data-kb-block=\"kb-adv-heading31283_242285-6b\"]{text-align:center;font-style:normal;}.wp-block-kadence-advancedheading.kt-adv-heading31283_242285-6b mark.kt-highlight, .wp-block-kadence-advancedheading.kt-adv-heading31283_242285-6b[data-kb-block=\"kb-adv-heading31283_242285-6b\"] mark.kt-highlight{font-style:normal;color:#f76a0c;-webkit-box-decoration-break:clone;box-decoration-break:clone;padding-top:0px;padding-right:0px;padding-bottom:0px;padding-left:0px;}<\/style>\n<p class=\"kt-adv-heading31283_242285-6b wp-block-kadence-advancedheading has-theme-palette-9-color has-text-color\" data-kb-block=\"kb-adv-heading31283_242285-6b\">Authentic, Costa Rican immersion<\/p>\n<\/div><\/div>\n\n<\/div><\/div>\n\n<style>.kb-row-layout-id31283_fa856e-53 > .kt-row-column-wrap{align-content:start;}:where(.kb-row-layout-id31283_fa856e-53 > .kt-row-column-wrap) > .wp-block-kadence-column{justify-content:start;}.kb-row-layout-id31283_fa856e-53 > .kt-row-column-wrap{column-gap:80px;row-gap:var(--global-kb-gap-md, 2rem);max-width:var( --global-content-width, 1290px );padding-left:var(--global-content-edge-padding);padding-right:var(--global-content-edge-padding);padding-top:80px;padding-bottom:40px;grid-template-columns:repeat(2, minmax(0, 1fr));}.kb-row-layout-id31283_fa856e-53 > .kt-row-layout-overlay{opacity:0.85;background-image:url('https:\/\/kernrafting.com\/wp-content\/uploads\/2021\/09\/texture.png');background-size:auto;background-position:center center;background-attachment:scroll;background-repeat:repeat;mix-blend-mode:overlay;}@media all and (max-width: 1024px){.kb-row-layout-id31283_fa856e-53 > .kt-row-column-wrap{grid-template-columns:repeat(2, minmax(0, 1fr));}}@media all and (max-width: 767px){.kb-row-layout-id31283_fa856e-53 > .kt-row-column-wrap{grid-template-columns:minmax(0, 1fr);}}<\/style><div class=\"kb-row-layout-wrap kb-row-layout-id31283_fa856e-53 alignnone has-theme-palette8-background-color kt-row-has-bg wp-block-kadence-rowlayout\"><div class=\"kt-row-layout-overlay kt-row-overlay-normal\"><\/div><div class=\"kt-row-column-wrap kt-has-2-columns kt-row-layout-equal kt-tab-layout-inherit kt-mobile-layout-row kt-row-valign-top kb-theme-content-width\">\n<style>.kadence-column31283_735209-37 > .kt-inside-inner-col,.kadence-column31283_735209-37 > .kt-inside-inner-col:before{border-top-left-radius:0px;border-top-right-radius:0px;border-bottom-right-radius:0px;border-bottom-left-radius:0px;}.kadence-column31283_735209-37 > .kt-inside-inner-col{column-gap:var(--global-kb-gap-sm, 1rem);}.kadence-column31283_735209-37 > .kt-inside-inner-col{flex-direction:column;}.kadence-column31283_735209-37 > .kt-inside-inner-col > .aligncenter{width:100%;}.kadence-column31283_735209-37 > .kt-inside-inner-col:before{opacity:0.3;}.kadence-column31283_735209-37{position:relative;}@media all and (max-width: 1024px){.kadence-column31283_735209-37 > .kt-inside-inner-col{flex-direction:column;justify-content:center;}}@media all and (max-width: 767px){.kadence-column31283_735209-37 > .kt-inside-inner-col{flex-direction:column;justify-content:center;}}<\/style>\n<div class=\"wp-block-kadence-column kadence-column31283_735209-37 inner-column-1\"><div class=\"kt-inside-inner-col\"><style>.wp-block-kadence-advancedheading.kt-adv-heading31283_9cf380-31, .wp-block-kadence-advancedheading.kt-adv-heading31283_9cf380-31[data-kb-block=\"kb-adv-heading31283_9cf380-31\"]{font-style:normal;}.wp-block-kadence-advancedheading.kt-adv-heading31283_9cf380-31 mark.kt-highlight, .wp-block-kadence-advancedheading.kt-adv-heading31283_9cf380-31[data-kb-block=\"kb-adv-heading31283_9cf380-31\"] mark.kt-highlight{font-style:normal;color:#f76a0c;-webkit-box-decoration-break:clone;box-decoration-break:clone;padding-top:0px;padding-right:0px;padding-bottom:0px;padding-left:0px;}<\/style>\n<h6 class=\"kt-adv-heading31283_9cf380-31 wp-block-kadence-advancedheading has-theme-palette-1-color has-text-color\" data-kb-block=\"kb-adv-heading31283_9cf380-31\">Spanish Immersion<\/h6>\n\n\n<style>.wp-block-kadence-advancedheading.kt-adv-heading31283_eff59b-ac, .wp-block-kadence-advancedheading.kt-adv-heading31283_eff59b-ac[data-kb-block=\"kb-adv-heading31283_eff59b-ac\"]{font-style:normal;}.wp-block-kadence-advancedheading.kt-adv-heading31283_eff59b-ac mark.kt-highlight, .wp-block-kadence-advancedheading.kt-adv-heading31283_eff59b-ac[data-kb-block=\"kb-adv-heading31283_eff59b-ac\"] mark.kt-highlight{font-style:normal;color:#f76a0c;-webkit-box-decoration-break:clone;box-decoration-break:clone;padding-top:0px;padding-right:0px;padding-bottom:0px;padding-left:0px;}@media all and (max-width: 767px){.wp-block-kadence-advancedheading.kt-adv-heading31283_eff59b-ac, .wp-block-kadence-advancedheading.kt-adv-heading31283_eff59b-ac[data-kb-block=\"kb-adv-heading31283_eff59b-ac\"]{font-size:36px;}}<\/style>\n<h2 class=\"kt-adv-heading31283_eff59b-ac wp-block-kadence-advancedheading has-theme-palette-4-color has-text-color\" data-kb-block=\"kb-adv-heading31283_eff59b-ac\">Welcome to <em>Sitio de Mata<\/em><\/h2>\n<\/div><\/div>\n\n\n<style>.kadence-column31283_1be79e-0f > .kt-inside-inner-col,.kadence-column31283_1be79e-0f > .kt-inside-inner-col:before{border-top-left-radius:0px;border-top-right-radius:0px;border-bottom-right-radius:0px;border-bottom-left-radius:0px;}.kadence-column31283_1be79e-0f > .kt-inside-inner-col{column-gap:var(--global-kb-gap-sm, 1rem);}.kadence-column31283_1be79e-0f > .kt-inside-inner-col{flex-direction:column;}.kadence-column31283_1be79e-0f > .kt-inside-inner-col > .aligncenter{width:100%;}.kadence-column31283_1be79e-0f > .kt-inside-inner-col:before{opacity:0.3;}.kadence-column31283_1be79e-0f{position:relative;}@media all and (max-width: 1024px){.kadence-column31283_1be79e-0f > .kt-inside-inner-col{flex-direction:column;justify-content:center;}}@media all and (max-width: 767px){.kadence-column31283_1be79e-0f > .kt-inside-inner-col{flex-direction:column;justify-content:center;}}<\/style>\n<div class=\"wp-block-kadence-column kadence-column31283_1be79e-0f inner-column-2\"><div class=\"kt-inside-inner-col\">\n<p>Sitio de Mata is a small community located 15 minutes from Turrialba and 30 minutes from the Pacuare River.<\/p>\n<\/div><\/div>\n\n<\/div><\/div>\n\n<style>.kb-row-layout-id31283_50fa48-0c > .kt-row-column-wrap{align-content:start;}:where(.kb-row-layout-id31283_50fa48-0c > .kt-row-column-wrap) > .wp-block-kadence-column{justify-content:start;}.kb-row-layout-id31283_50fa48-0c > .kt-row-column-wrap{column-gap:var(--global-kb-gap-md, 2rem);row-gap:var(--global-kb-gap-md, 2rem);max-width:1140px;margin-left:auto;margin-right:auto;padding-top:40px;padding-bottom:40px;grid-template-columns:repeat(2, minmax(0, 1fr));}.kb-row-layout-id31283_50fa48-0c > .kt-row-layout-overlay{opacity:0.30;}@media all and (max-width: 1024px){.kb-row-layout-id31283_50fa48-0c > .kt-row-column-wrap{grid-template-columns:repeat(2, minmax(0, 1fr));}}@media all and (max-width: 767px){.kb-row-layout-id31283_50fa48-0c > .kt-row-column-wrap{grid-template-columns:minmax(0, 1fr);}}<\/style><div class=\"kb-row-layout-wrap kb-row-layout-id31283_50fa48-0c alignfull has-theme-palette9-background-color kt-row-has-bg wp-block-kadence-rowlayout\"><div class=\"kt-row-column-wrap kt-has-2-columns kt-row-layout-equal kt-tab-layout-inherit kt-mobile-layout-row kt-row-valign-top\">\n<style>.kadence-column31283_1684e0-f0 > .kt-inside-inner-col,.kadence-column31283_1684e0-f0 > .kt-inside-inner-col:before{border-top-left-radius:0px;border-top-right-radius:0px;border-bottom-right-radius:0px;border-bottom-left-radius:0px;}.kadence-column31283_1684e0-f0 > .kt-inside-inner-col{column-gap:var(--global-kb-gap-sm, 1rem);}.kadence-column31283_1684e0-f0 > .kt-inside-inner-col{flex-direction:column;}.kadence-column31283_1684e0-f0 > .kt-inside-inner-col > .aligncenter{width:100%;}.kadence-column31283_1684e0-f0 > .kt-inside-inner-col:before{opacity:0.3;}.kadence-column31283_1684e0-f0{position:relative;}@media all and (max-width: 1024px){.kadence-column31283_1684e0-f0 > .kt-inside-inner-col{flex-direction:column;justify-content:center;}}@media all and (max-width: 767px){.kadence-column31283_1684e0-f0 > .kt-inside-inner-col{flex-direction:column;justify-content:center;}}<\/style>\n<div class=\"wp-block-kadence-column kadence-column31283_1684e0-f0 inner-column-1\"><div class=\"kt-inside-inner-col\">\n<p>For our student travel trips, we created a homestay project in the small town of Sitio Mata. Started in 2009, the project has become an enormous success and is typically the highlight of the week for the students. These authentic accommodations in the heart of Costa Rica are fun, family-oriented, and immersive. <\/p>\n\n\n\n<p><strong>Community Impact<\/strong><br>Since we launched our homestay project in Sitio Mata in 2009 it has had an enormous impact on the community. We pay our homestay families more than any other organization or student travel company in Costa Rica. The benefits of this have been numerous, with some of the most important including: Building a community center, sending homestay kids to college, building and improving our neighborhood bus stops, improving access to medical care for our homestay families, home remodels, and more. We are incredibly proud of what we have done with this community, all thanks to the student groups that travel with us.<\/p>\n\n\n\n<p><em>Looking to learn more about our homestay project? <a href=\"https:\/\/crrtravel.com\/homestays\/\" target=\"_blank\" rel=\"noopener\">Click here to visit our student travel website, CRRTravel.com<\/a><\/em><\/p>\n<\/div><\/div>\n\n\n<style>.kadence-column31283_2e4db0-8a > .kt-inside-inner-col,.kadence-column31283_2e4db0-8a > .kt-inside-inner-col:before{border-top-left-radius:0px;border-top-right-radius:0px;border-bottom-right-radius:0px;border-bottom-left-radius:0px;}.kadence-column31283_2e4db0-8a > .kt-inside-inner-col{column-gap:var(--global-kb-gap-sm, 1rem);}.kadence-column31283_2e4db0-8a > .kt-inside-inner-col{flex-direction:column;}.kadence-column31283_2e4db0-8a > .kt-inside-inner-col > .aligncenter{width:100%;}.kadence-column31283_2e4db0-8a > .kt-inside-inner-col:before{opacity:0.3;}.kadence-column31283_2e4db0-8a{position:relative;}@media all and (max-width: 1024px){.kadence-column31283_2e4db0-8a > .kt-inside-inner-col{flex-direction:column;justify-content:center;}}@media all and (max-width: 767px){.kadence-column31283_2e4db0-8a > .kt-inside-inner-col{flex-direction:column;justify-content:center;}}<\/style>\n<div class=\"wp-block-kadence-column kadence-column31283_2e4db0-8a inner-column-2\"><div class=\"kt-inside-inner-col\"><style>.kb-image31283_8f1e00-bc .kb-image-has-overlay:after{opacity:0.3;}<\/style>\n<div class=\"wp-block-kadence-image kb-image31283_8f1e00-bc\"><figure class=\"aligncenter size-large\"><img loading=\"lazy\" decoding=\"async\" width=\"1024\" height=\"768\" src=\"https:\/\/pacuareoutdoorcenter.com\/wp-content\/uploads\/2024\/05\/blogtouch_picture_62926a8b_2bbc_af66_8b95_c2b338190295-1-1024x768.jpg\" alt=\"\" class=\"kb-img wp-image-31301\" srcset=\"https:\/\/pacuareoutdoorcenter.com\/wp-content\/uploads\/2024\/05\/blogtouch_picture_62926a8b_2bbc_af66_8b95_c2b338190295-1-1024x768.jpg 1024w, https:\/\/pacuareoutdoorcenter.com\/wp-content\/uploads\/2024\/05\/blogtouch_picture_62926a8b_2bbc_af66_8b95_c2b338190295-1-300x225.jpg 300w, https:\/\/pacuareoutdoorcenter.com\/wp-content\/uploads\/2024\/05\/blogtouch_picture_62926a8b_2bbc_af66_8b95_c2b338190295-1-768x576.jpg 768w, https:\/\/pacuareoutdoorcenter.com\/wp-content\/uploads\/2024\/05\/blogtouch_picture_62926a8b_2bbc_af66_8b95_c2b338190295-1.jpg 1280w\" sizes=\"auto, (max-width: 1024px) 100vw, 1024px\" \/><\/figure><\/div>\n<\/div><\/div>\n\n<\/div><\/div>","protected":false},"excerpt":{"rendered":"<p>Sitio Mata Homestay Project Aut\u00e9ntico, Costa Rican inmersi\u00f3n Inmersi\u00f3n en espa\u00f1ol Bienvenido a Sitio de Mata Sitio de Mata es una peque\u00f1a comunidad situada a 15 minutos de Turrialba y 30 minutos del r\u00edo Pacuare. Para nuestros viajes de estudiantes, hemos creado un proyecto de alojamiento en el peque\u00f1o pueblo de Sitio Mata. Iniciado en 2009, el...<\/p>","protected":false},"author":1,"featured_media":0,"parent":1122,"menu_order":0,"comment_status":"closed","ping_status":"closed","template":"","meta":{"_kad_blocks_custom_css":"","_kad_blocks_head_custom_js":"","_kad_blocks_body_custom_js":"","_kad_blocks_footer_custom_js":"","_kadence_starter_templates_imported_post":false,"_kad_post_transparent":"default","_kad_post_title":"hide","_kad_post_layout":"fullwidth","_kad_post_sidebar_id":"","_kad_post_content_style":"unboxed","_kad_post_vertical_padding":"hide","_kad_post_feature":"hide","_kad_post_feature_position":"","_kad_post_header":false,"_kad_post_footer":false,"footnotes":""},"class_list":["post-31283","page","type-page","status-publish","hentry"],"taxonomy_info":[],"featured_image_src_large":false,"author_info":{"display_name":"Matt","author_link":"https:\/\/pacuareoutdoorcenter.com\/es\/author\/admin\/"},"comment_info":0,"_links":{"self":[{"href":"https:\/\/pacuareoutdoorcenter.com\/es\/wp-json\/wp\/v2\/pages\/31283","targetHints":{"allow":["GET"]}}],"collection":[{"href":"https:\/\/pacuareoutdoorcenter.com\/es\/wp-json\/wp\/v2\/pages"}],"about":[{"href":"https:\/\/pacuareoutdoorcenter.com\/es\/wp-json\/wp\/v2\/types\/page"}],"author":[{"embeddable":true,"href":"https:\/\/pacuareoutdoorcenter.com\/es\/wp-json\/wp\/v2\/users\/1"}],"replies":[{"embeddable":true,"href":"https:\/\/pacuareoutdoorcenter.com\/es\/wp-json\/wp\/v2\/comments?post=31283"}],"version-history":[{"count":15,"href":"https:\/\/pacuareoutdoorcenter.com\/es\/wp-json\/wp\/v2\/pages\/31283\/revisions"}],"predecessor-version":[{"id":32626,"href":"https:\/\/pacuareoutdoorcenter.com\/es\/wp-json\/wp\/v2\/pages\/31283\/revisions\/32626"}],"up":[{"embeddable":true,"href":"https:\/\/pacuareoutdoorcenter.com\/es\/wp-json\/wp\/v2\/pages\/1122"}],"wp:attachment":[{"href":"https:\/\/pacuareoutdoorcenter.com\/es\/wp-json\/wp\/v2\/media?parent=31283"}],"curies":[{"name":"wp","href":"https:\/\/api.w.org\/{rel}","templated":true}]}}