{"id":30619,"date":"2024-01-18T17:09:44","date_gmt":"2024-01-18T17:09:44","guid":{"rendered":"https:\/\/pacuareoutdoorcenter.com\/?page_id=30619"},"modified":"2025-02-03T21:20:15","modified_gmt":"2025-02-03T21:20:15","slug":"descuentos","status":"publish","type":"page","link":"https:\/\/pacuareoutdoorcenter.com\/es\/discounts\/","title":{"rendered":"Descuentos"},"content":{"rendered":"<style>.kb-row-layout-wrap.wp-block-kadence-rowlayout.kb-row-layout-id30619_bcd24a-03{margin-bottom:0px;}.kb-row-layout-id30619_bcd24a-03 > .kt-row-column-wrap{align-content:start;}:where(.kb-row-layout-id30619_bcd24a-03 > .kt-row-column-wrap) > .wp-block-kadence-column{justify-content:start;}.kb-row-layout-id30619_bcd24a-03 > .kt-row-column-wrap{column-gap:var(--global-kb-gap-md, 2rem);row-gap:var(--global-kb-gap-md, 2rem);max-width:var( --global-content-width, 1290px );padding-left:var(--global-content-edge-padding);padding-right:var(--global-content-edge-padding);padding-top:150px;padding-bottom:150px;grid-template-columns:minmax(0, 1fr);}.kb-row-layout-id30619_bcd24a-03{background-image:url('https:\/\/pacuareoutdoorcenter.com\/wp-content\/uploads\/2024\/01\/rio-vista-flowers.webp');background-size:cover;background-position:44% 41%;background-attachment:scroll;background-repeat:no-repeat;}.kb-row-layout-id30619_bcd24a-03 > .kt-row-layout-overlay{opacity:0.60;background-color:var(--global-palette3, #1A202C);}@media all and (max-width: 1024px){.kb-row-layout-id30619_bcd24a-03 > .kt-row-column-wrap{grid-template-columns:minmax(0, 1fr);}}@media all and (max-width: 767px){.kb-row-layout-id30619_bcd24a-03 > .kt-row-column-wrap{grid-template-columns:minmax(0, 1fr);}}<\/style><div class=\"kb-row-layout-wrap kb-row-layout-id30619_bcd24a-03 aligncenter kt-row-has-bg wp-block-kadence-rowlayout\"><div class=\"kt-row-layout-overlay kt-row-overlay-normal\"><\/div><div class=\"kt-row-column-wrap kt-has-1-columns kt-row-layout-equal kt-tab-layout-inherit kt-mobile-layout-row kt-row-valign-top kb-theme-content-width\">\n<style>.kadence-column30619_8539ce-a8 > .kt-inside-inner-col,.kadence-column30619_8539ce-a8 > .kt-inside-inner-col:before{border-top-left-radius:0px;border-top-right-radius:0px;border-bottom-right-radius:0px;border-bottom-left-radius:0px;}.kadence-column30619_8539ce-a8 > .kt-inside-inner-col{column-gap:var(--global-kb-gap-sm, 1rem);}.kadence-column30619_8539ce-a8 > .kt-inside-inner-col{flex-direction:column;}.kadence-column30619_8539ce-a8 > .kt-inside-inner-col > .aligncenter{width:100%;}.kadence-column30619_8539ce-a8 > .kt-inside-inner-col:before{opacity:0.3;}.kadence-column30619_8539ce-a8{position:relative;}.kadence-column30619_8539ce-a8, .kt-inside-inner-col > .kadence-column30619_8539ce-a8:not(.specificity){margin-top:50px;}@media all and (max-width: 1024px){.kadence-column30619_8539ce-a8 > .kt-inside-inner-col{flex-direction:column;justify-content:center;}}@media all and (max-width: 767px){.kadence-column30619_8539ce-a8 > .kt-inside-inner-col{flex-direction:column;justify-content:center;}}<\/style>\n<div class=\"wp-block-kadence-column kadence-column30619_8539ce-a8 inner-column-1\"><div class=\"kt-inside-inner-col\"><style>.wp-block-kadence-advancedheading.kt-adv-heading30619_8d3fc1-61, .wp-block-kadence-advancedheading.kt-adv-heading30619_8d3fc1-61[data-kb-block=\"kb-adv-heading30619_8d3fc1-61\"]{text-align:center;font-style:normal;}.wp-block-kadence-advancedheading.kt-adv-heading30619_8d3fc1-61 mark.kt-highlight, .wp-block-kadence-advancedheading.kt-adv-heading30619_8d3fc1-61[data-kb-block=\"kb-adv-heading30619_8d3fc1-61\"] mark.kt-highlight{font-style:normal;color:#f76a0c;-webkit-box-decoration-break:clone;box-decoration-break:clone;padding-top:0px;padding-right:0px;padding-bottom:0px;padding-left:0px;}@media all and (max-width: 767px){.wp-block-kadence-advancedheading.kt-adv-heading30619_8d3fc1-61, .wp-block-kadence-advancedheading.kt-adv-heading30619_8d3fc1-61[data-kb-block=\"kb-adv-heading30619_8d3fc1-61\"]{font-size:42px;}}<\/style>\n<h1 class=\"kt-adv-heading30619_8d3fc1-61 wp-block-kadence-advancedheading has-theme-palette-9-color has-text-color\" data-kb-block=\"kb-adv-heading30619_8d3fc1-61\">Discounts<\/h1>\n\n\n<style>.wp-block-kadence-advancedheading.kt-adv-heading30619_55c71f-33, .wp-block-kadence-advancedheading.kt-adv-heading30619_55c71f-33[data-kb-block=\"kb-adv-heading30619_55c71f-33\"]{text-align:center;font-style:normal;}.wp-block-kadence-advancedheading.kt-adv-heading30619_55c71f-33 mark.kt-highlight, .wp-block-kadence-advancedheading.kt-adv-heading30619_55c71f-33[data-kb-block=\"kb-adv-heading30619_55c71f-33\"] mark.kt-highlight{font-style:normal;color:#f76a0c;-webkit-box-decoration-break:clone;box-decoration-break:clone;padding-top:0px;padding-right:0px;padding-bottom:0px;padding-left:0px;}<\/style>\n<p class=\"kt-adv-heading30619_55c71f-33 wp-block-kadence-advancedheading has-theme-palette-9-color has-text-color\" data-kb-block=\"kb-adv-heading30619_55c71f-33\">Upcoming deals and specials<\/p>\n\n\n<style>.wp-block-kadence-advancedbtn.kb-btns30619_5ef8d4-40{gap:var(--global-kb-gap-xs, 0.5rem );justify-content:center;align-items:center;}.kt-btns30619_5ef8d4-40 .kt-button{font-weight:normal;font-style:normal;}<\/style>\n<div class=\"wp-block-kadence-advancedbtn kb-buttons-wrap kb-btns30619_5ef8d4-40\"><style>ul.menu .wp-block-kadence-advancedbtn .kb-btn30619_ba9762-6d.kb-button{width:initial;}<\/style><a class=\"kb-button kt-button button kb-btn30619_ba9762-6d kt-btn-size-standard kt-btn-width-type-auto kb-btn-global-inherit kt-btn-has-text-true kt-btn-has-svg-true  wp-block-button__link wp-block-kadence-singlebtn\" href=\"#reservations\"><span class=\"kt-btn-inner-text\">View Discounts<\/span><span class=\"kb-svg-icon-wrap kb-svg-icon-fe_chevronRight kt-btn-icon-side-right\"><svg viewBox=\"0 0 24 24\"  fill=\"none\" stroke=\"currentColor\" stroke-width=\"2\" stroke-linecap=\"round\" stroke-linejoin=\"round\" xmlns=\"http:\/\/www.w3.org\/2000\/svg\"  aria-hidden=\"true\"><polyline points=\"9 18 15 12 9 6\"\/><\/svg><\/span><\/a><\/div>\n<\/div><\/div>\n\n<\/div><\/div>\n\n<style>.kb-row-layout-wrap.wp-block-kadence-rowlayout.kb-row-layout-id30619_cbe5a5-9d{margin-top:0px;}.kb-row-layout-id30619_cbe5a5-9d > .kt-row-column-wrap{align-content:start;}:where(.kb-row-layout-id30619_cbe5a5-9d > .kt-row-column-wrap) > .wp-block-kadence-column{justify-content:start;}.kb-row-layout-id30619_cbe5a5-9d > .kt-row-column-wrap{column-gap:var(--global-kb-gap-lg, 4rem);row-gap:var(--global-kb-gap-md, 2rem);max-width:var( --global-content-width, 1290px );padding-left:var(--global-content-edge-padding);padding-right:var(--global-content-edge-padding);padding-top:50px;padding-bottom:0px;grid-template-columns:minmax(0, 1fr);}.kb-row-layout-id30619_cbe5a5-9d > .kt-row-layout-overlay{opacity:0.85;background-image:url('https:\/\/kernrafting.com\/wp-content\/uploads\/2021\/09\/texture.png');background-size:contain;background-position:center center;background-attachment:scroll;background-repeat:repeat;mix-blend-mode:overlay;}@media all and (max-width: 1024px){.kb-row-layout-id30619_cbe5a5-9d > .kt-row-column-wrap{grid-template-columns:minmax(0, 1fr);}}@media all and (max-width: 767px){.kb-row-layout-id30619_cbe5a5-9d > .kt-row-column-wrap{grid-template-columns:minmax(0, 1fr);}}<\/style><div class=\"kb-row-layout-wrap kb-row-layout-id30619_cbe5a5-9d alignnone has-theme-palette7-background-color kt-row-has-bg wp-block-kadence-rowlayout\"><div class=\"kt-row-layout-overlay kt-row-overlay-normal\"><\/div><div class=\"kt-row-column-wrap kt-has-1-columns kt-row-layout-equal kt-tab-layout-inherit kt-mobile-layout-row kt-row-valign-top kb-theme-content-width\">\n<style>.kadence-column30619_453227-8b > .kt-inside-inner-col{padding-bottom:0px;}.kadence-column30619_453227-8b > .kt-inside-inner-col,.kadence-column30619_453227-8b > .kt-inside-inner-col:before{border-top-left-radius:0px;border-top-right-radius:0px;border-bottom-right-radius:0px;border-bottom-left-radius:0px;}.kadence-column30619_453227-8b > .kt-inside-inner-col{column-gap:var(--global-kb-gap-sm, 1rem);}.kadence-column30619_453227-8b > .kt-inside-inner-col{flex-direction:column;}.kadence-column30619_453227-8b > .kt-inside-inner-col > .aligncenter{width:100%;}.kadence-column30619_453227-8b > .kt-inside-inner-col:before{opacity:0.3;}.kadence-column30619_453227-8b{position:relative;}.kadence-column30619_453227-8b, .kt-inside-inner-col > .kadence-column30619_453227-8b:not(.specificity){margin-bottom:var(--global-kb-spacing-xs, 1rem);}@media all and (max-width: 1024px){.kadence-column30619_453227-8b > .kt-inside-inner-col{flex-direction:column;justify-content:center;}}@media all and (max-width: 767px){.kadence-column30619_453227-8b > .kt-inside-inner-col{flex-direction:column;justify-content:center;}}<\/style>\n<div class=\"wp-block-kadence-column kadence-column30619_453227-8b inner-column-1\"><div class=\"kt-inside-inner-col\"><style>.wp-block-kadence-advancedheading.kt-adv-heading30619_d5e71d-a4, .wp-block-kadence-advancedheading.kt-adv-heading30619_d5e71d-a4[data-kb-block=\"kb-adv-heading30619_d5e71d-a4\"]{padding-bottom:0px;font-style:normal;}.wp-block-kadence-advancedheading.kt-adv-heading30619_d5e71d-a4 mark.kt-highlight, .wp-block-kadence-advancedheading.kt-adv-heading30619_d5e71d-a4[data-kb-block=\"kb-adv-heading30619_d5e71d-a4\"] mark.kt-highlight{font-style:normal;color:#f76a0c;-webkit-box-decoration-break:clone;box-decoration-break:clone;padding-top:0px;padding-right:0px;padding-bottom:0px;padding-left:0px;}<\/style>\n<h2 class=\"kt-adv-heading30619_d5e71d-a4 wp-block-kadence-advancedheading has-theme-palette-4-color has-text-color\" data-kb-block=\"kb-adv-heading30619_d5e71d-a4\">Discounts and Specials<\/h2>\n\n\n\n<p>Occasionally we offer promotions on upcoming trips. Those are listed below and can be booked directly online.<br><br><\/p>\n<\/div><\/div>\n\n<\/div><\/div>\n\n<style>.kb-row-layout-wrap.wp-block-kadence-rowlayout.kb-row-layout-id30619_3e1f0a-40{margin-top:0px;}.kb-row-layout-id30619_3e1f0a-40 > .kt-row-column-wrap{align-content:start;}:where(.kb-row-layout-id30619_3e1f0a-40 > .kt-row-column-wrap) > .wp-block-kadence-column{justify-content:start;}.kb-row-layout-id30619_3e1f0a-40 > .kt-row-column-wrap{column-gap:var(--global-kb-gap-lg, 4rem);row-gap:var(--global-kb-gap-md, 2rem);max-width:var( --global-content-width, 1290px );padding-left:var(--global-content-edge-padding);padding-right:var(--global-content-edge-padding);padding-top:70px;padding-bottom:80px;grid-template-columns:minmax(0, 1fr);}.kb-row-layout-id30619_3e1f0a-40 > .kt-row-layout-overlay{opacity:0.85;background-image:url('https:\/\/kernrafting.com\/wp-content\/uploads\/2021\/09\/texture.png');background-size:contain;background-position:center center;background-attachment:scroll;background-repeat:repeat;mix-blend-mode:overlay;}@media all and (max-width: 1024px){.kb-row-layout-id30619_3e1f0a-40 > .kt-row-column-wrap{grid-template-columns:minmax(0, 1fr);}}@media all and (max-width: 767px){.kb-row-layout-id30619_3e1f0a-40 > .kt-row-column-wrap{grid-template-columns:minmax(0, 1fr);}}<\/style><div class=\"kb-row-layout-wrap kb-row-layout-id30619_3e1f0a-40 alignnone has-theme-palette9-background-color kt-row-has-bg wp-block-kadence-rowlayout\" id=\"reservations\"><div class=\"kt-row-layout-overlay kt-row-overlay-normal\"><\/div><div class=\"kt-row-column-wrap kt-has-1-columns kt-row-layout-equal kt-tab-layout-inherit kt-mobile-layout-row kt-row-valign-top kb-theme-content-width\">\n<style>.kadence-column30619_3798ba-c9 > .kt-inside-inner-col{padding-top:0px;padding-right:0px;padding-bottom:60px;padding-left:0px;}.kadence-column30619_3798ba-c9 > .kt-inside-inner-col,.kadence-column30619_3798ba-c9 > .kt-inside-inner-col:before{border-top-left-radius:7px;border-top-right-radius:7px;border-bottom-right-radius:7px;border-bottom-left-radius:7px;}.kadence-column30619_3798ba-c9 > .kt-inside-inner-col{column-gap:var(--global-kb-gap-sm, 1rem);}.kadence-column30619_3798ba-c9 > .kt-inside-inner-col{flex-direction:column;}.kadence-column30619_3798ba-c9 > .kt-inside-inner-col > .aligncenter{width:100%;}.kadence-column30619_3798ba-c9 > .kt-inside-inner-col{background-color:var(--global-palette9, #ffffff);}.kadence-column30619_3798ba-c9 > .kt-inside-inner-col:before{opacity:0.3;}.kadence-column30619_3798ba-c9{position:relative;}@media all and (max-width: 1024px){.kadence-column30619_3798ba-c9 > .kt-inside-inner-col{flex-direction:column;justify-content:center;}}@media all and (max-width: 767px){.kadence-column30619_3798ba-c9 > .kt-inside-inner-col{padding-top:30px;padding-right:15px;padding-bottom:30px;padding-left:15px;flex-direction:column;justify-content:center;}}<\/style>\n<div class=\"wp-block-kadence-column kadence-column30619_3798ba-c9 inner-column-2\"><div class=\"kt-inside-inner-col\">\n<h3 class=\"wp-block-heading\">3-Day Raft + Zip<\/h3>\n\n\n\n<p><strong>Launch Date:<\/strong> July 6, 2024<br><strong>Promotion:<\/strong> 10% off<br><strong>Code:<\/strong> 10PERCENT<br><strong>How to Redeem:<\/strong> <a href=\"https:\/\/bookeo.com\/pacuare?devent=3151KLYL4318487C4E002_2024-07-06_KW9PWF9L0ni\" target=\"_blank\" data-type=\"link\" data-id=\"https:\/\/bookeo.com\/pacuare?devent=31513RJR6X18487C4E001_2024-03-19_ClUbs3SL3l5k\" rel=\"noreferrer noopener\">Complete a reservation here.<\/a><\/p>\n<\/div><\/div>\n\n<\/div><\/div>","protected":false},"excerpt":{"rendered":"<p>Descuentos Pr\u00f3ximas ofertas y especiales Descuentos y especiales Ocasionalmente ofrecemos promociones en los pr\u00f3ximos viajes. \u00c9stas se enumeran a continuaci\u00f3n y se pueden reservar directamente en l\u00ednea. Rafting de 3 d\u00edas + Zip Fecha de lanzamiento: 6 de julio de 2024Promoci\u00f3n: 10% de descuentoC\u00f3digo: 10PERCENTC\u00f3mo canjear: Complete una reserva aqu\u00ed.<\/p>","protected":false},"author":1,"featured_media":0,"parent":0,"menu_order":0,"comment_status":"closed","ping_status":"closed","template":"","meta":{"_kad_blocks_custom_css":"","_kad_blocks_head_custom_js":"","_kad_blocks_body_custom_js":"","_kad_blocks_footer_custom_js":"","_kadence_starter_templates_imported_post":false,"_kad_post_transparent":"default","_kad_post_title":"hide","_kad_post_layout":"fullwidth","_kad_post_sidebar_id":"","_kad_post_content_style":"unboxed","_kad_post_vertical_padding":"hide","_kad_post_feature":"hide","_kad_post_feature_position":"","_kad_post_header":false,"_kad_post_footer":false,"footnotes":""},"class_list":["post-30619","page","type-page","status-publish","hentry"],"taxonomy_info":[],"featured_image_src_large":false,"author_info":{"display_name":"Matt","author_link":"https:\/\/pacuareoutdoorcenter.com\/es\/author\/admin\/"},"comment_info":0,"_links":{"self":[{"href":"https:\/\/pacuareoutdoorcenter.com\/es\/wp-json\/wp\/v2\/pages\/30619","targetHints":{"allow":["GET"]}}],"collection":[{"href":"https:\/\/pacuareoutdoorcenter.com\/es\/wp-json\/wp\/v2\/pages"}],"about":[{"href":"https:\/\/pacuareoutdoorcenter.com\/es\/wp-json\/wp\/v2\/types\/page"}],"author":[{"embeddable":true,"href":"https:\/\/pacuareoutdoorcenter.com\/es\/wp-json\/wp\/v2\/users\/1"}],"replies":[{"embeddable":true,"href":"https:\/\/pacuareoutdoorcenter.com\/es\/wp-json\/wp\/v2\/comments?post=30619"}],"version-history":[{"count":16,"href":"https:\/\/pacuareoutdoorcenter.com\/es\/wp-json\/wp\/v2\/pages\/30619\/revisions"}],"predecessor-version":[{"id":32635,"href":"https:\/\/pacuareoutdoorcenter.com\/es\/wp-json\/wp\/v2\/pages\/30619\/revisions\/32635"}],"wp:attachment":[{"href":"https:\/\/pacuareoutdoorcenter.com\/es\/wp-json\/wp\/v2\/media?parent=30619"}],"curies":[{"name":"wp","href":"https:\/\/api.w.org\/{rel}","templated":true}]}}