{"id":30564,"date":"2024-01-03T13:52:52","date_gmt":"2024-01-03T13:52:52","guid":{"rendered":"https:\/\/pacuareoutdoorcenter.com\/?page_id=30564"},"modified":"2025-02-03T21:20:05","modified_gmt":"2025-02-03T21:20:05","slug":"solicitud-de-reserva","status":"publish","type":"page","link":"https:\/\/pacuareoutdoorcenter.com\/es\/booking-request\/","title":{"rendered":"Solicitud de reserva"},"content":{"rendered":"<style>.kb-row-layout-wrap.wp-block-kadence-rowlayout.kb-row-layout-id30564_5263de-d6{margin-bottom:0px;}.kb-row-layout-id30564_5263de-d6 > .kt-row-column-wrap{align-content:start;}:where(.kb-row-layout-id30564_5263de-d6 > .kt-row-column-wrap) > .wp-block-kadence-column{justify-content:start;}.kb-row-layout-id30564_5263de-d6 > .kt-row-column-wrap{column-gap:var(--global-kb-gap-md, 2rem);row-gap:var(--global-kb-gap-md, 2rem);max-width:var( --global-content-width, 1290px );padding-left:var(--global-content-edge-padding);padding-right:var(--global-content-edge-padding);padding-top:150px;padding-bottom:150px;grid-template-columns:minmax(0, 1fr);}.kb-row-layout-id30564_5263de-d6{background-image:url('https:\/\/pacuareoutdoorcenter.com\/wp-content\/uploads\/2023\/01\/meet-tom-header.webp');background-size:cover;background-position:48% 52%;background-attachment:scroll;background-repeat:no-repeat;}.kb-row-layout-id30564_5263de-d6 > .kt-row-layout-overlay{opacity:0.60;background-color:var(--global-palette3, #1A202C);}@media all and (max-width: 1024px){.kb-row-layout-id30564_5263de-d6 > .kt-row-column-wrap{grid-template-columns:minmax(0, 1fr);}}@media all and (max-width: 767px){.kb-row-layout-id30564_5263de-d6 > .kt-row-column-wrap{grid-template-columns:minmax(0, 1fr);}}<\/style><div class=\"kb-row-layout-wrap kb-row-layout-id30564_5263de-d6 aligncenter kt-row-has-bg wp-block-kadence-rowlayout\"><div class=\"kt-row-layout-overlay kt-row-overlay-normal\"><\/div><div class=\"kt-row-column-wrap kt-has-1-columns kt-row-layout-equal kt-tab-layout-inherit kt-mobile-layout-row kt-row-valign-top kb-theme-content-width\">\n<style>.kadence-column30564_984bb1-e5 > .kt-inside-inner-col,.kadence-column30564_984bb1-e5 > .kt-inside-inner-col:before{border-top-left-radius:0px;border-top-right-radius:0px;border-bottom-right-radius:0px;border-bottom-left-radius:0px;}.kadence-column30564_984bb1-e5 > .kt-inside-inner-col{column-gap:var(--global-kb-gap-sm, 1rem);}.kadence-column30564_984bb1-e5 > .kt-inside-inner-col{flex-direction:column;}.kadence-column30564_984bb1-e5 > .kt-inside-inner-col > .aligncenter{width:100%;}.kadence-column30564_984bb1-e5 > .kt-inside-inner-col:before{opacity:0.3;}.kadence-column30564_984bb1-e5{position:relative;}.kadence-column30564_984bb1-e5, .kt-inside-inner-col > .kadence-column30564_984bb1-e5:not(.specificity){margin-top:50px;}@media all and (max-width: 1024px){.kadence-column30564_984bb1-e5 > .kt-inside-inner-col{flex-direction:column;justify-content:center;}}@media all and (max-width: 767px){.kadence-column30564_984bb1-e5 > .kt-inside-inner-col{flex-direction:column;justify-content:center;}}<\/style>\n<div class=\"wp-block-kadence-column kadence-column30564_984bb1-e5 inner-column-1\"><div class=\"kt-inside-inner-col\"><style>.wp-block-kadence-advancedheading.kt-adv-heading30564_66f4ea-77, .wp-block-kadence-advancedheading.kt-adv-heading30564_66f4ea-77[data-kb-block=\"kb-adv-heading30564_66f4ea-77\"]{text-align:center;font-style:normal;}.wp-block-kadence-advancedheading.kt-adv-heading30564_66f4ea-77 mark.kt-highlight, .wp-block-kadence-advancedheading.kt-adv-heading30564_66f4ea-77[data-kb-block=\"kb-adv-heading30564_66f4ea-77\"] mark.kt-highlight{font-style:normal;color:#f76a0c;-webkit-box-decoration-break:clone;box-decoration-break:clone;padding-top:0px;padding-right:0px;padding-bottom:0px;padding-left:0px;}@media all and (max-width: 767px){.wp-block-kadence-advancedheading.kt-adv-heading30564_66f4ea-77, .wp-block-kadence-advancedheading.kt-adv-heading30564_66f4ea-77[data-kb-block=\"kb-adv-heading30564_66f4ea-77\"]{font-size:42px;}}<\/style>\n<h1 class=\"kt-adv-heading30564_66f4ea-77 wp-block-kadence-advancedheading has-theme-palette-9-color has-text-color\" data-kb-block=\"kb-adv-heading30564_66f4ea-77\">Booking Request Received<\/h1>\n\n\n<style>.wp-block-kadence-advancedheading.kt-adv-heading30564_c67e5a-38, .wp-block-kadence-advancedheading.kt-adv-heading30564_c67e5a-38[data-kb-block=\"kb-adv-heading30564_c67e5a-38\"]{text-align:center;font-style:normal;}.wp-block-kadence-advancedheading.kt-adv-heading30564_c67e5a-38 mark.kt-highlight, .wp-block-kadence-advancedheading.kt-adv-heading30564_c67e5a-38[data-kb-block=\"kb-adv-heading30564_c67e5a-38\"] mark.kt-highlight{font-style:normal;color:#f76a0c;-webkit-box-decoration-break:clone;box-decoration-break:clone;padding-top:0px;padding-right:0px;padding-bottom:0px;padding-left:0px;}<\/style>\n<p class=\"kt-adv-heading30564_c67e5a-38 wp-block-kadence-advancedheading has-theme-palette-9-color has-text-color\" data-kb-block=\"kb-adv-heading30564_c67e5a-38\">Booking request sent!<\/p>\n<\/div><\/div>\n\n<\/div><\/div>\n\n<style>.kb-row-layout-id30564_def3eb-8f > .kt-row-column-wrap{align-content:center;}:where(.kb-row-layout-id30564_def3eb-8f > .kt-row-column-wrap) > .wp-block-kadence-column{justify-content:center;}.kb-row-layout-id30564_def3eb-8f > .kt-row-column-wrap{column-gap:var(--global-kb-gap-none, 0rem );row-gap:var(--global-kb-gap-none, 0rem );max-width:var( --global-content-width, 1290px );padding-left:var(--global-content-edge-padding);padding-right:var(--global-content-edge-padding);padding-top:0px;padding-bottom:40px;grid-template-columns:minmax(0, 1fr) minmax(0, 2fr);}.kb-row-layout-id30564_def3eb-8f > .kt-row-layout-overlay{opacity:0.30;}@media all and (max-width: 1024px){.kb-row-layout-id30564_def3eb-8f > .kt-row-column-wrap{grid-template-columns:minmax(0, 1fr) minmax(0, 2fr);}}@media all and (max-width: 767px){.kb-row-layout-id30564_def3eb-8f > .kt-row-column-wrap{grid-template-columns:minmax(0, 1fr);}}<\/style><div class=\"kb-row-layout-wrap kb-row-layout-id30564_def3eb-8f alignnone wp-block-kadence-rowlayout\"><div class=\"kt-row-column-wrap kt-has-2-columns kt-row-layout-right-golden kt-tab-layout-inherit kt-mobile-layout-row kt-row-valign-middle kb-theme-content-width\">\n<style>.kadence-column30564_108c3d-ec > .kt-inside-inner-col,.kadence-column30564_108c3d-ec > .kt-inside-inner-col:before{border-top-left-radius:0px;border-top-right-radius:0px;border-bottom-right-radius:0px;border-bottom-left-radius:0px;}.kadence-column30564_108c3d-ec > .kt-inside-inner-col{column-gap:var(--global-kb-gap-sm, 1rem);}.kadence-column30564_108c3d-ec > .kt-inside-inner-col{flex-direction:column;}.kadence-column30564_108c3d-ec > .kt-inside-inner-col > .aligncenter{width:100%;}.kadence-column30564_108c3d-ec > .kt-inside-inner-col:before{opacity:0.3;}.kadence-column30564_108c3d-ec{position:relative;}@media all and (max-width: 1024px){.kadence-column30564_108c3d-ec > .kt-inside-inner-col{flex-direction:column;justify-content:center;}}@media all and (max-width: 767px){.kadence-column30564_108c3d-ec > .kt-inside-inner-col{flex-direction:column;justify-content:center;}}<\/style>\n<div class=\"wp-block-kadence-column kadence-column30564_108c3d-ec\"><div class=\"kt-inside-inner-col\"><style>.kb-lottie-container30564_ba9f8c-2d dotlottie-player{max-width:auto;}<\/style><div class=\"kb-lottie-container kb-lottie-container30564_ba9f8c-2d\"><dotlottie-player loop=\"true\" speed=\"1\" autoplay=\"true\" mode=\"normal\" src=\"https:\/\/pacuareoutdoorcenter.com\/es\/wp-json\/kb-lottieanimation\/v1\/animations\/30558.json\"\n\t\t\t\t\t\t\tid=\"kb-lottie-player30564_ba9f8c-2d\"\n\t\t\t\t\t\t><\/dotlottie-player><\/div><\/div><\/div>\n\n\n<style>.kadence-column30564_2fcdb9-27 > .kt-inside-inner-col,.kadence-column30564_2fcdb9-27 > .kt-inside-inner-col:before{border-top-left-radius:0px;border-top-right-radius:0px;border-bottom-right-radius:0px;border-bottom-left-radius:0px;}.kadence-column30564_2fcdb9-27 > .kt-inside-inner-col{column-gap:var(--global-kb-gap-sm, 1rem);}.kadence-column30564_2fcdb9-27 > .kt-inside-inner-col{flex-direction:column;}.kadence-column30564_2fcdb9-27 > .kt-inside-inner-col > .aligncenter{width:100%;}.kadence-column30564_2fcdb9-27 > .kt-inside-inner-col:before{opacity:0.3;}.kadence-column30564_2fcdb9-27{position:relative;}@media all and (max-width: 1024px){.kadence-column30564_2fcdb9-27 > .kt-inside-inner-col{flex-direction:column;justify-content:center;}}@media all and (max-width: 767px){.kadence-column30564_2fcdb9-27 > .kt-inside-inner-col{flex-direction:column;justify-content:center;}}<\/style>\n<div class=\"wp-block-kadence-column kadence-column30564_2fcdb9-27 inner-column-2\"><div class=\"kt-inside-inner-col\"><style>.wp-block-kadence-advancedheading.kt-adv-heading30564_ffdd0f-c8, .wp-block-kadence-advancedheading.kt-adv-heading30564_ffdd0f-c8[data-kb-block=\"kb-adv-heading30564_ffdd0f-c8\"]{font-style:normal;}.wp-block-kadence-advancedheading.kt-adv-heading30564_ffdd0f-c8 mark.kt-highlight, .wp-block-kadence-advancedheading.kt-adv-heading30564_ffdd0f-c8[data-kb-block=\"kb-adv-heading30564_ffdd0f-c8\"] mark.kt-highlight{font-style:normal;color:#f76a0c;-webkit-box-decoration-break:clone;box-decoration-break:clone;padding-top:0px;padding-right:0px;padding-bottom:0px;padding-left:0px;}<\/style>\n<h3 class=\"kt-adv-heading30564_ffdd0f-c8 wp-block-kadence-advancedheading has-theme-palette-4-color has-text-color\" data-kb-block=\"kb-adv-heading30564_ffdd0f-c8\"><em>We&#8217;ve received your reservation request<\/em><\/h3>\n\n\n\n<p>Within 24 hours, but typically sooner, we will get back to you. If the date is open, we will confirm the reservation and send you an invoice. If the date is unavailable we will email you alternate dates that are closest to your preferred launch date. We look forward to having you join us on the Pacuare River!<\/p>\n\n\n\n<ul class=\"wp-block-list\">\n<li>Get ready for your adventure: <a href=\"https:\/\/pacuareoutdoorcenter.com\/what-to-pack\/\" data-type=\"page\" data-id=\"29018\">View our packing list here.<\/a><\/li>\n\n\n\n<li>Arriving in Costa Rica soon? <a href=\"https:\/\/pacuareoutdoorcenter.com\/2024\/01\/01\/san-jose-airport-sjo-arrival-tips\/\">San Jose Airport (SJO) arrival tips.<\/a><\/li>\n\n\n\n<li>Need travel insurance? <a href=\"https:\/\/www.kqzyfj.com\/click-101061049-15403748\" target=\"_blank\" rel=\"noreferrer noopener\">Travel insurance by World Nomads.<\/a><\/li>\n<\/ul>\n<\/div><\/div>\n\n<\/div><\/div>","protected":false},"excerpt":{"rendered":"<p>Solicitud de reserva recibida \u00a1Solicitud de reserva enviada! Hemos recibido su solicitud de reserva En un plazo de 24 horas, pero normalmente antes, nos pondremos en contacto con usted. Si la fecha est\u00e1 disponible, confirmaremos la reserva y le enviaremos una factura. Si la fecha no est\u00e1 disponible, le enviaremos por correo electr\u00f3nico las fechas alternativas m\u00e1s cercanas a su...<\/p>","protected":false},"author":1,"featured_media":0,"parent":0,"menu_order":0,"comment_status":"closed","ping_status":"closed","template":"","meta":{"_kad_blocks_custom_css":"","_kad_blocks_head_custom_js":"<script>\nwindow.addEventListener('load', (event) => {\n  fathom.trackEvent('checkout completed');\n});\n<\/script>","_kad_blocks_body_custom_js":"","_kad_blocks_footer_custom_js":"","_kadence_starter_templates_imported_post":false,"_kad_post_transparent":"","_kad_post_title":"hide","_kad_post_layout":"fullwidth","_kad_post_sidebar_id":"","_kad_post_content_style":"unboxed","_kad_post_vertical_padding":"hide","_kad_post_feature":"hide","_kad_post_feature_position":"","_kad_post_header":false,"_kad_post_footer":false,"footnotes":""},"class_list":["post-30564","page","type-page","status-publish","hentry"],"taxonomy_info":[],"featured_image_src_large":false,"author_info":{"display_name":"Matt","author_link":"https:\/\/pacuareoutdoorcenter.com\/es\/author\/admin\/"},"comment_info":0,"_links":{"self":[{"href":"https:\/\/pacuareoutdoorcenter.com\/es\/wp-json\/wp\/v2\/pages\/30564","targetHints":{"allow":["GET"]}}],"collection":[{"href":"https:\/\/pacuareoutdoorcenter.com\/es\/wp-json\/wp\/v2\/pages"}],"about":[{"href":"https:\/\/pacuareoutdoorcenter.com\/es\/wp-json\/wp\/v2\/types\/page"}],"author":[{"embeddable":true,"href":"https:\/\/pacuareoutdoorcenter.com\/es\/wp-json\/wp\/v2\/users\/1"}],"replies":[{"embeddable":true,"href":"https:\/\/pacuareoutdoorcenter.com\/es\/wp-json\/wp\/v2\/comments?post=30564"}],"version-history":[{"count":10,"href":"https:\/\/pacuareoutdoorcenter.com\/es\/wp-json\/wp\/v2\/pages\/30564\/revisions"}],"predecessor-version":[{"id":32633,"href":"https:\/\/pacuareoutdoorcenter.com\/es\/wp-json\/wp\/v2\/pages\/30564\/revisions\/32633"}],"wp:attachment":[{"href":"https:\/\/pacuareoutdoorcenter.com\/es\/wp-json\/wp\/v2\/media?parent=30564"}],"curies":[{"name":"wp","href":"https:\/\/api.w.org\/{rel}","templated":true}]}}