{"id":28131,"date":"2023-01-14T19:17:33","date_gmt":"2023-01-14T19:17:33","guid":{"rendered":"https:\/\/pacuareoutdoorcenter.com\/?page_id=28131"},"modified":"2025-02-03T21:19:10","modified_gmt":"2025-02-03T21:19:10","slug":"kayaking","status":"publish","type":"page","link":"https:\/\/pacuareoutdoorcenter.com\/es\/activities\/kayaking\/","title":{"rendered":"Kayak"},"content":{"rendered":"<style>.kb-row-layout-wrap.wp-block-kadence-rowlayout.kb-row-layout-id28131_d66186-1e{margin-bottom:0px;}.kb-row-layout-id28131_d66186-1e > .kt-row-column-wrap{align-content:start;}:where(.kb-row-layout-id28131_d66186-1e > .kt-row-column-wrap) > .wp-block-kadence-column{justify-content:start;}.kb-row-layout-id28131_d66186-1e > .kt-row-column-wrap{column-gap:var(--global-kb-gap-md, 2rem);row-gap:var(--global-kb-gap-md, 2rem);max-width:var( --global-content-width, 1290px );padding-left:var(--global-content-edge-padding);padding-right:var(--global-content-edge-padding);padding-top:150px;padding-bottom:150px;grid-template-columns:minmax(0, 1fr);}.kb-row-layout-id28131_d66186-1e{background-image:url('https:\/\/pacuareoutdoorcenter.com\/wp-content\/uploads\/2023\/01\/kayak-header.webp');background-size:cover;background-position:40% 62%;background-attachment:scroll;background-repeat:no-repeat;}.kb-row-layout-id28131_d66186-1e > .kt-row-layout-overlay{opacity:0.60;background-color:var(--global-palette3, #1A202C);}@media all and (max-width: 1024px){.kb-row-layout-id28131_d66186-1e > .kt-row-column-wrap{grid-template-columns:minmax(0, 1fr);}}@media all and (max-width: 767px){.kb-row-layout-id28131_d66186-1e > .kt-row-column-wrap{grid-template-columns:minmax(0, 1fr);}}<\/style><div class=\"kb-row-layout-wrap kb-row-layout-id28131_d66186-1e aligncenter kt-row-has-bg wp-block-kadence-rowlayout\"><div class=\"kt-row-layout-overlay kt-row-overlay-normal\"><\/div><div class=\"kt-row-column-wrap kt-has-1-columns kt-row-layout-equal kt-tab-layout-inherit kt-mobile-layout-row kt-row-valign-top kb-theme-content-width\">\n<style>.kadence-column28131_b1e6d9-41 > .kt-inside-inner-col,.kadence-column28131_b1e6d9-41 > .kt-inside-inner-col:before{border-top-left-radius:0px;border-top-right-radius:0px;border-bottom-right-radius:0px;border-bottom-left-radius:0px;}.kadence-column28131_b1e6d9-41 > .kt-inside-inner-col{column-gap:var(--global-kb-gap-sm, 1rem);}.kadence-column28131_b1e6d9-41 > .kt-inside-inner-col{flex-direction:column;}.kadence-column28131_b1e6d9-41 > .kt-inside-inner-col > .aligncenter{width:100%;}.kadence-column28131_b1e6d9-41 > .kt-inside-inner-col:before{opacity:0.3;}.kadence-column28131_b1e6d9-41{position:relative;}.kadence-column28131_b1e6d9-41, .kt-inside-inner-col > .kadence-column28131_b1e6d9-41:not(.specificity){margin-top:50px;}@media all and (max-width: 1024px){.kadence-column28131_b1e6d9-41 > .kt-inside-inner-col{flex-direction:column;justify-content:center;}}@media all and (max-width: 767px){.kadence-column28131_b1e6d9-41 > .kt-inside-inner-col{flex-direction:column;justify-content:center;}}<\/style>\n<div class=\"wp-block-kadence-column kadence-column28131_b1e6d9-41 inner-column-1\"><div class=\"kt-inside-inner-col\"><style>.wp-block-kadence-advancedheading.kt-adv-heading28131_18a804-28, .wp-block-kadence-advancedheading.kt-adv-heading28131_18a804-28[data-kb-block=\"kb-adv-heading28131_18a804-28\"]{text-align:center;font-style:normal;}.wp-block-kadence-advancedheading.kt-adv-heading28131_18a804-28 mark.kt-highlight, .wp-block-kadence-advancedheading.kt-adv-heading28131_18a804-28[data-kb-block=\"kb-adv-heading28131_18a804-28\"] mark.kt-highlight{font-style:normal;color:#f76a0c;-webkit-box-decoration-break:clone;box-decoration-break:clone;padding-top:0px;padding-right:0px;padding-bottom:0px;padding-left:0px;}@media all and (max-width: 767px){.wp-block-kadence-advancedheading.kt-adv-heading28131_18a804-28, .wp-block-kadence-advancedheading.kt-adv-heading28131_18a804-28[data-kb-block=\"kb-adv-heading28131_18a804-28\"]{font-size:42px;}}<\/style>\n<h1 class=\"kt-adv-heading28131_18a804-28 wp-block-kadence-advancedheading has-theme-palette-9-color has-text-color\" data-kb-block=\"kb-adv-heading28131_18a804-28\">Kayaking<\/h1>\n\n\n<style>.wp-block-kadence-advancedheading.kt-adv-heading28131_426d51-75, .wp-block-kadence-advancedheading.kt-adv-heading28131_426d51-75[data-kb-block=\"kb-adv-heading28131_426d51-75\"]{text-align:center;font-style:normal;}.wp-block-kadence-advancedheading.kt-adv-heading28131_426d51-75 mark.kt-highlight, .wp-block-kadence-advancedheading.kt-adv-heading28131_426d51-75[data-kb-block=\"kb-adv-heading28131_426d51-75\"] mark.kt-highlight{font-style:normal;color:#f76a0c;-webkit-box-decoration-break:clone;box-decoration-break:clone;padding-top:0px;padding-right:0px;padding-bottom:0px;padding-left:0px;}<\/style>\n<p class=\"kt-adv-heading28131_426d51-75 wp-block-kadence-advancedheading has-theme-palette-9-color has-text-color\" data-kb-block=\"kb-adv-heading28131_426d51-75\">Whitewater kayaking in Costa Rica<\/p>\n<\/div><\/div>\n\n<\/div><\/div>\n\n<style>.kb-row-layout-id28131_8ea31a-77 > .kt-row-column-wrap{align-content:start;}:where(.kb-row-layout-id28131_8ea31a-77 > .kt-row-column-wrap) > .wp-block-kadence-column{justify-content:start;}.kb-row-layout-id28131_8ea31a-77 > .kt-row-column-wrap{column-gap:80px;row-gap:var(--global-kb-gap-md, 2rem);max-width:var( --global-content-width, 1290px );padding-left:var(--global-content-edge-padding);padding-right:var(--global-content-edge-padding);padding-top:80px;padding-bottom:40px;grid-template-columns:repeat(2, minmax(0, 1fr));}.kb-row-layout-id28131_8ea31a-77 > .kt-row-layout-overlay{opacity:0.85;background-image:url('https:\/\/kernrafting.com\/wp-content\/uploads\/2021\/09\/texture.png');background-size:auto;background-position:center center;background-attachment:scroll;background-repeat:repeat;mix-blend-mode:overlay;}@media all and (max-width: 1024px){.kb-row-layout-id28131_8ea31a-77 > .kt-row-column-wrap{grid-template-columns:repeat(2, minmax(0, 1fr));}}@media all and (max-width: 767px){.kb-row-layout-id28131_8ea31a-77 > .kt-row-column-wrap{grid-template-columns:minmax(0, 1fr);}}<\/style><div class=\"kb-row-layout-wrap kb-row-layout-id28131_8ea31a-77 alignnone has-theme-palette8-background-color kt-row-has-bg wp-block-kadence-rowlayout\"><div class=\"kt-row-layout-overlay kt-row-overlay-normal\"><\/div><div class=\"kt-row-column-wrap kt-has-2-columns kt-row-layout-equal kt-tab-layout-inherit kt-mobile-layout-row kt-row-valign-top kb-theme-content-width\">\n<style>.kadence-column28131_dda68b-8e > .kt-inside-inner-col,.kadence-column28131_dda68b-8e > .kt-inside-inner-col:before{border-top-left-radius:0px;border-top-right-radius:0px;border-bottom-right-radius:0px;border-bottom-left-radius:0px;}.kadence-column28131_dda68b-8e > .kt-inside-inner-col{column-gap:var(--global-kb-gap-sm, 1rem);}.kadence-column28131_dda68b-8e > .kt-inside-inner-col{flex-direction:column;}.kadence-column28131_dda68b-8e > .kt-inside-inner-col > .aligncenter{width:100%;}.kadence-column28131_dda68b-8e > .kt-inside-inner-col:before{opacity:0.3;}.kadence-column28131_dda68b-8e{position:relative;}@media all and (max-width: 1024px){.kadence-column28131_dda68b-8e > .kt-inside-inner-col{flex-direction:column;justify-content:center;}}@media all and (max-width: 767px){.kadence-column28131_dda68b-8e > .kt-inside-inner-col{flex-direction:column;justify-content:center;}}<\/style>\n<div class=\"wp-block-kadence-column kadence-column28131_dda68b-8e inner-column-1\"><div class=\"kt-inside-inner-col\"><style>.wp-block-kadence-advancedheading.kt-adv-heading28131_74b314-10, .wp-block-kadence-advancedheading.kt-adv-heading28131_74b314-10[data-kb-block=\"kb-adv-heading28131_74b314-10\"]{font-style:normal;}.wp-block-kadence-advancedheading.kt-adv-heading28131_74b314-10 mark.kt-highlight, .wp-block-kadence-advancedheading.kt-adv-heading28131_74b314-10[data-kb-block=\"kb-adv-heading28131_74b314-10\"] mark.kt-highlight{font-style:normal;color:#f76a0c;-webkit-box-decoration-break:clone;box-decoration-break:clone;padding-top:0px;padding-right:0px;padding-bottom:0px;padding-left:0px;}<\/style>\n<h6 class=\"kt-adv-heading28131_74b314-10 wp-block-kadence-advancedheading has-theme-palette-1-color has-text-color\" data-kb-block=\"kb-adv-heading28131_74b314-10\">kayak costa rica<\/h6>\n\n\n<style>.wp-block-kadence-advancedheading.kt-adv-heading28131_40b24d-4d, .wp-block-kadence-advancedheading.kt-adv-heading28131_40b24d-4d[data-kb-block=\"kb-adv-heading28131_40b24d-4d\"]{font-style:normal;}.wp-block-kadence-advancedheading.kt-adv-heading28131_40b24d-4d mark.kt-highlight, .wp-block-kadence-advancedheading.kt-adv-heading28131_40b24d-4d[data-kb-block=\"kb-adv-heading28131_40b24d-4d\"] mark.kt-highlight{font-style:normal;color:#f76a0c;-webkit-box-decoration-break:clone;box-decoration-break:clone;padding-top:0px;padding-right:0px;padding-bottom:0px;padding-left:0px;}@media all and (max-width: 767px){.wp-block-kadence-advancedheading.kt-adv-heading28131_40b24d-4d, .wp-block-kadence-advancedheading.kt-adv-heading28131_40b24d-4d[data-kb-block=\"kb-adv-heading28131_40b24d-4d\"]{font-size:36px;}}<\/style>\n<h2 class=\"kt-adv-heading28131_40b24d-4d wp-block-kadence-advancedheading has-theme-palette-4-color has-text-color\" data-kb-block=\"kb-adv-heading28131_40b24d-4d\">Costa Rica <em>kayaking<\/em><\/h2>\n<\/div><\/div>\n\n\n<style>.kadence-column28131_2a206f-a2 > .kt-inside-inner-col,.kadence-column28131_2a206f-a2 > .kt-inside-inner-col:before{border-top-left-radius:0px;border-top-right-radius:0px;border-bottom-right-radius:0px;border-bottom-left-radius:0px;}.kadence-column28131_2a206f-a2 > .kt-inside-inner-col{column-gap:var(--global-kb-gap-sm, 1rem);}.kadence-column28131_2a206f-a2 > .kt-inside-inner-col{flex-direction:column;}.kadence-column28131_2a206f-a2 > .kt-inside-inner-col > .aligncenter{width:100%;}.kadence-column28131_2a206f-a2 > .kt-inside-inner-col:before{opacity:0.3;}.kadence-column28131_2a206f-a2{position:relative;}@media all and (max-width: 1024px){.kadence-column28131_2a206f-a2 > .kt-inside-inner-col{flex-direction:column;justify-content:center;}}@media all and (max-width: 767px){.kadence-column28131_2a206f-a2 > .kt-inside-inner-col{flex-direction:column;justify-content:center;}}<\/style>\n<div class=\"wp-block-kadence-column kadence-column28131_2a206f-a2 inner-column-2\"><div class=\"kt-inside-inner-col\">\n<p>Costa Rica is a whitewater kayakers paradise. With tons of rivers close by, you can create any sort of trip possible.<\/p>\n<\/div><\/div>\n\n<\/div><\/div>\n\n<style>.kb-row-layout-id28131_3be26c-72 > .kt-row-column-wrap{align-content:start;}:where(.kb-row-layout-id28131_3be26c-72 > .kt-row-column-wrap) > .wp-block-kadence-column{justify-content:start;}.kb-row-layout-id28131_3be26c-72 > .kt-row-column-wrap{column-gap:var(--global-kb-gap-md, 2rem);row-gap:var(--global-kb-gap-md, 2rem);max-width:1140px;margin-left:auto;margin-right:auto;padding-top:40px;padding-bottom:0px;grid-template-columns:repeat(2, minmax(0, 1fr));}.kb-row-layout-id28131_3be26c-72 > .kt-row-layout-overlay{opacity:0.30;}@media all and (max-width: 1024px){.kb-row-layout-id28131_3be26c-72 > .kt-row-column-wrap{grid-template-columns:repeat(2, minmax(0, 1fr));}}@media all and (max-width: 767px){.kb-row-layout-id28131_3be26c-72 > .kt-row-column-wrap{grid-template-columns:minmax(0, 1fr);}}<\/style><div class=\"kb-row-layout-wrap kb-row-layout-id28131_3be26c-72 alignfull has-theme-palette9-background-color kt-row-has-bg wp-block-kadence-rowlayout\"><div class=\"kt-row-column-wrap kt-has-2-columns kt-row-layout-equal kt-tab-layout-inherit kt-mobile-layout-row kt-row-valign-top\">\n<style>.kadence-column28131_6214ec-e8 > .kt-inside-inner-col,.kadence-column28131_6214ec-e8 > .kt-inside-inner-col:before{border-top-left-radius:0px;border-top-right-radius:0px;border-bottom-right-radius:0px;border-bottom-left-radius:0px;}.kadence-column28131_6214ec-e8 > .kt-inside-inner-col{column-gap:var(--global-kb-gap-sm, 1rem);}.kadence-column28131_6214ec-e8 > .kt-inside-inner-col{flex-direction:column;}.kadence-column28131_6214ec-e8 > .kt-inside-inner-col > .aligncenter{width:100%;}.kadence-column28131_6214ec-e8 > .kt-inside-inner-col:before{opacity:0.3;}.kadence-column28131_6214ec-e8{position:relative;}@media all and (max-width: 1024px){.kadence-column28131_6214ec-e8 > .kt-inside-inner-col{flex-direction:column;justify-content:center;}}@media all and (max-width: 767px){.kadence-column28131_6214ec-e8 > .kt-inside-inner-col{flex-direction:column;justify-content:center;}}<\/style>\n<div class=\"wp-block-kadence-column kadence-column28131_6214ec-e8 inner-column-1\"><div class=\"kt-inside-inner-col\">\n<p>Every year we host dozens of kayaking clubs, schools, and groups. Sometimes they join us on <a href=\"https:\/\/pacuareoutdoorcenter.com\/experiences\/3-day-raft-zip\/\" data-type=\"page\" data-id=\"985\">3-Day Raft + Zip<\/a> or they build out their own custom itineraries, tackling all the rivers in the area. Don&#8217;t want to travel with your kayak? Our rental fleet has you covered. Please email us to inquire about availability.<\/p>\n<\/div><\/div>\n\n\n<style>.kadence-column28131_c6af1a-5c > .kt-inside-inner-col,.kadence-column28131_c6af1a-5c > .kt-inside-inner-col:before{border-top-left-radius:0px;border-top-right-radius:0px;border-bottom-right-radius:0px;border-bottom-left-radius:0px;}.kadence-column28131_c6af1a-5c > .kt-inside-inner-col{column-gap:var(--global-kb-gap-sm, 1rem);}.kadence-column28131_c6af1a-5c > .kt-inside-inner-col{flex-direction:column;}.kadence-column28131_c6af1a-5c > .kt-inside-inner-col > .aligncenter{width:100%;}.kadence-column28131_c6af1a-5c > .kt-inside-inner-col:before{opacity:0.3;}.kadence-column28131_c6af1a-5c{position:relative;}@media all and (max-width: 1024px){.kadence-column28131_c6af1a-5c > .kt-inside-inner-col{flex-direction:column;justify-content:center;}}@media all and (max-width: 767px){.kadence-column28131_c6af1a-5c > .kt-inside-inner-col{flex-direction:column;justify-content:center;}}<\/style>\n<div class=\"wp-block-kadence-column kadence-column28131_c6af1a-5c inner-column-2\"><div class=\"kt-inside-inner-col\"><style>.wp-block-kadence-advancedgallery .kb-gallery-type-masonry.kb-gallery-id-28131_2b8188-e4{margin:-5px;}.kb-gallery-type-masonry.kb-gallery-id-28131_2b8188-e4 .kadence-blocks-gallery-item{padding:5px;}.kb-gallery-id-28131_2b8188-e4 .kadence-blocks-gallery-item .kb-gal-image-radius, .kb-gallery-id-28131_2b8188-e4 .kb-slide-item .kb-gal-image-radius img{border-radius:0px 0px 0px 0px;;}<\/style><div class=\"kb-gallery-wrap-id-28131_2b8188-e4 alignnone wp-block-kadence-advancedgallery\"><ul class=\"kb-gallery-ul kb-gallery-non-static kb-gallery-type-masonry kb-masonry-init kb-gallery-id-28131_2b8188-e4 kb-gallery-caption-style-bottom-hover kb-gallery-filter-none kb-gallery-magnific-init\" data-image-filter=\"none\" data-item-selector=\".kadence-blocks-gallery-item\" data-lightbox-caption=\"true\" data-columns-xxl=\"3\" data-columns-xl=\"3\" data-columns-md=\"3\" data-columns-sm=\"2\" data-columns-xs=\"1\" data-columns-ss=\"1\"><li class=\"kadence-blocks-gallery-item\"><div class=\"kadence-blocks-gallery-item-inner\"><figure class=\"kb-gallery-figure kb-gallery-item-has-link kadence-blocks-gallery-item-hide-caption\"><a href=\"https:\/\/pacuareoutdoorcenter.com\/wp-content\/uploads\/2023\/01\/DSC_9451.jpg\" class=\"kb-gallery-item-link\"  ><div class=\"kb-gal-image-radius\" style=\"max-width:200px;\"><div class=\"kb-gallery-image-contain kadence-blocks-gallery-intrinsic\" style=\"padding-bottom:150%;\"><img loading=\"lazy\" decoding=\"async\" src=\"https:\/\/pacuareoutdoorcenter.com\/wp-content\/uploads\/2023\/01\/DSC_9451-200x300.jpg\" width=\"200\" height=\"300\" alt=\"\" data-full-image=\"https:\/\/pacuareoutdoorcenter.com\/wp-content\/uploads\/2023\/01\/DSC_9451.jpg\" data-light-image=\"https:\/\/pacuareoutdoorcenter.com\/wp-content\/uploads\/2023\/01\/DSC_9451.jpg\" data-id=\"28133\" class=\"wp-image-28133\" srcset=\"https:\/\/pacuareoutdoorcenter.com\/wp-content\/uploads\/2023\/01\/DSC_9451-200x300.jpg 200w, https:\/\/pacuareoutdoorcenter.com\/wp-content\/uploads\/2023\/01\/DSC_9451-683x1024.jpg 683w, https:\/\/pacuareoutdoorcenter.com\/wp-content\/uploads\/2023\/01\/DSC_9451-768x1152.jpg 768w, https:\/\/pacuareoutdoorcenter.com\/wp-content\/uploads\/2023\/01\/DSC_9451.jpg 800w\" sizes=\"auto, (max-width: 200px) 100vw, 200px\" \/><\/div><\/div><\/a><\/figure><\/div><\/li><li class=\"kadence-blocks-gallery-item\"><div class=\"kadence-blocks-gallery-item-inner\"><figure class=\"kb-gallery-figure kb-gallery-item-has-link kadence-blocks-gallery-item-hide-caption\"><a href=\"https:\/\/pacuareoutdoorcenter.com\/wp-content\/uploads\/2023\/01\/DSC_9364.jpg\" class=\"kb-gallery-item-link\"  ><div class=\"kb-gal-image-radius\" style=\"max-width:300px;\"><div class=\"kb-gallery-image-contain kadence-blocks-gallery-intrinsic\" style=\"padding-bottom:66%;\"><img loading=\"lazy\" decoding=\"async\" src=\"https:\/\/pacuareoutdoorcenter.com\/wp-content\/uploads\/2023\/01\/DSC_9364-300x200.jpg\" width=\"300\" height=\"200\" alt=\"\" data-full-image=\"https:\/\/pacuareoutdoorcenter.com\/wp-content\/uploads\/2023\/01\/DSC_9364.jpg\" data-light-image=\"https:\/\/pacuareoutdoorcenter.com\/wp-content\/uploads\/2023\/01\/DSC_9364.jpg\" data-id=\"28134\" class=\"wp-image-28134\" srcset=\"https:\/\/pacuareoutdoorcenter.com\/wp-content\/uploads\/2023\/01\/DSC_9364-300x200.jpg 300w, https:\/\/pacuareoutdoorcenter.com\/wp-content\/uploads\/2023\/01\/DSC_9364-1024x683.jpg 1024w, https:\/\/pacuareoutdoorcenter.com\/wp-content\/uploads\/2023\/01\/DSC_9364-768x512.jpg 768w, https:\/\/pacuareoutdoorcenter.com\/wp-content\/uploads\/2023\/01\/DSC_9364.jpg 1200w\" sizes=\"auto, (max-width: 300px) 100vw, 300px\" \/><\/div><\/div><\/a><\/figure><\/div><\/li><li class=\"kadence-blocks-gallery-item\"><div class=\"kadence-blocks-gallery-item-inner\"><figure class=\"kb-gallery-figure kb-gallery-item-has-link kadence-blocks-gallery-item-hide-caption\"><a href=\"https:\/\/pacuareoutdoorcenter.com\/wp-content\/uploads\/2023\/01\/DSC_9346.jpg\" class=\"kb-gallery-item-link\"  ><div class=\"kb-gal-image-radius\" style=\"max-width:300px;\"><div class=\"kb-gallery-image-contain kadence-blocks-gallery-intrinsic\" style=\"padding-bottom:66%;\"><img loading=\"lazy\" decoding=\"async\" src=\"https:\/\/pacuareoutdoorcenter.com\/wp-content\/uploads\/2023\/01\/DSC_9346-300x200.jpg\" width=\"300\" height=\"200\" alt=\"\" data-full-image=\"https:\/\/pacuareoutdoorcenter.com\/wp-content\/uploads\/2023\/01\/DSC_9346.jpg\" data-light-image=\"https:\/\/pacuareoutdoorcenter.com\/wp-content\/uploads\/2023\/01\/DSC_9346.jpg\" data-id=\"28135\" class=\"wp-image-28135\" srcset=\"https:\/\/pacuareoutdoorcenter.com\/wp-content\/uploads\/2023\/01\/DSC_9346-300x200.jpg 300w, https:\/\/pacuareoutdoorcenter.com\/wp-content\/uploads\/2023\/01\/DSC_9346-1024x683.jpg 1024w, https:\/\/pacuareoutdoorcenter.com\/wp-content\/uploads\/2023\/01\/DSC_9346-768x512.jpg 768w, https:\/\/pacuareoutdoorcenter.com\/wp-content\/uploads\/2023\/01\/DSC_9346.jpg 1200w\" sizes=\"auto, (max-width: 300px) 100vw, 300px\" \/><\/div><\/div><\/a><\/figure><\/div><\/li><li class=\"kadence-blocks-gallery-item\"><div class=\"kadence-blocks-gallery-item-inner\"><figure class=\"kb-gallery-figure kb-gallery-item-has-link kadence-blocks-gallery-item-hide-caption\"><a href=\"https:\/\/pacuareoutdoorcenter.com\/wp-content\/uploads\/2023\/01\/DSC_9510.jpg\" class=\"kb-gallery-item-link\"  ><div class=\"kb-gal-image-radius\" style=\"max-width:300px;\"><div class=\"kb-gallery-image-contain kadence-blocks-gallery-intrinsic\" style=\"padding-bottom:66%;\"><img loading=\"lazy\" decoding=\"async\" src=\"https:\/\/pacuareoutdoorcenter.com\/wp-content\/uploads\/2023\/01\/DSC_9510-300x200.jpg\" width=\"300\" height=\"200\" alt=\"\" data-full-image=\"https:\/\/pacuareoutdoorcenter.com\/wp-content\/uploads\/2023\/01\/DSC_9510.jpg\" data-light-image=\"https:\/\/pacuareoutdoorcenter.com\/wp-content\/uploads\/2023\/01\/DSC_9510.jpg\" data-id=\"28136\" class=\"wp-image-28136\" srcset=\"https:\/\/pacuareoutdoorcenter.com\/wp-content\/uploads\/2023\/01\/DSC_9510-300x200.jpg 300w, https:\/\/pacuareoutdoorcenter.com\/wp-content\/uploads\/2023\/01\/DSC_9510-1024x683.jpg 1024w, https:\/\/pacuareoutdoorcenter.com\/wp-content\/uploads\/2023\/01\/DSC_9510-768x512.jpg 768w, https:\/\/pacuareoutdoorcenter.com\/wp-content\/uploads\/2023\/01\/DSC_9510.jpg 1200w\" sizes=\"auto, (max-width: 300px) 100vw, 300px\" \/><\/div><\/div><\/a><\/figure><\/div><\/li><\/ul><\/div><\/div><\/div>\n\n<\/div><\/div>\n\n\n\n","protected":false},"excerpt":{"rendered":"<p>Kayak Whitewater kayaking en Costa Rica kayak costa rica Costa Rica kayaking Costa Rica es un para\u00edso para los kayakers de aguas bravas. Con toneladas de r\u00edos cerca, puedes crear cualquier tipo de viaje posible. Cada a\u00f1o acogemos a docenas de clubes, escuelas y grupos de kayaking. A veces se unen a nosotros en Raft + Zip de 3 d\u00edas o...<\/p>","protected":false},"author":1,"featured_media":28132,"parent":1292,"menu_order":0,"comment_status":"closed","ping_status":"closed","template":"","meta":{"_kad_blocks_custom_css":"","_kad_blocks_head_custom_js":"","_kad_blocks_body_custom_js":"","_kad_blocks_footer_custom_js":"","_kadence_starter_templates_imported_post":false,"_kad_post_transparent":"","_kad_post_title":"hide","_kad_post_layout":"fullwidth","_kad_post_sidebar_id":"","_kad_post_content_style":"unboxed","_kad_post_vertical_padding":"hide","_kad_post_feature":"hide","_kad_post_feature_position":"","_kad_post_header":false,"_kad_post_footer":false,"footnotes":""},"class_list":["post-28131","page","type-page","status-publish","has-post-thumbnail","hentry"],"taxonomy_info":[],"featured_image_src_large":["https:\/\/pacuareoutdoorcenter.com\/wp-content\/uploads\/2023\/01\/kayak-header-1024x683.webp",1024,683,true],"author_info":{"display_name":"Matt","author_link":"https:\/\/pacuareoutdoorcenter.com\/es\/author\/admin\/"},"comment_info":0,"_links":{"self":[{"href":"https:\/\/pacuareoutdoorcenter.com\/es\/wp-json\/wp\/v2\/pages\/28131","targetHints":{"allow":["GET"]}}],"collection":[{"href":"https:\/\/pacuareoutdoorcenter.com\/es\/wp-json\/wp\/v2\/pages"}],"about":[{"href":"https:\/\/pacuareoutdoorcenter.com\/es\/wp-json\/wp\/v2\/types\/page"}],"author":[{"embeddable":true,"href":"https:\/\/pacuareoutdoorcenter.com\/es\/wp-json\/wp\/v2\/users\/1"}],"replies":[{"embeddable":true,"href":"https:\/\/pacuareoutdoorcenter.com\/es\/wp-json\/wp\/v2\/comments?post=28131"}],"version-history":[{"count":6,"href":"https:\/\/pacuareoutdoorcenter.com\/es\/wp-json\/wp\/v2\/pages\/28131\/revisions"}],"predecessor-version":[{"id":32627,"href":"https:\/\/pacuareoutdoorcenter.com\/es\/wp-json\/wp\/v2\/pages\/28131\/revisions\/32627"}],"up":[{"embeddable":true,"href":"https:\/\/pacuareoutdoorcenter.com\/es\/wp-json\/wp\/v2\/pages\/1292"}],"wp:featuredmedia":[{"embeddable":true,"href":"https:\/\/pacuareoutdoorcenter.com\/es\/wp-json\/wp\/v2\/media\/28132"}],"wp:attachment":[{"href":"https:\/\/pacuareoutdoorcenter.com\/es\/wp-json\/wp\/v2\/media?parent=28131"}],"curies":[{"name":"wp","href":"https:\/\/api.w.org\/{rel}","templated":true}]}}