{"id":1694,"date":"2023-01-07T02:21:18","date_gmt":"2023-01-07T02:21:18","guid":{"rendered":"https:\/\/pacuareoutdoorcenter.com\/?page_id=1694"},"modified":"2025-02-03T21:17:11","modified_gmt":"2025-02-03T21:17:11","slug":"compromiso-de-pacuare","status":"publish","type":"page","link":"https:\/\/pacuareoutdoorcenter.com\/es\/about-us\/pacuare-pledge\/","title":{"rendered":"Compromiso Pacuare"},"content":{"rendered":"<style>.kb-row-layout-wrap.wp-block-kadence-rowlayout.kb-row-layout-id1694_90deb1-e5{margin-bottom:0px;}.kb-row-layout-id1694_90deb1-e5 > .kt-row-column-wrap{align-content:start;}:where(.kb-row-layout-id1694_90deb1-e5 > .kt-row-column-wrap) > .wp-block-kadence-column{justify-content:start;}.kb-row-layout-id1694_90deb1-e5 > .kt-row-column-wrap{column-gap:var(--global-kb-gap-md, 2rem);row-gap:var(--global-kb-gap-md, 2rem);max-width:var( --global-content-width, 1290px );padding-left:var(--global-content-edge-padding);padding-right:var(--global-content-edge-padding);padding-top:150px;padding-bottom:150px;grid-template-columns:minmax(0, 1fr);}.kb-row-layout-id1694_90deb1-e5{background-image:url('https:\/\/pacuareoutdoorcenter.com\/wp-content\/uploads\/2023\/01\/pacuare-pledge.webp');background-size:cover;background-position:47% 56.99999999999999%;background-attachment:scroll;background-repeat:no-repeat;}.kb-row-layout-id1694_90deb1-e5 > .kt-row-layout-overlay{opacity:0.60;background-color:var(--global-palette3, #1A202C);}@media all and (max-width: 1024px){.kb-row-layout-id1694_90deb1-e5 > .kt-row-column-wrap{grid-template-columns:minmax(0, 1fr);}}@media all and (max-width: 767px){.kb-row-layout-id1694_90deb1-e5 > .kt-row-column-wrap{grid-template-columns:minmax(0, 1fr);}}<\/style><div class=\"kb-row-layout-wrap kb-row-layout-id1694_90deb1-e5 aligncenter kt-row-has-bg wp-block-kadence-rowlayout\"><div class=\"kt-row-layout-overlay kt-row-overlay-normal\"><\/div><div class=\"kt-row-column-wrap kt-has-1-columns kt-row-layout-equal kt-tab-layout-inherit kt-mobile-layout-row kt-row-valign-top kb-theme-content-width\">\n<style>.kadence-column1694_8284b2-b4 > .kt-inside-inner-col,.kadence-column1694_8284b2-b4 > .kt-inside-inner-col:before{border-top-left-radius:0px;border-top-right-radius:0px;border-bottom-right-radius:0px;border-bottom-left-radius:0px;}.kadence-column1694_8284b2-b4 > .kt-inside-inner-col{column-gap:var(--global-kb-gap-sm, 1rem);}.kadence-column1694_8284b2-b4 > .kt-inside-inner-col{flex-direction:column;}.kadence-column1694_8284b2-b4 > .kt-inside-inner-col > .aligncenter{width:100%;}.kadence-column1694_8284b2-b4 > .kt-inside-inner-col:before{opacity:0.3;}.kadence-column1694_8284b2-b4{position:relative;}.kadence-column1694_8284b2-b4, .kt-inside-inner-col > .kadence-column1694_8284b2-b4:not(.specificity){margin-top:50px;}@media all and (max-width: 1024px){.kadence-column1694_8284b2-b4 > .kt-inside-inner-col{flex-direction:column;justify-content:center;}}@media all and (max-width: 767px){.kadence-column1694_8284b2-b4 > .kt-inside-inner-col{flex-direction:column;justify-content:center;}}<\/style>\n<div class=\"wp-block-kadence-column kadence-column1694_8284b2-b4 inner-column-1\"><div class=\"kt-inside-inner-col\"><style>.wp-block-kadence-advancedheading.kt-adv-heading1694_fa4aa1-a2, .wp-block-kadence-advancedheading.kt-adv-heading1694_fa4aa1-a2[data-kb-block=\"kb-adv-heading1694_fa4aa1-a2\"]{text-align:center;font-style:normal;}.wp-block-kadence-advancedheading.kt-adv-heading1694_fa4aa1-a2 mark.kt-highlight, .wp-block-kadence-advancedheading.kt-adv-heading1694_fa4aa1-a2[data-kb-block=\"kb-adv-heading1694_fa4aa1-a2\"] mark.kt-highlight{font-style:normal;color:#f76a0c;-webkit-box-decoration-break:clone;box-decoration-break:clone;padding-top:0px;padding-right:0px;padding-bottom:0px;padding-left:0px;}@media all and (max-width: 767px){.wp-block-kadence-advancedheading.kt-adv-heading1694_fa4aa1-a2, .wp-block-kadence-advancedheading.kt-adv-heading1694_fa4aa1-a2[data-kb-block=\"kb-adv-heading1694_fa4aa1-a2\"]{font-size:42px;}}<\/style>\n<h1 class=\"kt-adv-heading1694_fa4aa1-a2 wp-block-kadence-advancedheading has-theme-palette-9-color has-text-color\" data-kb-block=\"kb-adv-heading1694_fa4aa1-a2\">Pacuare Pledge<\/h1>\n\n\n<style>.wp-block-kadence-advancedheading.kt-adv-heading1694_3748cc-84, .wp-block-kadence-advancedheading.kt-adv-heading1694_3748cc-84[data-kb-block=\"kb-adv-heading1694_3748cc-84\"]{text-align:center;font-style:normal;}.wp-block-kadence-advancedheading.kt-adv-heading1694_3748cc-84 mark.kt-highlight, .wp-block-kadence-advancedheading.kt-adv-heading1694_3748cc-84[data-kb-block=\"kb-adv-heading1694_3748cc-84\"] mark.kt-highlight{font-style:normal;color:#f76a0c;-webkit-box-decoration-break:clone;box-decoration-break:clone;padding-top:0px;padding-right:0px;padding-bottom:0px;padding-left:0px;}<\/style>\n<p class=\"kt-adv-heading1694_3748cc-84 wp-block-kadence-advancedheading has-theme-palette-9-color has-text-color\" data-kb-block=\"kb-adv-heading1694_3748cc-84\">Our promise to the Pacuare and Costa Rica<\/p>\n<\/div><\/div>\n\n<\/div><\/div>\n\n<style>.kb-row-layout-id1694_b153bd-59 > .kt-row-column-wrap{align-content:center;}:where(.kb-row-layout-id1694_b153bd-59 > .kt-row-column-wrap) > .wp-block-kadence-column{justify-content:center;}.kb-row-layout-id1694_b153bd-59 > .kt-row-column-wrap{column-gap:var(--global-kb-gap-md, 2rem);row-gap:var(--global-kb-gap-md, 2rem);max-width:var( --global-content-width, 1290px );padding-left:var(--global-content-edge-padding);padding-right:var(--global-content-edge-padding);padding-top:40px;padding-bottom:0px;grid-template-columns:minmax(0, 1fr);}.kb-row-layout-id1694_b153bd-59 > .kt-row-layout-overlay{opacity:0.30;}@media all and (max-width: 1024px){.kb-row-layout-id1694_b153bd-59 > .kt-row-column-wrap{grid-template-columns:minmax(0, 1fr);}}@media all and (max-width: 767px){.kb-row-layout-id1694_b153bd-59 > .kt-row-column-wrap{grid-template-columns:minmax(0, 1fr);}}<\/style><div class=\"kb-row-layout-wrap kb-row-layout-id1694_b153bd-59 alignnone has-theme-palette8-background-color kt-row-has-bg wp-block-kadence-rowlayout\"><div class=\"kt-row-column-wrap kt-has-1-columns kt-row-layout-equal kt-tab-layout-inherit kt-mobile-layout-row kt-row-valign-middle kb-theme-content-width\">\n<style>.kadence-column1694_8e2ed0-2a > .kt-inside-inner-col,.kadence-column1694_8e2ed0-2a > .kt-inside-inner-col:before{border-top-left-radius:0px;border-top-right-radius:0px;border-bottom-right-radius:0px;border-bottom-left-radius:0px;}.kadence-column1694_8e2ed0-2a > .kt-inside-inner-col{column-gap:var(--global-kb-gap-sm, 1rem);}.kadence-column1694_8e2ed0-2a > .kt-inside-inner-col{flex-direction:column;}.kadence-column1694_8e2ed0-2a > .kt-inside-inner-col > .aligncenter{width:100%;}.kadence-column1694_8e2ed0-2a > .kt-inside-inner-col:before{opacity:0.3;}.kadence-column1694_8e2ed0-2a{position:relative;}@media all and (max-width: 1024px){.kadence-column1694_8e2ed0-2a > .kt-inside-inner-col{flex-direction:column;justify-content:center;}}@media all and (max-width: 767px){.kadence-column1694_8e2ed0-2a > .kt-inside-inner-col{flex-direction:column;justify-content:center;}}<\/style>\n<div class=\"wp-block-kadence-column kadence-column1694_8e2ed0-2a inner-column-2\"><div class=\"kt-inside-inner-col\"><style>.wp-block-kadence-advancedheading.kt-adv-heading1694_1e63fa-fd, .wp-block-kadence-advancedheading.kt-adv-heading1694_1e63fa-fd[data-kb-block=\"kb-adv-heading1694_1e63fa-fd\"]{font-style:normal;}.wp-block-kadence-advancedheading.kt-adv-heading1694_1e63fa-fd mark.kt-highlight, .wp-block-kadence-advancedheading.kt-adv-heading1694_1e63fa-fd[data-kb-block=\"kb-adv-heading1694_1e63fa-fd\"] mark.kt-highlight{font-style:normal;color:#f76a0c;-webkit-box-decoration-break:clone;box-decoration-break:clone;padding-top:0px;padding-right:0px;padding-bottom:0px;padding-left:0px;}<\/style>\n<h2 class=\"kt-adv-heading1694_1e63fa-fd wp-block-kadence-advancedheading has-theme-palette-4-color has-text-color\" data-kb-block=\"kb-adv-heading1694_1e63fa-fd\"><em>Our pledge<\/em><\/h2>\n\n\n<style>.kb-table-of-content-nav.kb-table-of-content-id1694_773ca8-a0 .kb-table-of-content-wrap{padding-top:var(--global-kb-spacing-sm, 1.5rem);padding-right:var(--global-kb-spacing-sm, 1.5rem);padding-bottom:var(--global-kb-spacing-sm, 1.5rem);padding-left:var(--global-kb-spacing-sm, 1.5rem);}.kb-table-of-content-nav.kb-table-of-content-id1694_773ca8-a0 .kb-table-of-contents-title-wrap{padding-top:0px;padding-right:0px;padding-bottom:0px;padding-left:0px;}.kb-table-of-content-nav.kb-table-of-content-id1694_773ca8-a0 .kb-table-of-contents-title{font-weight:regular;font-style:normal;}.kb-table-of-content-nav.kb-table-of-content-id1694_773ca8-a0 .kb-table-of-content-wrap .kb-table-of-content-list{font-weight:regular;font-style:normal;margin-top:var(--global-kb-spacing-sm, 1.5rem);margin-right:0px;margin-bottom:0px;margin-left:0px;}<\/style><\/div><\/div>\n\n<\/div><\/div>\n\n<style>.kb-row-layout-id1694_0870ee-91 > .kt-row-column-wrap{align-content:center;}:where(.kb-row-layout-id1694_0870ee-91 > .kt-row-column-wrap) > .wp-block-kadence-column{justify-content:center;}.kb-row-layout-id1694_0870ee-91 > .kt-row-column-wrap{column-gap:var(--global-kb-gap-md, 2rem);row-gap:var(--global-kb-gap-md, 2rem);max-width:var( --global-content-width, 1290px );padding-left:var(--global-content-edge-padding);padding-right:var(--global-content-edge-padding);padding-top:40px;padding-bottom:40px;grid-template-columns:minmax(0, 1fr);}.kb-row-layout-id1694_0870ee-91 > .kt-row-layout-overlay{opacity:0.30;}@media all and (max-width: 1024px){.kb-row-layout-id1694_0870ee-91 > .kt-row-column-wrap{grid-template-columns:minmax(0, 1fr);}}@media all and (max-width: 767px){.kb-row-layout-id1694_0870ee-91 > .kt-row-column-wrap{grid-template-columns:minmax(0, 1fr);}}<\/style><div class=\"kb-row-layout-wrap kb-row-layout-id1694_0870ee-91 alignnone wp-block-kadence-rowlayout\"><div class=\"kt-row-column-wrap kt-has-1-columns kt-row-layout-equal kt-tab-layout-inherit kt-mobile-layout-row kt-row-valign-middle kb-theme-content-width\">\n<style>.kadence-column1694_6ddd5b-2c > .kt-inside-inner-col,.kadence-column1694_6ddd5b-2c > .kt-inside-inner-col:before{border-top-left-radius:0px;border-top-right-radius:0px;border-bottom-right-radius:0px;border-bottom-left-radius:0px;}.kadence-column1694_6ddd5b-2c > .kt-inside-inner-col{column-gap:var(--global-kb-gap-sm, 1rem);}.kadence-column1694_6ddd5b-2c > .kt-inside-inner-col{flex-direction:column;}.kadence-column1694_6ddd5b-2c > .kt-inside-inner-col > .aligncenter{width:100%;}.kadence-column1694_6ddd5b-2c > .kt-inside-inner-col:before{opacity:0.3;}.kadence-column1694_6ddd5b-2c{position:relative;}@media all and (max-width: 1024px){.kadence-column1694_6ddd5b-2c > .kt-inside-inner-col{flex-direction:column;justify-content:center;}}@media all and (max-width: 767px){.kadence-column1694_6ddd5b-2c > .kt-inside-inner-col{flex-direction:column;justify-content:center;}}<\/style>\n<div class=\"wp-block-kadence-column kadence-column1694_6ddd5b-2c inner-column-2\"><div class=\"kt-inside-inner-col\"><style>.wp-block-kadence-advancedheading.kt-adv-heading1694_5b5173-b0, .wp-block-kadence-advancedheading.kt-adv-heading1694_5b5173-b0[data-kb-block=\"kb-adv-heading1694_5b5173-b0\"]{font-style:normal;}.wp-block-kadence-advancedheading.kt-adv-heading1694_5b5173-b0 mark.kt-highlight, .wp-block-kadence-advancedheading.kt-adv-heading1694_5b5173-b0[data-kb-block=\"kb-adv-heading1694_5b5173-b0\"] mark.kt-highlight{font-style:normal;color:#f76a0c;-webkit-box-decoration-break:clone;box-decoration-break:clone;padding-top:0px;padding-right:0px;padding-bottom:0px;padding-left:0px;}<\/style>\n<h3 class=\"kt-adv-heading1694_5b5173-b0 wp-block-kadence-advancedheading\" data-kb-block=\"kb-adv-heading1694_5b5173-b0\">Fair Pay<\/h3>\n\n\n\n<p><br>The Pacuare Outdoor Center pays fair wages to our guides. This not only allows us to offer a more stable financial life to our employees, but it keeps the finest and most skilled professionals in the industry on our team.<\/p>\n\n\n<style>.wp-block-kadence-advancedheading.kt-adv-heading1694_056708-45, .wp-block-kadence-advancedheading.kt-adv-heading1694_056708-45[data-kb-block=\"kb-adv-heading1694_056708-45\"]{font-style:normal;}.wp-block-kadence-advancedheading.kt-adv-heading1694_056708-45 mark.kt-highlight, .wp-block-kadence-advancedheading.kt-adv-heading1694_056708-45[data-kb-block=\"kb-adv-heading1694_056708-45\"] mark.kt-highlight{font-style:normal;color:#f76a0c;-webkit-box-decoration-break:clone;box-decoration-break:clone;padding-top:0px;padding-right:0px;padding-bottom:0px;padding-left:0px;}<\/style>\n<h3 class=\"kt-adv-heading1694_056708-45 wp-block-kadence-advancedheading\" data-kb-block=\"kb-adv-heading1694_056708-45\">Stewards of the Environment<\/h3>\n\n\n\n<p>Pacuare Outdoor Center focuses on conservation efforts to protect the Pacuare River basin. With over 120 hectares of land and 40 of them reforested through Pacuare Outdoor Center, our goal is to run our operation from start to finish keeping the impact on the environment only second to the safety of our clients<\/p>\n\n\n<style>.wp-block-kadence-advancedheading.kt-adv-heading1694_dbd484-6f, .wp-block-kadence-advancedheading.kt-adv-heading1694_dbd484-6f[data-kb-block=\"kb-adv-heading1694_dbd484-6f\"]{font-style:normal;}.wp-block-kadence-advancedheading.kt-adv-heading1694_dbd484-6f mark.kt-highlight, .wp-block-kadence-advancedheading.kt-adv-heading1694_dbd484-6f[data-kb-block=\"kb-adv-heading1694_dbd484-6f\"] mark.kt-highlight{font-style:normal;color:#f76a0c;-webkit-box-decoration-break:clone;box-decoration-break:clone;padding-top:0px;padding-right:0px;padding-bottom:0px;padding-left:0px;}<\/style>\n<h3 class=\"kt-adv-heading1694_dbd484-6f wp-block-kadence-advancedheading\" data-kb-block=\"kb-adv-heading1694_dbd484-6f\">Community Outreach<\/h3>\n\n\n\n<p>Pacuare Outdoor Center has taken up numerous projects in and around the area, national and internationally. As a Costa Rica junior rafting team sponsor and a member of the Paddle for Peace Project in Colombia sponsored by the United Nations, the Pacuare Outdoor Center is always looking for more ways to center their company around making a difference before making a profit. This motivates the Pacuare Outdoor Center to be the elite example of running a dynamic business, giving back, and profit.<\/p>\n\n\n<style>.wp-block-kadence-advancedheading.kt-adv-heading1694_ad70d3-49, .wp-block-kadence-advancedheading.kt-adv-heading1694_ad70d3-49[data-kb-block=\"kb-adv-heading1694_ad70d3-49\"]{font-style:normal;}.wp-block-kadence-advancedheading.kt-adv-heading1694_ad70d3-49 mark.kt-highlight, .wp-block-kadence-advancedheading.kt-adv-heading1694_ad70d3-49[data-kb-block=\"kb-adv-heading1694_ad70d3-49\"] mark.kt-highlight{font-style:normal;color:#f76a0c;-webkit-box-decoration-break:clone;box-decoration-break:clone;padding-top:0px;padding-right:0px;padding-bottom:0px;padding-left:0px;}<\/style>\n<h3 class=\"kt-adv-heading1694_ad70d3-49 wp-block-kadence-advancedheading\" data-kb-block=\"kb-adv-heading1694_ad70d3-49\">Safety<\/h3>\n\n\n\n<p>With an industry that has struggled with bureaucratic regulations, the Pacuare Outdoor Center is an operation that abides by the highest levels of safety. The Pacuare Outdoor Center is one of the few companies in Costa Rica recognized by the International Rafting Federation, allowing their guides to guide in any part of the world.<\/p>\n\n\n<style>.wp-block-kadence-advancedheading.kt-adv-heading1694_0ca253-3b, .wp-block-kadence-advancedheading.kt-adv-heading1694_0ca253-3b[data-kb-block=\"kb-adv-heading1694_0ca253-3b\"]{font-style:normal;}.wp-block-kadence-advancedheading.kt-adv-heading1694_0ca253-3b mark.kt-highlight, .wp-block-kadence-advancedheading.kt-adv-heading1694_0ca253-3b[data-kb-block=\"kb-adv-heading1694_0ca253-3b\"] mark.kt-highlight{font-style:normal;color:#f76a0c;-webkit-box-decoration-break:clone;box-decoration-break:clone;padding-top:0px;padding-right:0px;padding-bottom:0px;padding-left:0px;}<\/style>\n<h3 class=\"kt-adv-heading1694_0ca253-3b wp-block-kadence-advancedheading\" data-kb-block=\"kb-adv-heading1694_0ca253-3b\">Fair Trade Tourism<\/h3>\n\n\n\n<p>Our approach to pricing reflects our dedication to quality, safety, and the overall health of Costa Rica\u2019s adventure industry. We don&#8217;t compete on price; we focus on delivering unparalleled experiences that justify their value. In adventure tourism, the lowest price isn&#8217;t the goal\u2014exceptional, safe, and responsible adventures are.<\/p>\n<\/div><\/div>\n\n<\/div><\/div>","protected":false},"excerpt":{"rendered":"<p>Compromiso Pacuare Nuestro compromiso con el Pacuare y el Costa Rica Nuestro compromiso Salario justo El Pacuare Outdoor Center paga salarios justos a nuestros gu\u00edas. Esto no s\u00f3lo nos permite ofrecer una vida financiera m\u00e1s estable a nuestros empleados, sino que mantiene en nuestro equipo a los mejores y m\u00e1s cualificados profesionales del sector. Gu\u00edas...<\/p>","protected":false},"author":1,"featured_media":0,"parent":1170,"menu_order":0,"comment_status":"closed","ping_status":"closed","template":"","meta":{"_kad_blocks_custom_css":"","_kad_blocks_head_custom_js":"","_kad_blocks_body_custom_js":"","_kad_blocks_footer_custom_js":"","_kadence_starter_templates_imported_post":false,"_kad_post_transparent":"default","_kad_post_title":"hide","_kad_post_layout":"fullwidth","_kad_post_sidebar_id":"","_kad_post_content_style":"unboxed","_kad_post_vertical_padding":"hide","_kad_post_feature":"hide","_kad_post_feature_position":"","_kad_post_header":false,"_kad_post_footer":false,"footnotes":""},"class_list":["post-1694","page","type-page","status-publish","hentry"],"taxonomy_info":[],"featured_image_src_large":false,"author_info":{"display_name":"Matt","author_link":"https:\/\/pacuareoutdoorcenter.com\/es\/author\/admin\/"},"comment_info":0,"_links":{"self":[{"href":"https:\/\/pacuareoutdoorcenter.com\/es\/wp-json\/wp\/v2\/pages\/1694","targetHints":{"allow":["GET"]}}],"collection":[{"href":"https:\/\/pacuareoutdoorcenter.com\/es\/wp-json\/wp\/v2\/pages"}],"about":[{"href":"https:\/\/pacuareoutdoorcenter.com\/es\/wp-json\/wp\/v2\/types\/page"}],"author":[{"embeddable":true,"href":"https:\/\/pacuareoutdoorcenter.com\/es\/wp-json\/wp\/v2\/users\/1"}],"replies":[{"embeddable":true,"href":"https:\/\/pacuareoutdoorcenter.com\/es\/wp-json\/wp\/v2\/comments?post=1694"}],"version-history":[{"count":13,"href":"https:\/\/pacuareoutdoorcenter.com\/es\/wp-json\/wp\/v2\/pages\/1694\/revisions"}],"predecessor-version":[{"id":32621,"href":"https:\/\/pacuareoutdoorcenter.com\/es\/wp-json\/wp\/v2\/pages\/1694\/revisions\/32621"}],"up":[{"embeddable":true,"href":"https:\/\/pacuareoutdoorcenter.com\/es\/wp-json\/wp\/v2\/pages\/1170"}],"wp:attachment":[{"href":"https:\/\/pacuareoutdoorcenter.com\/es\/wp-json\/wp\/v2\/media?parent=1694"}],"curies":[{"name":"wp","href":"https:\/\/api.w.org\/{rel}","templated":true}]}}