{"id":31571,"date":"2024-05-28T01:09:47","date_gmt":"2024-05-28T01:09:47","guid":{"rendered":"https:\/\/pacuareoutdoorcenter.com\/?page_id=31571"},"modified":"2025-02-03T21:20:18","modified_gmt":"2025-02-03T21:20:18","slug":"e-mail-anmeldung","status":"publish","type":"page","link":"https:\/\/pacuareoutdoorcenter.com\/de\/email-sign-up\/","title":{"rendered":"E-Mail-Anmeldung"},"content":{"rendered":"<style>.kb-row-layout-wrap.wp-block-kadence-rowlayout.kb-row-layout-id31571_cfff54-34{margin-bottom:0px;}.kb-row-layout-id31571_cfff54-34 > .kt-row-column-wrap{align-content:start;}:where(.kb-row-layout-id31571_cfff54-34 > .kt-row-column-wrap) > .wp-block-kadence-column{justify-content:start;}.kb-row-layout-id31571_cfff54-34 > .kt-row-column-wrap{column-gap:var(--global-kb-gap-md, 2rem);row-gap:var(--global-kb-gap-md, 2rem);max-width:var( --global-content-width, 1290px );padding-left:var(--global-content-edge-padding);padding-right:var(--global-content-edge-padding);padding-top:150px;padding-bottom:150px;grid-template-columns:minmax(0, 1fr);}.kb-row-layout-id31571_cfff54-34{background-image:url('https:\/\/pacuareoutdoorcenter.com\/wp-content\/uploads\/2024\/05\/two-day-large.webp');background-size:cover;background-position:48% 52%;background-attachment:scroll;background-repeat:no-repeat;}.kb-row-layout-id31571_cfff54-34 > .kt-row-layout-overlay{opacity:0.60;background-color:var(--global-palette3, #1A202C);}@media all and (max-width: 1024px){.kb-row-layout-id31571_cfff54-34 > .kt-row-column-wrap{grid-template-columns:minmax(0, 1fr);}}@media all and (max-width: 767px){.kb-row-layout-id31571_cfff54-34 > .kt-row-column-wrap{grid-template-columns:minmax(0, 1fr);}}<\/style><div class=\"kb-row-layout-wrap kb-row-layout-id31571_cfff54-34 aligncenter kt-row-has-bg wp-block-kadence-rowlayout\"><div class=\"kt-row-layout-overlay kt-row-overlay-normal\"><\/div><div class=\"kt-row-column-wrap kt-has-1-columns kt-row-layout-equal kt-tab-layout-inherit kt-mobile-layout-row kt-row-valign-top kb-theme-content-width\">\n<style>.kadence-column31571_e2f0f8-ba > .kt-inside-inner-col,.kadence-column31571_e2f0f8-ba > .kt-inside-inner-col:before{border-top-left-radius:0px;border-top-right-radius:0px;border-bottom-right-radius:0px;border-bottom-left-radius:0px;}.kadence-column31571_e2f0f8-ba > .kt-inside-inner-col{column-gap:var(--global-kb-gap-sm, 1rem);}.kadence-column31571_e2f0f8-ba > .kt-inside-inner-col{flex-direction:column;}.kadence-column31571_e2f0f8-ba > .kt-inside-inner-col > .aligncenter{width:100%;}.kadence-column31571_e2f0f8-ba > .kt-inside-inner-col:before{opacity:0.3;}.kadence-column31571_e2f0f8-ba{position:relative;}.kadence-column31571_e2f0f8-ba, .kt-inside-inner-col > .kadence-column31571_e2f0f8-ba:not(.specificity){margin-top:50px;}@media all and (max-width: 1024px){.kadence-column31571_e2f0f8-ba > .kt-inside-inner-col{flex-direction:column;justify-content:center;}}@media all and (max-width: 767px){.kadence-column31571_e2f0f8-ba > .kt-inside-inner-col{flex-direction:column;justify-content:center;}}<\/style>\n<div class=\"wp-block-kadence-column kadence-column31571_e2f0f8-ba inner-column-1\"><div class=\"kt-inside-inner-col\"><style>.wp-block-kadence-advancedheading.kt-adv-heading31571_cf5789-f5, .wp-block-kadence-advancedheading.kt-adv-heading31571_cf5789-f5[data-kb-block=\"kb-adv-heading31571_cf5789-f5\"]{text-align:center;font-style:normal;}.wp-block-kadence-advancedheading.kt-adv-heading31571_cf5789-f5 mark.kt-highlight, .wp-block-kadence-advancedheading.kt-adv-heading31571_cf5789-f5[data-kb-block=\"kb-adv-heading31571_cf5789-f5\"] mark.kt-highlight{font-style:normal;color:#f76a0c;-webkit-box-decoration-break:clone;box-decoration-break:clone;padding-top:0px;padding-right:0px;padding-bottom:0px;padding-left:0px;}@media all and (max-width: 767px){.wp-block-kadence-advancedheading.kt-adv-heading31571_cf5789-f5, .wp-block-kadence-advancedheading.kt-adv-heading31571_cf5789-f5[data-kb-block=\"kb-adv-heading31571_cf5789-f5\"]{font-size:42px;}}<\/style>\n<h1 class=\"kt-adv-heading31571_cf5789-f5 wp-block-kadence-advancedheading has-theme-palette-9-color has-text-color\" data-kb-block=\"kb-adv-heading31571_cf5789-f5\">Join our Email List<\/h1>\n\n\n<style>.wp-block-kadence-advancedheading.kt-adv-heading31571_1112df-b7, .wp-block-kadence-advancedheading.kt-adv-heading31571_1112df-b7[data-kb-block=\"kb-adv-heading31571_1112df-b7\"]{text-align:center;font-style:normal;}.wp-block-kadence-advancedheading.kt-adv-heading31571_1112df-b7 mark.kt-highlight, .wp-block-kadence-advancedheading.kt-adv-heading31571_1112df-b7[data-kb-block=\"kb-adv-heading31571_1112df-b7\"] mark.kt-highlight{font-style:normal;color:#f76a0c;-webkit-box-decoration-break:clone;box-decoration-break:clone;padding-top:0px;padding-right:0px;padding-bottom:0px;padding-left:0px;}<\/style>\n<p class=\"kt-adv-heading31571_1112df-b7 wp-block-kadence-advancedheading has-theme-palette-9-color has-text-color\" data-kb-block=\"kb-adv-heading31571_1112df-b7\">News, discounts, and giveaways<\/p>\n<\/div><\/div>\n\n<\/div><\/div>\n\n<style>.kb-row-layout-id31571_35ff23-45 > .kt-row-column-wrap{align-content:center;}:where(.kb-row-layout-id31571_35ff23-45 > .kt-row-column-wrap) > .wp-block-kadence-column{justify-content:center;}.kb-row-layout-id31571_35ff23-45 > .kt-row-column-wrap{column-gap:var(--global-kb-gap-md, 2rem);row-gap:var(--global-kb-gap-md, 2rem);max-width:var( --global-content-width, 1290px );padding-left:var(--global-content-edge-padding);padding-right:var(--global-content-edge-padding);padding-top:40px;padding-bottom:40px;grid-template-columns:minmax(0, 1fr);}.kb-row-layout-id31571_35ff23-45 > .kt-row-layout-overlay{opacity:0.30;}@media all and (max-width: 1024px){.kb-row-layout-id31571_35ff23-45 > .kt-row-column-wrap{grid-template-columns:minmax(0, 1fr);}}@media all and (max-width: 767px){.kb-row-layout-id31571_35ff23-45 > .kt-row-column-wrap{grid-template-columns:minmax(0, 1fr);}}<\/style><div class=\"kb-row-layout-wrap kb-row-layout-id31571_35ff23-45 alignnone wp-block-kadence-rowlayout\"><div class=\"kt-row-column-wrap kt-has-1-columns kt-row-layout-equal kt-tab-layout-inherit kt-mobile-layout-row kt-row-valign-middle kb-theme-content-width\">\n<style>.kadence-column31571_23ce3f-51 > .kt-inside-inner-col,.kadence-column31571_23ce3f-51 > .kt-inside-inner-col:before{border-top-left-radius:0px;border-top-right-radius:0px;border-bottom-right-radius:0px;border-bottom-left-radius:0px;}.kadence-column31571_23ce3f-51 > .kt-inside-inner-col{column-gap:var(--global-kb-gap-sm, 1rem);}.kadence-column31571_23ce3f-51 > .kt-inside-inner-col{flex-direction:column;}.kadence-column31571_23ce3f-51 > .kt-inside-inner-col > .aligncenter{width:100%;}.kadence-column31571_23ce3f-51 > .kt-inside-inner-col:before{opacity:0.3;}.kadence-column31571_23ce3f-51{position:relative;}@media all and (max-width: 1024px){.kadence-column31571_23ce3f-51 > .kt-inside-inner-col{flex-direction:column;justify-content:center;}}@media all and (max-width: 767px){.kadence-column31571_23ce3f-51 > .kt-inside-inner-col{flex-direction:column;justify-content:center;}}<\/style>\n<div class=\"wp-block-kadence-column kadence-column31571_23ce3f-51 inner-column-2\"><div class=\"kt-inside-inner-col\">\n<p><strong>Infrequent emails that aren&#8217;t annoying.<\/strong> Receive discounts, news, guide updates, and the occasional giveaway. We send an email about once a quarter to our subscribers.<\/p>\n\n\n\n<p><em>Looking for more frequent updates from our company? Consider following us on social media: <a href=\"https:\/\/www.tiktok.com\/@pacuareriver\" target=\"_blank\" rel=\"noreferrer noopener\">TikTok<\/a> | <a href=\"https:\/\/www.facebook.com\/pacuareoutdoorcenter\" target=\"_blank\" rel=\"noreferrer noopener\">Facebook<\/a> | <a href=\"https:\/\/www.instagram.com\/adventurespoc\/\" target=\"_blank\" rel=\"noopener\">Instagram<\/a> | <a href=\"https:\/\/www.pinterest.com\/pacuareriver\/\" data-type=\"link\" data-id=\"https:\/\/www.instagram.com\/adventurespoc\/\" target=\"_blank\" rel=\"noreferrer noopener\">Pinterest<\/a><\/em><\/p>\n\n\n<script>\nvar gform;gform||(document.addEventListener(\"gform_main_scripts_loaded\",function(){gform.scriptsLoaded=!0}),document.addEventListener(\"gform\/theme\/scripts_loaded\",function(){gform.themeScriptsLoaded=!0}),window.addEventListener(\"DOMContentLoaded\",function(){gform.domLoaded=!0}),gform={domLoaded:!1,scriptsLoaded:!1,themeScriptsLoaded:!1,isFormEditor:()=>\"function\"==typeof InitializeEditor,callIfLoaded:function(o){return!(!gform.domLoaded||!gform.scriptsLoaded||!gform.themeScriptsLoaded&&!gform.isFormEditor()||(gform.isFormEditor()&&console.warn(\"The use of gform.initializeOnLoaded() is deprecated in the form editor context and will be removed in Gravity Forms 3.1.\"),o(),0))},initializeOnLoaded:function(o){gform.callIfLoaded(o)||(document.addEventListener(\"gform_main_scripts_loaded\",()=>{gform.scriptsLoaded=!0,gform.callIfLoaded(o)}),document.addEventListener(\"gform\/theme\/scripts_loaded\",()=>{gform.themeScriptsLoaded=!0,gform.callIfLoaded(o)}),window.addEventListener(\"DOMContentLoaded\",()=>{gform.domLoaded=!0,gform.callIfLoaded(o)}))},hooks:{action:{},filter:{}},addAction:function(o,r,e,t){gform.addHook(\"action\",o,r,e,t)},addFilter:function(o,r,e,t){gform.addHook(\"filter\",o,r,e,t)},doAction:function(o){gform.doHook(\"action\",o,arguments)},applyFilters:function(o){return gform.doHook(\"filter\",o,arguments)},removeAction:function(o,r){gform.removeHook(\"action\",o,r)},removeFilter:function(o,r,e){gform.removeHook(\"filter\",o,r,e)},addHook:function(o,r,e,t,n){null==gform.hooks[o][r]&&(gform.hooks[o][r]=[]);var d=gform.hooks[o][r];null==n&&(n=r+\"_\"+d.length),gform.hooks[o][r].push({tag:n,callable:e,priority:t=null==t?10:t})},doHook:function(r,o,e){var t;if(e=Array.prototype.slice.call(e,1),null!=gform.hooks[r][o]&&((o=gform.hooks[r][o]).sort(function(o,r){return o.priority-r.priority}),o.forEach(function(o){\"function\"!=typeof(t=o.callable)&&(t=window[t]),\"action\"==r?t.apply(null,e):e[0]=t.apply(null,e)})),\"filter\"==r)return e[0]},removeHook:function(o,r,t,n){var e;null!=gform.hooks[o][r]&&(e=(e=gform.hooks[o][r]).filter(function(o,r,e){return!!(null!=n&&n!=o.tag||null!=t&&t!=o.priority)}),gform.hooks[o][r]=e)}});\n<\/script>\n\n                <div class='gf_browser_gecko gform_wrapper gravity-theme gform-theme--no-framework' data-form-theme='gravity-theme' data-form-index='0' id='gform_wrapper_34' style='display:none'><form method='post' enctype='multipart\/form-data'  id='gform_34'  action='\/de\/wp-json\/wp\/v2\/pages\/31571' data-formid='34' novalidate><div class='gf_invisible ginput_recaptchav3' data-sitekey='6LetYpMpAAAAAIyLt3WDTTi5J0qwENSccEhTHiiu' data-tabindex='0'><input id=\"input_9ee94d3389a4db18d5fa523a66b3ff56\" class=\"gfield_recaptcha_response\" type=\"hidden\" name=\"input_9ee94d3389a4db18d5fa523a66b3ff56\" value=\"\"\/><\/div>\n                        <div class='gform-body gform_body'><div id='gform_fields_34' class='gform_fields top_label form_sublabel_above description_above validation_below'><fieldset id=\"field_34_1\" class=\"gfield gfield--type-name gfield--input-type-name gfield_contains_required field_sublabel_above gfield--no-description field_description_above field_validation_below gfield_visibility_visible\"  ><legend class='gfield_label gform-field-label gfield_label_before_complex' >Name<span class=\"gfield_required\"><span class=\"gfield_required gfield_required_text\">(erforderlich)<\/span><\/span><\/legend><div class='ginput_complex ginput_container ginput_container--name no_prefix has_first_name no_middle_name has_last_name no_suffix gf_name_has_2 ginput_container_name gform-grid-row' id='input_34_1'>\n                            \n                            <span id='input_34_1_3_container' class='name_first gform-grid-col gform-grid-col--size-auto' >\n                                                    <label for='input_34_1_3' class='gform-field-label gform-field-label--type-sub '>Vorname<\/label>\n                                                    <input type='text' name='input_1.3' id='input_34_1_3' value=''   aria-required='true'    autocomplete=\"given-name\" \/>\n                                                <\/span>\n                            \n                            <span id='input_34_1_6_container' class='name_last gform-grid-col gform-grid-col--size-auto' >\n                                                            <label for='input_34_1_6' class='gform-field-label gform-field-label--type-sub '>Nachname<\/label>\n                                                            <input type='text' name='input_1.6' id='input_34_1_6' value=''   aria-required='true'    autocomplete=\"family-name\" \/>\n                                                        <\/span>\n                            \n                        <\/div><\/fieldset><fieldset id=\"field_34_2\" class=\"gfield gfield--type-email gfield--input-type-email gfield_contains_required field_sublabel_above gfield--no-description field_description_above field_validation_below gfield_visibility_visible\"  ><legend class='gfield_label gform-field-label gfield_label_before_complex' >Email<span class=\"gfield_required\"><span class=\"gfield_required gfield_required_text\">(erforderlich)<\/span><\/span><\/legend><div class='ginput_complex ginput_container ginput_container_email gform-grid-row' id='input_34_2_container'>\n                                <span id='input_34_2_1_container' class='ginput_left gform-grid-col gform-grid-col--size-auto'>\n                                    <label for='input_34_2' class='gform-field-label gform-field-label--type-sub '>E-Mail eingeben<\/label>\n                                    <input class='' type='email' name='input_2' id='input_34_2' value=''    aria-required=\"true\" aria-invalid=\"false\"  autocomplete=\"email\"\/>\n                                <\/span>\n                                <span id='input_34_2_2_container' class='ginput_right gform-grid-col gform-grid-col--size-auto'>\n                                    <label for='input_34_2_2' class='gform-field-label gform-field-label--type-sub '>E-Mail best\u00e4tigen<\/label>\n                                    <input class='' type='email' name='input_2_2' id='input_34_2_2' value=''    aria-required=\"true\" aria-invalid=\"false\"  autocomplete=\"email\"\/>\n                                <\/span>\n                                <div class='gf_clear gf_clear_complex'><\/div>\n                            <\/div><\/fieldset><fieldset id=\"field_34_4\" class=\"gfield gfield--type-radio gfield--type-choice gfield--input-type-radio field_sublabel_above gfield--no-description field_description_above field_validation_below gfield_visibility_visible\"  ><legend class='gfield_label gform-field-label' >Would you also like us to send you an email when flights from your primary airport to Costa Rica are on sale?<\/legend><div class='ginput_container ginput_container_radio'><div class='gfield_radio' id='input_34_4'>\n\t\t\t<div class='gchoice gchoice_34_4_0'>\n\t\t\t\t\t<input class='gfield-choice-input' name='input_4' type='radio' value='Yes, please!'  id='choice_34_4_0' onchange='gformToggleRadioOther( this )'    \/>\n\t\t\t\t\t<label for='choice_34_4_0' id='label_34_4_0' class='gform-field-label gform-field-label--type-inline'>Yes, please!<\/label>\n\t\t\t<\/div>\n\t\t\t<div class='gchoice gchoice_34_4_1'>\n\t\t\t\t\t<input class='gfield-choice-input' name='input_4' type='radio' value='No, thank you.'  id='choice_34_4_1' onchange='gformToggleRadioOther( this )'    \/>\n\t\t\t\t\t<label for='choice_34_4_1' id='label_34_4_1' class='gform-field-label gform-field-label--type-inline'>No, thank you.<\/label>\n\t\t\t<\/div><\/div><\/div><\/fieldset><div id=\"field_34_5\" class=\"gfield gfield--type-text gfield--input-type-text gfield--width-full field_sublabel_above gfield--no-description field_description_above field_validation_below gfield_visibility_visible\"  ><label class='gfield_label gform-field-label' for='input_34_5'>Please enter your primary airport<\/label><div class='ginput_container ginput_container_text'><input name='input_5' id='input_34_5' type='text' value='' class='large'      aria-invalid=\"false\"   \/><\/div><\/div><\/div><\/div>\n        <div class='gform-footer gform_footer top_label'> <input type='submit' id='gform_submit_button_34' class='gform_button button' onclick='gform.submission.handleButtonClick(this);' data-submission-type='submit' value='Submit'  \/> \n            <input type='hidden' class='gform_hidden' name='gform_submission_method' data-js='gform_submission_method_34' value='postback' \/>\n            <input type='hidden' class='gform_hidden' name='gform_theme' data-js='gform_theme_34' id='gform_theme_34' value='gravity-theme' \/>\n            <input type='hidden' class='gform_hidden' name='gform_style_settings' data-js='gform_style_settings_34' id='gform_style_settings_34' value='{&quot;inputPrimaryColor&quot;:&quot;#204ce5&quot;}' \/>\n            <input type='hidden' class='gform_hidden' name='is_submit_34' value='1' \/>\n            <input type='hidden' class='gform_hidden' name='gform_submit' value='34' \/>\n            \n            <input type='hidden' class='gform_hidden' name='gform_currency' data-currency='USD' value='sXmgo5dltTabIXPEVfzggng2FvjpJn\/cJgHjf1ztNxsMUFpKSBcFAMWQQ9Kc8tDwdOd8xP1LmwW99H1QWpNOybKYsbzKT2SGvTSyQ4QeEqxGH18=' \/>\n            <input type='hidden' class='gform_hidden' name='gform_unique_id' value='' \/>\n            <input type='hidden' class='gform_hidden' name='state_34' value='WyJ7XCI0XCI6W1wiNDdhNzI5NTcyYTJhMmVhNTVkNDFjYmFjYmQ1OGRhNzNcIixcImVkOTYyZDg0Y2Y5MGU0MGQ4MDZkOGFmMjNlMTEzMzM4XCJdfSIsIjE3NGRmZWUzMzc3YjY1NTE3ODc3NDFlMDhhYWYyNjJhIl0=' \/>\n            <input type='hidden' autocomplete='off' class='gform_hidden' name='gform_target_page_number_34' id='gform_target_page_number_34' value='0' \/>\n            <input type='hidden' autocomplete='off' class='gform_hidden' name='gform_source_page_number_34' id='gform_source_page_number_34' value='1' \/>\n            <input type='hidden' name='gform_field_values' value='' \/>\n            \n        <\/div>\n                        <\/form>\n                        <\/div><script>\ngform.initializeOnLoaded( function() {gformInitSpinner( 34, 'https:\/\/pacuareoutdoorcenter.com\/wp-content\/plugins\/gravityforms\/images\/spinner.svg', true );jQuery('#gform_ajax_frame_34').on('load',function(){var contents = jQuery(this).contents().find('*').html();var is_postback = contents.indexOf('GF_AJAX_POSTBACK') >= 0;if(!is_postback){return;}var form_content = jQuery(this).contents().find('#gform_wrapper_34');var is_confirmation = jQuery(this).contents().find('#gform_confirmation_wrapper_34').length > 0;var is_redirect = contents.indexOf('gformRedirect(){') >= 0;var is_form = form_content.length > 0 && ! is_redirect && ! is_confirmation;var mt = parseInt(jQuery('html').css('margin-top'), 10) + parseInt(jQuery('body').css('margin-top'), 10) + 100;if(is_form){form_content.find('form').css('opacity', 0);jQuery('#gform_wrapper_34').html(form_content.html());if(form_content.hasClass('gform_validation_error')){jQuery('#gform_wrapper_34').addClass('gform_validation_error');} else {jQuery('#gform_wrapper_34').removeClass('gform_validation_error');}setTimeout( function() { \/* delay the scroll by 50 milliseconds to fix a bug in chrome *\/  }, 50 );if(window['gformInitDatepicker']) {gformInitDatepicker();}if(window['gformInitPriceFields']) {gformInitPriceFields();}var current_page = jQuery('#gform_source_page_number_34').val();gformInitSpinner( 34, 'https:\/\/pacuareoutdoorcenter.com\/wp-content\/plugins\/gravityforms\/images\/spinner.svg', true );jQuery(document).trigger('gform_page_loaded', [34, current_page]);window['gf_submitting_34'] = false;}else if(!is_redirect){var confirmation_content = jQuery(this).contents().find('.GF_AJAX_POSTBACK').html();if(!confirmation_content){confirmation_content = contents;}jQuery('#gform_wrapper_34').replaceWith(confirmation_content);jQuery(document).trigger('gform_confirmation_loaded', [34]);window['gf_submitting_34'] = false;wp.a11y.speak(jQuery('#gform_confirmation_message_34').text());}else{jQuery('#gform_34').append(contents);if(window['gformRedirect']) {gformRedirect();}}jQuery(document).trigger(\"gform_pre_post_render\", [{ formId: \"34\", currentPage: \"current_page\", abort: function() { this.preventDefault(); } }]);        if (event && event.defaultPrevented) {                return;        }        const gformWrapperDiv = document.getElementById( \"gform_wrapper_34\" );        if ( gformWrapperDiv ) {            const visibilitySpan = document.createElement( \"span\" );            visibilitySpan.id = \"gform_visibility_test_34\";            gformWrapperDiv.insertAdjacentElement( \"afterend\", visibilitySpan );        }        const visibilityTestDiv = document.getElementById( \"gform_visibility_test_34\" );        let postRenderFired = false;        function triggerPostRender() {            if ( postRenderFired ) {                return;            }            postRenderFired = true;            gform.core.triggerPostRenderEvents( 34, current_page );            if ( visibilityTestDiv ) {                visibilityTestDiv.parentNode.removeChild( visibilityTestDiv );            }        }        function debounce( func, wait, immediate ) {            var timeout;            return function() {                var context = this, args = arguments;                var later = function() {                    timeout = null;                    if ( !immediate ) func.apply( context, args );                };                var callNow = immediate && !timeout;                clearTimeout( timeout );                timeout = setTimeout( later, wait );                if ( callNow ) func.apply( context, args );            };        }        const debouncedTriggerPostRender = debounce( function() {            triggerPostRender();        }, 200 );        if ( visibilityTestDiv && visibilityTestDiv.offsetParent === null ) {            const observer = new MutationObserver( ( mutations ) => {                mutations.forEach( ( mutation ) => {                    if ( mutation.type === 'attributes' && visibilityTestDiv.offsetParent !== null ) {                        debouncedTriggerPostRender();                        observer.disconnect();                    }                });            });            observer.observe( document.body, {                attributes: true,                childList: false,                subtree: true,                attributeFilter: [ 'style', 'class' ],            });        } else {            triggerPostRender();        }    } );} );\n<\/script>\n\n\n\n<p><br><\/p>\n<\/div><\/div>\n\n<\/div><\/div>","protected":false},"excerpt":{"rendered":"<p>Tragen Sie sich in unsere E-Mail-Liste ein Neuigkeiten, Rabatte und Werbegeschenke Regelm\u00e4\u00dfige E-Mails, die nicht l\u00e4stig sind. Erhalten Sie Erm\u00e4\u00dfigungen, Neuigkeiten, aktualisierte Reisef\u00fchrer und gelegentliche Werbegeschenke. Wir senden etwa einmal im Quartal eine E-Mail an unsere Abonnenten. M\u00f6chten Sie h\u00e4ufiger \u00fcber Neuigkeiten aus unserem Unternehmen informiert werden? Dann folgen Sie uns doch in den sozialen Medien: TikTok | Facebook | Instagram | Pinterest<\/p>","protected":false},"author":1,"featured_media":0,"parent":0,"menu_order":0,"comment_status":"closed","ping_status":"closed","template":"","meta":{"_kad_blocks_custom_css":"","_kad_blocks_head_custom_js":"","_kad_blocks_body_custom_js":"","_kad_blocks_footer_custom_js":"","_kadence_starter_templates_imported_post":false,"_kad_post_transparent":"","_kad_post_title":"hide","_kad_post_layout":"fullwidth","_kad_post_sidebar_id":"","_kad_post_content_style":"unboxed","_kad_post_vertical_padding":"hide","_kad_post_feature":"hide","_kad_post_feature_position":"","_kad_post_header":false,"_kad_post_footer":false,"footnotes":""},"class_list":["post-31571","page","type-page","status-publish","hentry"],"taxonomy_info":[],"featured_image_src_large":false,"author_info":{"display_name":"Matt","author_link":"https:\/\/pacuareoutdoorcenter.com\/de\/author\/admin\/"},"comment_info":0,"_links":{"self":[{"href":"https:\/\/pacuareoutdoorcenter.com\/de\/wp-json\/wp\/v2\/pages\/31571","targetHints":{"allow":["GET"]}}],"collection":[{"href":"https:\/\/pacuareoutdoorcenter.com\/de\/wp-json\/wp\/v2\/pages"}],"about":[{"href":"https:\/\/pacuareoutdoorcenter.com\/de\/wp-json\/wp\/v2\/types\/page"}],"author":[{"embeddable":true,"href":"https:\/\/pacuareoutdoorcenter.com\/de\/wp-json\/wp\/v2\/users\/1"}],"replies":[{"embeddable":true,"href":"https:\/\/pacuareoutdoorcenter.com\/de\/wp-json\/wp\/v2\/comments?post=31571"}],"version-history":[{"count":8,"href":"https:\/\/pacuareoutdoorcenter.com\/de\/wp-json\/wp\/v2\/pages\/31571\/revisions"}],"predecessor-version":[{"id":32636,"href":"https:\/\/pacuareoutdoorcenter.com\/de\/wp-json\/wp\/v2\/pages\/31571\/revisions\/32636"}],"wp:attachment":[{"href":"https:\/\/pacuareoutdoorcenter.com\/de\/wp-json\/wp\/v2\/media?parent=31571"}],"curies":[{"name":"wp","href":"https:\/\/api.w.org\/{rel}","templated":true}]}}