{"id":28179,"date":"2023-01-15T17:18:50","date_gmt":"2023-01-15T17:18:50","guid":{"rendered":"https:\/\/pacuareoutdoorcenter.com\/?page_id=28179"},"modified":"2025-02-03T21:19:46","modified_gmt":"2025-02-03T21:19:46","slug":"mountainbiking","status":"publish","type":"page","link":"https:\/\/pacuareoutdoorcenter.com\/de\/activities\/mountain-biking\/","title":{"rendered":"Mountainbiken"},"content":{"rendered":"<style>.kb-row-layout-wrap.wp-block-kadence-rowlayout.kb-row-layout-id28179_9ba3de-00{margin-bottom:0px;}.kb-row-layout-id28179_9ba3de-00 > .kt-row-column-wrap{align-content:start;}:where(.kb-row-layout-id28179_9ba3de-00 > .kt-row-column-wrap) > .wp-block-kadence-column{justify-content:start;}.kb-row-layout-id28179_9ba3de-00 > .kt-row-column-wrap{column-gap:var(--global-kb-gap-md, 2rem);row-gap:var(--global-kb-gap-md, 2rem);max-width:var( --global-content-width, 1290px );padding-left:var(--global-content-edge-padding);padding-right:var(--global-content-edge-padding);padding-top:150px;padding-bottom:150px;grid-template-columns:minmax(0, 1fr);}.kb-row-layout-id28179_9ba3de-00{background-image:url('https:\/\/pacuareoutdoorcenter.com\/wp-content\/uploads\/2023\/01\/mountain-bike-header.webp');background-size:cover;background-position:40% 62%;background-attachment:scroll;background-repeat:no-repeat;}.kb-row-layout-id28179_9ba3de-00 > .kt-row-layout-overlay{opacity:0.60;background-color:var(--global-palette3, #1A202C);}@media all and (max-width: 1024px){.kb-row-layout-id28179_9ba3de-00 > .kt-row-column-wrap{grid-template-columns:minmax(0, 1fr);}}@media all and (max-width: 767px){.kb-row-layout-id28179_9ba3de-00 > .kt-row-column-wrap{grid-template-columns:minmax(0, 1fr);}}<\/style><div class=\"kb-row-layout-wrap kb-row-layout-id28179_9ba3de-00 aligncenter kt-row-has-bg wp-block-kadence-rowlayout\"><div class=\"kt-row-layout-overlay kt-row-overlay-normal\"><\/div><div class=\"kt-row-column-wrap kt-has-1-columns kt-row-layout-equal kt-tab-layout-inherit kt-mobile-layout-row kt-row-valign-top kb-theme-content-width\">\n<style>.kadence-column28179_953e79-7e > .kt-inside-inner-col,.kadence-column28179_953e79-7e > .kt-inside-inner-col:before{border-top-left-radius:0px;border-top-right-radius:0px;border-bottom-right-radius:0px;border-bottom-left-radius:0px;}.kadence-column28179_953e79-7e > .kt-inside-inner-col{column-gap:var(--global-kb-gap-sm, 1rem);}.kadence-column28179_953e79-7e > .kt-inside-inner-col{flex-direction:column;}.kadence-column28179_953e79-7e > .kt-inside-inner-col > .aligncenter{width:100%;}.kadence-column28179_953e79-7e > .kt-inside-inner-col:before{opacity:0.3;}.kadence-column28179_953e79-7e{position:relative;}.kadence-column28179_953e79-7e, .kt-inside-inner-col > .kadence-column28179_953e79-7e:not(.specificity){margin-top:50px;}@media all and (max-width: 1024px){.kadence-column28179_953e79-7e > .kt-inside-inner-col{flex-direction:column;justify-content:center;}}@media all and (max-width: 767px){.kadence-column28179_953e79-7e > .kt-inside-inner-col{flex-direction:column;justify-content:center;}}<\/style>\n<div class=\"wp-block-kadence-column kadence-column28179_953e79-7e inner-column-1\"><div class=\"kt-inside-inner-col\"><style>.wp-block-kadence-advancedheading.kt-adv-heading28179_287516-a8, .wp-block-kadence-advancedheading.kt-adv-heading28179_287516-a8[data-kb-block=\"kb-adv-heading28179_287516-a8\"]{text-align:center;font-style:normal;}.wp-block-kadence-advancedheading.kt-adv-heading28179_287516-a8 mark.kt-highlight, .wp-block-kadence-advancedheading.kt-adv-heading28179_287516-a8[data-kb-block=\"kb-adv-heading28179_287516-a8\"] mark.kt-highlight{font-style:normal;color:#f76a0c;-webkit-box-decoration-break:clone;box-decoration-break:clone;padding-top:0px;padding-right:0px;padding-bottom:0px;padding-left:0px;}@media all and (max-width: 767px){.wp-block-kadence-advancedheading.kt-adv-heading28179_287516-a8, .wp-block-kadence-advancedheading.kt-adv-heading28179_287516-a8[data-kb-block=\"kb-adv-heading28179_287516-a8\"]{font-size:42px;}}<\/style>\n<h1 class=\"kt-adv-heading28179_287516-a8 wp-block-kadence-advancedheading has-theme-palette-9-color has-text-color\" data-kb-block=\"kb-adv-heading28179_287516-a8\">Mountain Biking<\/h1>\n\n\n<style>.wp-block-kadence-advancedheading.kt-adv-heading28179_8fba26-d9, .wp-block-kadence-advancedheading.kt-adv-heading28179_8fba26-d9[data-kb-block=\"kb-adv-heading28179_8fba26-d9\"]{text-align:center;font-style:normal;}.wp-block-kadence-advancedheading.kt-adv-heading28179_8fba26-d9 mark.kt-highlight, .wp-block-kadence-advancedheading.kt-adv-heading28179_8fba26-d9[data-kb-block=\"kb-adv-heading28179_8fba26-d9\"] mark.kt-highlight{font-style:normal;color:#f76a0c;-webkit-box-decoration-break:clone;box-decoration-break:clone;padding-top:0px;padding-right:0px;padding-bottom:0px;padding-left:0px;}<\/style>\n<p class=\"kt-adv-heading28179_8fba26-d9 wp-block-kadence-advancedheading has-theme-palette-9-color has-text-color\" data-kb-block=\"kb-adv-heading28179_8fba26-d9\">Turrialba Mountain Biking<\/p>\n<\/div><\/div>\n\n<\/div><\/div>\n\n<style>.kb-row-layout-id28179_18483d-1b > .kt-row-column-wrap{align-content:start;}:where(.kb-row-layout-id28179_18483d-1b > .kt-row-column-wrap) > .wp-block-kadence-column{justify-content:start;}.kb-row-layout-id28179_18483d-1b > .kt-row-column-wrap{column-gap:80px;row-gap:var(--global-kb-gap-md, 2rem);max-width:var( --global-content-width, 1290px );padding-left:var(--global-content-edge-padding);padding-right:var(--global-content-edge-padding);padding-top:80px;padding-bottom:40px;grid-template-columns:repeat(2, minmax(0, 1fr));}.kb-row-layout-id28179_18483d-1b > .kt-row-layout-overlay{opacity:0.85;background-image:url('https:\/\/kernrafting.com\/wp-content\/uploads\/2021\/09\/texture.png');background-size:auto;background-position:center center;background-attachment:scroll;background-repeat:repeat;mix-blend-mode:overlay;}@media all and (max-width: 1024px){.kb-row-layout-id28179_18483d-1b > .kt-row-column-wrap{grid-template-columns:repeat(2, minmax(0, 1fr));}}@media all and (max-width: 767px){.kb-row-layout-id28179_18483d-1b > .kt-row-column-wrap{grid-template-columns:minmax(0, 1fr);}}<\/style><div class=\"kb-row-layout-wrap kb-row-layout-id28179_18483d-1b alignnone has-theme-palette8-background-color kt-row-has-bg wp-block-kadence-rowlayout\"><div class=\"kt-row-layout-overlay kt-row-overlay-normal\"><\/div><div class=\"kt-row-column-wrap kt-has-2-columns kt-row-layout-equal kt-tab-layout-inherit kt-mobile-layout-row kt-row-valign-top kb-theme-content-width\">\n<style>.kadence-column28179_133483-69 > .kt-inside-inner-col,.kadence-column28179_133483-69 > .kt-inside-inner-col:before{border-top-left-radius:0px;border-top-right-radius:0px;border-bottom-right-radius:0px;border-bottom-left-radius:0px;}.kadence-column28179_133483-69 > .kt-inside-inner-col{column-gap:var(--global-kb-gap-sm, 1rem);}.kadence-column28179_133483-69 > .kt-inside-inner-col{flex-direction:column;}.kadence-column28179_133483-69 > .kt-inside-inner-col > .aligncenter{width:100%;}.kadence-column28179_133483-69 > .kt-inside-inner-col:before{opacity:0.3;}.kadence-column28179_133483-69{position:relative;}@media all and (max-width: 1024px){.kadence-column28179_133483-69 > .kt-inside-inner-col{flex-direction:column;justify-content:center;}}@media all and (max-width: 767px){.kadence-column28179_133483-69 > .kt-inside-inner-col{flex-direction:column;justify-content:center;}}<\/style>\n<div class=\"wp-block-kadence-column kadence-column28179_133483-69 inner-column-1\"><div class=\"kt-inside-inner-col\"><style>.wp-block-kadence-advancedheading.kt-adv-heading28179_3a5473-6f, .wp-block-kadence-advancedheading.kt-adv-heading28179_3a5473-6f[data-kb-block=\"kb-adv-heading28179_3a5473-6f\"]{font-style:normal;}.wp-block-kadence-advancedheading.kt-adv-heading28179_3a5473-6f mark.kt-highlight, .wp-block-kadence-advancedheading.kt-adv-heading28179_3a5473-6f[data-kb-block=\"kb-adv-heading28179_3a5473-6f\"] mark.kt-highlight{font-style:normal;color:#f76a0c;-webkit-box-decoration-break:clone;box-decoration-break:clone;padding-top:0px;padding-right:0px;padding-bottom:0px;padding-left:0px;}<\/style>\n<h6 class=\"kt-adv-heading28179_3a5473-6f wp-block-kadence-advancedheading has-theme-palette-1-color has-text-color\" data-kb-block=\"kb-adv-heading28179_3a5473-6f\">Mountain biking in costa rica<\/h6>\n\n\n<style>.wp-block-kadence-advancedheading.kt-adv-heading28179_f7277b-47, .wp-block-kadence-advancedheading.kt-adv-heading28179_f7277b-47[data-kb-block=\"kb-adv-heading28179_f7277b-47\"]{font-style:normal;}.wp-block-kadence-advancedheading.kt-adv-heading28179_f7277b-47 mark.kt-highlight, .wp-block-kadence-advancedheading.kt-adv-heading28179_f7277b-47[data-kb-block=\"kb-adv-heading28179_f7277b-47\"] mark.kt-highlight{font-style:normal;color:#f76a0c;-webkit-box-decoration-break:clone;box-decoration-break:clone;padding-top:0px;padding-right:0px;padding-bottom:0px;padding-left:0px;}@media all and (max-width: 767px){.wp-block-kadence-advancedheading.kt-adv-heading28179_f7277b-47, .wp-block-kadence-advancedheading.kt-adv-heading28179_f7277b-47[data-kb-block=\"kb-adv-heading28179_f7277b-47\"]{font-size:36px;}}<\/style>\n<h2 class=\"kt-adv-heading28179_f7277b-47 wp-block-kadence-advancedheading has-theme-palette-4-color has-text-color\" data-kb-block=\"kb-adv-heading28179_f7277b-47\">Costa Rica <em>mountain biking<\/em><\/h2>\n<\/div><\/div>\n\n\n<style>.kadence-column28179_2d02a1-e5 > .kt-inside-inner-col,.kadence-column28179_2d02a1-e5 > .kt-inside-inner-col:before{border-top-left-radius:0px;border-top-right-radius:0px;border-bottom-right-radius:0px;border-bottom-left-radius:0px;}.kadence-column28179_2d02a1-e5 > .kt-inside-inner-col{column-gap:var(--global-kb-gap-sm, 1rem);}.kadence-column28179_2d02a1-e5 > .kt-inside-inner-col{flex-direction:column;}.kadence-column28179_2d02a1-e5 > .kt-inside-inner-col > .aligncenter{width:100%;}.kadence-column28179_2d02a1-e5 > .kt-inside-inner-col:before{opacity:0.3;}.kadence-column28179_2d02a1-e5{position:relative;}@media all and (max-width: 1024px){.kadence-column28179_2d02a1-e5 > .kt-inside-inner-col{flex-direction:column;justify-content:center;}}@media all and (max-width: 767px){.kadence-column28179_2d02a1-e5 > .kt-inside-inner-col{flex-direction:column;justify-content:center;}}<\/style>\n<div class=\"wp-block-kadence-column kadence-column28179_2d02a1-e5 inner-column-2\"><div class=\"kt-inside-inner-col\">\n<p>We have excellent mountain biking right here in Turrialba. Contact us to add this to your trip and create a custom experience.<\/p>\n<\/div><\/div>\n\n<\/div><\/div>\n\n<style>.kb-row-layout-id28179_47cd02-53 > .kt-row-column-wrap{align-content:start;}:where(.kb-row-layout-id28179_47cd02-53 > .kt-row-column-wrap) > .wp-block-kadence-column{justify-content:start;}.kb-row-layout-id28179_47cd02-53 > .kt-row-column-wrap{column-gap:var(--global-kb-gap-md, 2rem);row-gap:var(--global-kb-gap-md, 2rem);max-width:1140px;margin-left:auto;margin-right:auto;padding-top:40px;padding-bottom:0px;grid-template-columns:repeat(2, minmax(0, 1fr));}.kb-row-layout-id28179_47cd02-53 > .kt-row-layout-overlay{opacity:0.30;}@media all and (max-width: 1024px){.kb-row-layout-id28179_47cd02-53 > .kt-row-column-wrap{grid-template-columns:repeat(2, minmax(0, 1fr));}}@media all and (max-width: 767px){.kb-row-layout-id28179_47cd02-53 > .kt-row-column-wrap{grid-template-columns:minmax(0, 1fr);}}<\/style><div class=\"kb-row-layout-wrap kb-row-layout-id28179_47cd02-53 alignfull has-theme-palette9-background-color kt-row-has-bg wp-block-kadence-rowlayout\"><div class=\"kt-row-column-wrap kt-has-2-columns kt-row-layout-equal kt-tab-layout-inherit kt-mobile-layout-row kt-row-valign-top\">\n<style>.kadence-column28179_e7a754-7c > .kt-inside-inner-col,.kadence-column28179_e7a754-7c > .kt-inside-inner-col:before{border-top-left-radius:0px;border-top-right-radius:0px;border-bottom-right-radius:0px;border-bottom-left-radius:0px;}.kadence-column28179_e7a754-7c > .kt-inside-inner-col{column-gap:var(--global-kb-gap-sm, 1rem);}.kadence-column28179_e7a754-7c > .kt-inside-inner-col{flex-direction:column;}.kadence-column28179_e7a754-7c > .kt-inside-inner-col > .aligncenter{width:100%;}.kadence-column28179_e7a754-7c > .kt-inside-inner-col:before{opacity:0.3;}.kadence-column28179_e7a754-7c{position:relative;}@media all and (max-width: 1024px){.kadence-column28179_e7a754-7c > .kt-inside-inner-col{flex-direction:column;justify-content:center;}}@media all and (max-width: 767px){.kadence-column28179_e7a754-7c > .kt-inside-inner-col{flex-direction:column;justify-content:center;}}<\/style>\n<div class=\"wp-block-kadence-column kadence-column28179_e7a754-7c inner-column-1\"><div class=\"kt-inside-inner-col\">\n<p>With plenty of local trails and roads, the options for creating a mountain biking day are limited only by time. To add this activity onto your itinerary send us a form below and we&#8217;ll create a custom trip for you.<\/p>\n<\/div><\/div>\n\n\n<style>.kadence-column28179_0b7310-0d > .kt-inside-inner-col,.kadence-column28179_0b7310-0d > .kt-inside-inner-col:before{border-top-left-radius:0px;border-top-right-radius:0px;border-bottom-right-radius:0px;border-bottom-left-radius:0px;}.kadence-column28179_0b7310-0d > .kt-inside-inner-col{column-gap:var(--global-kb-gap-sm, 1rem);}.kadence-column28179_0b7310-0d > .kt-inside-inner-col{flex-direction:column;}.kadence-column28179_0b7310-0d > .kt-inside-inner-col > .aligncenter{width:100%;}.kadence-column28179_0b7310-0d > .kt-inside-inner-col:before{opacity:0.3;}.kadence-column28179_0b7310-0d{position:relative;}@media all and (max-width: 1024px){.kadence-column28179_0b7310-0d > .kt-inside-inner-col{flex-direction:column;justify-content:center;}}@media all and (max-width: 767px){.kadence-column28179_0b7310-0d > .kt-inside-inner-col{flex-direction:column;justify-content:center;}}<\/style>\n<div class=\"wp-block-kadence-column kadence-column28179_0b7310-0d inner-column-2\"><div class=\"kt-inside-inner-col\"><style>.wp-block-kadence-advancedgallery .kb-gallery-type-masonry.kb-gallery-id-28179_74d4fd-fe{margin:-5px;}.kb-gallery-type-masonry.kb-gallery-id-28179_74d4fd-fe .kadence-blocks-gallery-item{padding:5px;}.kb-gallery-id-28179_74d4fd-fe .kadence-blocks-gallery-item .kb-gal-image-radius, .kb-gallery-id-28179_74d4fd-fe .kb-slide-item .kb-gal-image-radius img{border-radius:0px 0px 0px 0px;;}<\/style><div class=\"kb-gallery-wrap-id-28179_74d4fd-fe alignnone wp-block-kadence-advancedgallery\"><ul class=\"kb-gallery-ul kb-gallery-non-static kb-gallery-type-masonry kb-masonry-init kb-gallery-id-28179_74d4fd-fe kb-gallery-caption-style-bottom-hover kb-gallery-filter-none kb-gallery-magnific-init\" data-image-filter=\"none\" data-item-selector=\".kadence-blocks-gallery-item\" data-lightbox-caption=\"true\" data-columns-xxl=\"3\" data-columns-xl=\"3\" data-columns-md=\"3\" data-columns-sm=\"2\" data-columns-xs=\"1\" data-columns-ss=\"1\"><li class=\"kadence-blocks-gallery-item\"><div class=\"kadence-blocks-gallery-item-inner\"><figure class=\"kb-gallery-figure kb-gallery-item-has-link kadence-blocks-gallery-item-hide-caption\"><a href=\"https:\/\/pacuareoutdoorcenter.com\/wp-content\/uploads\/2023\/01\/Bikes-13.jpg\" class=\"kb-gallery-item-link\"  ><div class=\"kb-gal-image-radius\" style=\"max-width:300px;\"><div class=\"kb-gallery-image-contain kadence-blocks-gallery-intrinsic\" style=\"padding-bottom:66%;\"><img loading=\"lazy\" decoding=\"async\" src=\"https:\/\/pacuareoutdoorcenter.com\/wp-content\/uploads\/2023\/01\/Bikes-13-300x200.jpg\" width=\"300\" height=\"200\" alt=\"\" data-full-image=\"https:\/\/pacuareoutdoorcenter.com\/wp-content\/uploads\/2023\/01\/Bikes-13.jpg\" data-light-image=\"https:\/\/pacuareoutdoorcenter.com\/wp-content\/uploads\/2023\/01\/Bikes-13.jpg\" data-id=\"28181\" class=\"wp-image-28181\" srcset=\"https:\/\/pacuareoutdoorcenter.com\/wp-content\/uploads\/2023\/01\/Bikes-13-300x200.jpg 300w, https:\/\/pacuareoutdoorcenter.com\/wp-content\/uploads\/2023\/01\/Bikes-13-1024x683.jpg 1024w, https:\/\/pacuareoutdoorcenter.com\/wp-content\/uploads\/2023\/01\/Bikes-13-768x512.jpg 768w, https:\/\/pacuareoutdoorcenter.com\/wp-content\/uploads\/2023\/01\/Bikes-13.jpg 1200w\" sizes=\"auto, (max-width: 300px) 100vw, 300px\" \/><\/div><\/div><\/a><\/figure><\/div><\/li><li class=\"kadence-blocks-gallery-item\"><div class=\"kadence-blocks-gallery-item-inner\"><figure class=\"kb-gallery-figure kb-gallery-item-has-link kadence-blocks-gallery-item-hide-caption\"><a href=\"https:\/\/pacuareoutdoorcenter.com\/wp-content\/uploads\/2023\/01\/DSC_8379.jpg\" class=\"kb-gallery-item-link\"  ><div class=\"kb-gal-image-radius\" style=\"max-width:200px;\"><div class=\"kb-gallery-image-contain kadence-blocks-gallery-intrinsic\" style=\"padding-bottom:150%;\"><img loading=\"lazy\" decoding=\"async\" src=\"https:\/\/pacuareoutdoorcenter.com\/wp-content\/uploads\/2023\/01\/DSC_8379-200x300.jpg\" width=\"200\" height=\"300\" alt=\"\" data-full-image=\"https:\/\/pacuareoutdoorcenter.com\/wp-content\/uploads\/2023\/01\/DSC_8379.jpg\" data-light-image=\"https:\/\/pacuareoutdoorcenter.com\/wp-content\/uploads\/2023\/01\/DSC_8379.jpg\" data-id=\"28182\" class=\"wp-image-28182\" srcset=\"https:\/\/pacuareoutdoorcenter.com\/wp-content\/uploads\/2023\/01\/DSC_8379-200x300.jpg 200w, https:\/\/pacuareoutdoorcenter.com\/wp-content\/uploads\/2023\/01\/DSC_8379-683x1024.jpg 683w, https:\/\/pacuareoutdoorcenter.com\/wp-content\/uploads\/2023\/01\/DSC_8379-768x1152.jpg 768w, https:\/\/pacuareoutdoorcenter.com\/wp-content\/uploads\/2023\/01\/DSC_8379.jpg 800w\" sizes=\"auto, (max-width: 200px) 100vw, 200px\" \/><\/div><\/div><\/a><\/figure><\/div><\/li><li class=\"kadence-blocks-gallery-item\"><div class=\"kadence-blocks-gallery-item-inner\"><figure class=\"kb-gallery-figure kb-gallery-item-has-link kadence-blocks-gallery-item-hide-caption\"><a href=\"https:\/\/pacuareoutdoorcenter.com\/wp-content\/uploads\/2023\/01\/DSC_8492.jpg\" class=\"kb-gallery-item-link\"  ><div class=\"kb-gal-image-radius\" style=\"max-width:300px;\"><div class=\"kb-gallery-image-contain kadence-blocks-gallery-intrinsic\" style=\"padding-bottom:56%;\"><img loading=\"lazy\" decoding=\"async\" src=\"https:\/\/pacuareoutdoorcenter.com\/wp-content\/uploads\/2023\/01\/DSC_8492-300x168.jpg\" width=\"300\" height=\"168\" alt=\"\" data-full-image=\"https:\/\/pacuareoutdoorcenter.com\/wp-content\/uploads\/2023\/01\/DSC_8492.jpg\" data-light-image=\"https:\/\/pacuareoutdoorcenter.com\/wp-content\/uploads\/2023\/01\/DSC_8492.jpg\" data-id=\"28183\" class=\"wp-image-28183\" srcset=\"https:\/\/pacuareoutdoorcenter.com\/wp-content\/uploads\/2023\/01\/DSC_8492-300x168.jpg 300w, https:\/\/pacuareoutdoorcenter.com\/wp-content\/uploads\/2023\/01\/DSC_8492-1024x573.jpg 1024w, https:\/\/pacuareoutdoorcenter.com\/wp-content\/uploads\/2023\/01\/DSC_8492-768x429.jpg 768w, https:\/\/pacuareoutdoorcenter.com\/wp-content\/uploads\/2023\/01\/DSC_8492.jpg 1200w\" sizes=\"auto, (max-width: 300px) 100vw, 300px\" \/><\/div><\/div><\/a><\/figure><\/div><\/li><li class=\"kadence-blocks-gallery-item\"><div class=\"kadence-blocks-gallery-item-inner\"><figure class=\"kb-gallery-figure kb-gallery-item-has-link kadence-blocks-gallery-item-hide-caption\"><a href=\"https:\/\/pacuareoutdoorcenter.com\/wp-content\/uploads\/2023\/01\/Bikes-7.jpg\" class=\"kb-gallery-item-link\"  ><div class=\"kb-gal-image-radius\" style=\"max-width:300px;\"><div class=\"kb-gallery-image-contain kadence-blocks-gallery-intrinsic\" style=\"padding-bottom:66%;\"><img loading=\"lazy\" decoding=\"async\" src=\"https:\/\/pacuareoutdoorcenter.com\/wp-content\/uploads\/2023\/01\/Bikes-7-300x200.jpg\" width=\"300\" height=\"200\" alt=\"\" data-full-image=\"https:\/\/pacuareoutdoorcenter.com\/wp-content\/uploads\/2023\/01\/Bikes-7.jpg\" data-light-image=\"https:\/\/pacuareoutdoorcenter.com\/wp-content\/uploads\/2023\/01\/Bikes-7.jpg\" data-id=\"28184\" class=\"wp-image-28184\" srcset=\"https:\/\/pacuareoutdoorcenter.com\/wp-content\/uploads\/2023\/01\/Bikes-7-300x200.jpg 300w, https:\/\/pacuareoutdoorcenter.com\/wp-content\/uploads\/2023\/01\/Bikes-7-1024x683.jpg 1024w, https:\/\/pacuareoutdoorcenter.com\/wp-content\/uploads\/2023\/01\/Bikes-7-768x512.jpg 768w, https:\/\/pacuareoutdoorcenter.com\/wp-content\/uploads\/2023\/01\/Bikes-7.jpg 1200w\" sizes=\"auto, (max-width: 300px) 100vw, 300px\" \/><\/div><\/div><\/a><\/figure><\/div><\/li><\/ul><\/div><\/div><\/div>\n\n<\/div><\/div>\n\n\n\n","protected":false},"excerpt":{"rendered":"<p>Mountainbiking Turrialba Mountainbiking Mountainbiking in Costa Rica Costa Rica Mountainbiking Wir haben ausgezeichnete Mountainbiking direkt hier in Turrialba. Setzen Sie sich mit uns in Verbindung, um Ihre Reise um ein individuelles Erlebnis zu erweitern. Mit vielen lokalen Wegen und Stra\u00dfen, sind die M\u00f6glichkeiten f\u00fcr die Gestaltung eines Mountainbike-Tages nur durch...<\/p>","protected":false},"author":1,"featured_media":28180,"parent":1292,"menu_order":0,"comment_status":"closed","ping_status":"closed","template":"","meta":{"_kad_blocks_custom_css":"","_kad_blocks_head_custom_js":"","_kad_blocks_body_custom_js":"","_kad_blocks_footer_custom_js":"","_kadence_starter_templates_imported_post":false,"_kad_post_transparent":"","_kad_post_title":"hide","_kad_post_layout":"fullwidth","_kad_post_sidebar_id":"","_kad_post_content_style":"unboxed","_kad_post_vertical_padding":"hide","_kad_post_feature":"hide","_kad_post_feature_position":"","_kad_post_header":false,"_kad_post_footer":false,"footnotes":""},"class_list":["post-28179","page","type-page","status-publish","has-post-thumbnail","hentry"],"taxonomy_info":[],"featured_image_src_large":["https:\/\/pacuareoutdoorcenter.com\/wp-content\/uploads\/2023\/01\/mountain-bike-header-1024x683.webp",1024,683,true],"author_info":{"display_name":"Matt","author_link":"https:\/\/pacuareoutdoorcenter.com\/de\/author\/admin\/"},"comment_info":0,"_links":{"self":[{"href":"https:\/\/pacuareoutdoorcenter.com\/de\/wp-json\/wp\/v2\/pages\/28179","targetHints":{"allow":["GET"]}}],"collection":[{"href":"https:\/\/pacuareoutdoorcenter.com\/de\/wp-json\/wp\/v2\/pages"}],"about":[{"href":"https:\/\/pacuareoutdoorcenter.com\/de\/wp-json\/wp\/v2\/types\/page"}],"author":[{"embeddable":true,"href":"https:\/\/pacuareoutdoorcenter.com\/de\/wp-json\/wp\/v2\/users\/1"}],"replies":[{"embeddable":true,"href":"https:\/\/pacuareoutdoorcenter.com\/de\/wp-json\/wp\/v2\/comments?post=28179"}],"version-history":[{"count":6,"href":"https:\/\/pacuareoutdoorcenter.com\/de\/wp-json\/wp\/v2\/pages\/28179\/revisions"}],"predecessor-version":[{"id":32629,"href":"https:\/\/pacuareoutdoorcenter.com\/de\/wp-json\/wp\/v2\/pages\/28179\/revisions\/32629"}],"up":[{"embeddable":true,"href":"https:\/\/pacuareoutdoorcenter.com\/de\/wp-json\/wp\/v2\/pages\/1292"}],"wp:featuredmedia":[{"embeddable":true,"href":"https:\/\/pacuareoutdoorcenter.com\/de\/wp-json\/wp\/v2\/media\/28180"}],"wp:attachment":[{"href":"https:\/\/pacuareoutdoorcenter.com\/de\/wp-json\/wp\/v2\/media?parent=28179"}],"curies":[{"name":"wp","href":"https:\/\/api.w.org\/{rel}","templated":true}]}}