{"id":1294,"date":"2022-12-27T23:21:34","date_gmt":"2022-12-27T23:21:34","guid":{"rendered":"https:\/\/pacuareoutdoorcenter.com\/?page_id=1294"},"modified":"2025-02-03T21:19:51","modified_gmt":"2025-02-03T21:19:51","slug":"salta-falle","status":"publish","type":"page","link":"https:\/\/pacuareoutdoorcenter.com\/de\/activities\/salta-falls\/","title":{"rendered":"Salta-Wasserf\u00e4lle"},"content":{"rendered":"<style>.kb-row-layout-wrap.wp-block-kadence-rowlayout.kb-row-layout-id1294_2f112b-c9{margin-bottom:0px;}.kb-row-layout-id1294_2f112b-c9 > .kt-row-column-wrap{align-content:start;}:where(.kb-row-layout-id1294_2f112b-c9 > .kt-row-column-wrap) > .wp-block-kadence-column{justify-content:start;}.kb-row-layout-id1294_2f112b-c9 > .kt-row-column-wrap{column-gap:var(--global-kb-gap-md, 2rem);row-gap:var(--global-kb-gap-md, 2rem);max-width:var( --global-content-width, 1290px );padding-left:var(--global-content-edge-padding);padding-right:var(--global-content-edge-padding);padding-top:150px;padding-bottom:150px;grid-template-columns:minmax(0, 1fr);}.kb-row-layout-id1294_2f112b-c9{background-image:url('https:\/\/pacuareoutdoorcenter.com\/wp-content\/uploads\/2023\/01\/salta-falls-header.webp');background-size:cover;background-position:41% 42%;background-attachment:scroll;background-repeat:no-repeat;}.kb-row-layout-id1294_2f112b-c9 > .kt-row-layout-overlay{opacity:0.60;background-color:var(--global-palette3, #1A202C);}@media all and (max-width: 1024px){.kb-row-layout-id1294_2f112b-c9 > .kt-row-column-wrap{grid-template-columns:minmax(0, 1fr);}}@media all and (max-width: 767px){.kb-row-layout-id1294_2f112b-c9 > .kt-row-column-wrap{grid-template-columns:minmax(0, 1fr);}}<\/style><div class=\"kb-row-layout-wrap kb-row-layout-id1294_2f112b-c9 aligncenter kt-row-has-bg wp-block-kadence-rowlayout\"><div class=\"kt-row-layout-overlay kt-row-overlay-normal\"><\/div><div class=\"kt-row-column-wrap kt-has-1-columns kt-row-layout-equal kt-tab-layout-inherit kt-mobile-layout-row kt-row-valign-top kb-theme-content-width\">\n<style>.kadence-column1294_bc03aa-27 > .kt-inside-inner-col,.kadence-column1294_bc03aa-27 > .kt-inside-inner-col:before{border-top-left-radius:0px;border-top-right-radius:0px;border-bottom-right-radius:0px;border-bottom-left-radius:0px;}.kadence-column1294_bc03aa-27 > .kt-inside-inner-col{column-gap:var(--global-kb-gap-sm, 1rem);}.kadence-column1294_bc03aa-27 > .kt-inside-inner-col{flex-direction:column;}.kadence-column1294_bc03aa-27 > .kt-inside-inner-col > .aligncenter{width:100%;}.kadence-column1294_bc03aa-27 > .kt-inside-inner-col:before{opacity:0.3;}.kadence-column1294_bc03aa-27{position:relative;}.kadence-column1294_bc03aa-27, .kt-inside-inner-col > .kadence-column1294_bc03aa-27:not(.specificity){margin-top:50px;}@media all and (max-width: 1024px){.kadence-column1294_bc03aa-27 > .kt-inside-inner-col{flex-direction:column;justify-content:center;}}@media all and (max-width: 767px){.kadence-column1294_bc03aa-27 > .kt-inside-inner-col{flex-direction:column;justify-content:center;}}<\/style>\n<div class=\"wp-block-kadence-column kadence-column1294_bc03aa-27 inner-column-1\"><div class=\"kt-inside-inner-col\"><style>.wp-block-kadence-advancedheading.kt-adv-heading1294_7568bb-1e, .wp-block-kadence-advancedheading.kt-adv-heading1294_7568bb-1e[data-kb-block=\"kb-adv-heading1294_7568bb-1e\"]{text-align:center;font-style:normal;}.wp-block-kadence-advancedheading.kt-adv-heading1294_7568bb-1e mark.kt-highlight, .wp-block-kadence-advancedheading.kt-adv-heading1294_7568bb-1e[data-kb-block=\"kb-adv-heading1294_7568bb-1e\"] mark.kt-highlight{font-style:normal;color:#f76a0c;-webkit-box-decoration-break:clone;box-decoration-break:clone;padding-top:0px;padding-right:0px;padding-bottom:0px;padding-left:0px;}@media all and (max-width: 767px){.wp-block-kadence-advancedheading.kt-adv-heading1294_7568bb-1e, .wp-block-kadence-advancedheading.kt-adv-heading1294_7568bb-1e[data-kb-block=\"kb-adv-heading1294_7568bb-1e\"]{font-size:42px;}}<\/style>\n<h1 class=\"kt-adv-heading1294_7568bb-1e wp-block-kadence-advancedheading has-theme-palette-9-color has-text-color\" data-kb-block=\"kb-adv-heading1294_7568bb-1e\">Salta Falls<\/h1>\n\n\n<style>.wp-block-kadence-advancedheading.kt-adv-heading1294_4ce9a9-1b, .wp-block-kadence-advancedheading.kt-adv-heading1294_4ce9a9-1b[data-kb-block=\"kb-adv-heading1294_4ce9a9-1b\"]{text-align:center;font-style:normal;}.wp-block-kadence-advancedheading.kt-adv-heading1294_4ce9a9-1b mark.kt-highlight, .wp-block-kadence-advancedheading.kt-adv-heading1294_4ce9a9-1b[data-kb-block=\"kb-adv-heading1294_4ce9a9-1b\"] mark.kt-highlight{font-style:normal;color:#f76a0c;-webkit-box-decoration-break:clone;box-decoration-break:clone;padding-top:0px;padding-right:0px;padding-bottom:0px;padding-left:0px;}<\/style>\n<p class=\"kt-adv-heading1294_4ce9a9-1b wp-block-kadence-advancedheading has-theme-palette-9-color has-text-color\" data-kb-block=\"kb-adv-heading1294_4ce9a9-1b\">Salta Falls is a 27 foot waterfall on Linda Creek<\/p>\n<\/div><\/div>\n\n<\/div><\/div>\n\n<style>.kb-row-layout-id1294_1e6047-6e > .kt-row-column-wrap{align-content:start;}:where(.kb-row-layout-id1294_1e6047-6e > .kt-row-column-wrap) > .wp-block-kadence-column{justify-content:start;}.kb-row-layout-id1294_1e6047-6e > .kt-row-column-wrap{column-gap:80px;row-gap:var(--global-kb-gap-md, 2rem);max-width:var( --global-content-width, 1290px );padding-left:var(--global-content-edge-padding);padding-right:var(--global-content-edge-padding);padding-top:80px;padding-bottom:40px;grid-template-columns:repeat(2, minmax(0, 1fr));}.kb-row-layout-id1294_1e6047-6e > .kt-row-layout-overlay{opacity:0.85;background-image:url('https:\/\/kernrafting.com\/wp-content\/uploads\/2021\/09\/texture.png');background-size:auto;background-position:center center;background-attachment:scroll;background-repeat:repeat;mix-blend-mode:overlay;}@media all and (max-width: 1024px){.kb-row-layout-id1294_1e6047-6e > .kt-row-column-wrap{grid-template-columns:repeat(2, minmax(0, 1fr));}}@media all and (max-width: 767px){.kb-row-layout-id1294_1e6047-6e > .kt-row-column-wrap{grid-template-columns:minmax(0, 1fr);}}<\/style><div class=\"kb-row-layout-wrap kb-row-layout-id1294_1e6047-6e alignnone has-theme-palette8-background-color kt-row-has-bg wp-block-kadence-rowlayout\"><div class=\"kt-row-layout-overlay kt-row-overlay-normal\"><\/div><div class=\"kt-row-column-wrap kt-has-2-columns kt-row-layout-equal kt-tab-layout-inherit kt-mobile-layout-row kt-row-valign-top kb-theme-content-width\">\n<style>.kadence-column1294_c5d9d7-fc > .kt-inside-inner-col,.kadence-column1294_c5d9d7-fc > .kt-inside-inner-col:before{border-top-left-radius:0px;border-top-right-radius:0px;border-bottom-right-radius:0px;border-bottom-left-radius:0px;}.kadence-column1294_c5d9d7-fc > .kt-inside-inner-col{column-gap:var(--global-kb-gap-sm, 1rem);}.kadence-column1294_c5d9d7-fc > .kt-inside-inner-col{flex-direction:column;}.kadence-column1294_c5d9d7-fc > .kt-inside-inner-col > .aligncenter{width:100%;}.kadence-column1294_c5d9d7-fc > .kt-inside-inner-col:before{opacity:0.3;}.kadence-column1294_c5d9d7-fc{position:relative;}@media all and (max-width: 1024px){.kadence-column1294_c5d9d7-fc > .kt-inside-inner-col{flex-direction:column;justify-content:center;}}@media all and (max-width: 767px){.kadence-column1294_c5d9d7-fc > .kt-inside-inner-col{flex-direction:column;justify-content:center;}}<\/style>\n<div class=\"wp-block-kadence-column kadence-column1294_c5d9d7-fc inner-column-1\"><div class=\"kt-inside-inner-col\"><style>.wp-block-kadence-advancedheading.kt-adv-heading1294_aab2ee-bf, .wp-block-kadence-advancedheading.kt-adv-heading1294_aab2ee-bf[data-kb-block=\"kb-adv-heading1294_aab2ee-bf\"]{font-style:normal;}.wp-block-kadence-advancedheading.kt-adv-heading1294_aab2ee-bf mark.kt-highlight, .wp-block-kadence-advancedheading.kt-adv-heading1294_aab2ee-bf[data-kb-block=\"kb-adv-heading1294_aab2ee-bf\"] mark.kt-highlight{font-style:normal;color:#f76a0c;-webkit-box-decoration-break:clone;box-decoration-break:clone;padding-top:0px;padding-right:0px;padding-bottom:0px;padding-left:0px;}<\/style>\n<h6 class=\"kt-adv-heading1294_aab2ee-bf wp-block-kadence-advancedheading has-theme-palette-1-color has-text-color\" data-kb-block=\"kb-adv-heading1294_aab2ee-bf\">27 foot jump rock &amp; waterfall<\/h6>\n\n\n<style>.wp-block-kadence-advancedheading.kt-adv-heading1294_eb7d55-ee, .wp-block-kadence-advancedheading.kt-adv-heading1294_eb7d55-ee[data-kb-block=\"kb-adv-heading1294_eb7d55-ee\"]{font-style:normal;}.wp-block-kadence-advancedheading.kt-adv-heading1294_eb7d55-ee mark.kt-highlight, .wp-block-kadence-advancedheading.kt-adv-heading1294_eb7d55-ee[data-kb-block=\"kb-adv-heading1294_eb7d55-ee\"] mark.kt-highlight{font-style:normal;color:#f76a0c;-webkit-box-decoration-break:clone;box-decoration-break:clone;padding-top:0px;padding-right:0px;padding-bottom:0px;padding-left:0px;}@media all and (max-width: 767px){.wp-block-kadence-advancedheading.kt-adv-heading1294_eb7d55-ee, .wp-block-kadence-advancedheading.kt-adv-heading1294_eb7d55-ee[data-kb-block=\"kb-adv-heading1294_eb7d55-ee\"]{font-size:36px;}}<\/style>\n<h2 class=\"kt-adv-heading1294_eb7d55-ee wp-block-kadence-advancedheading has-theme-palette-4-color has-text-color\" data-kb-block=\"kb-adv-heading1294_eb7d55-ee\"><em>Big thrills<\/em> at Salta Falls<\/h2>\n<\/div><\/div>\n\n\n<style>.kadence-column1294_626df2-3b > .kt-inside-inner-col,.kadence-column1294_626df2-3b > .kt-inside-inner-col:before{border-top-left-radius:0px;border-top-right-radius:0px;border-bottom-right-radius:0px;border-bottom-left-radius:0px;}.kadence-column1294_626df2-3b > .kt-inside-inner-col{column-gap:var(--global-kb-gap-sm, 1rem);}.kadence-column1294_626df2-3b > .kt-inside-inner-col{flex-direction:column;}.kadence-column1294_626df2-3b > .kt-inside-inner-col > .aligncenter{width:100%;}.kadence-column1294_626df2-3b > .kt-inside-inner-col:before{opacity:0.3;}.kadence-column1294_626df2-3b{position:relative;}@media all and (max-width: 1024px){.kadence-column1294_626df2-3b > .kt-inside-inner-col{flex-direction:column;justify-content:center;}}@media all and (max-width: 767px){.kadence-column1294_626df2-3b > .kt-inside-inner-col{flex-direction:column;justify-content:center;}}<\/style>\n<div class=\"wp-block-kadence-column kadence-column1294_626df2-3b inner-column-2\"><div class=\"kt-inside-inner-col\">\n<p>Where to find this activity: Salta Falls is offered on our <a href=\"https:\/\/pacuareoutdoorcenter.com\/experiences\/3-day-raft-zip\/\">3-Day Raft + Zip<\/a>.<\/p>\n<\/div><\/div>\n\n<\/div><\/div>\n\n<style>.kb-row-layout-id1294_74b1f1-cf > .kt-row-column-wrap{align-content:start;}:where(.kb-row-layout-id1294_74b1f1-cf > .kt-row-column-wrap) > .wp-block-kadence-column{justify-content:start;}.kb-row-layout-id1294_74b1f1-cf > .kt-row-column-wrap{column-gap:var(--global-kb-gap-md, 2rem);row-gap:var(--global-kb-gap-md, 2rem);max-width:1140px;margin-left:auto;margin-right:auto;padding-top:40px;padding-bottom:0px;grid-template-columns:repeat(2, minmax(0, 1fr));}.kb-row-layout-id1294_74b1f1-cf > .kt-row-layout-overlay{opacity:0.30;}@media all and (max-width: 1024px){.kb-row-layout-id1294_74b1f1-cf > .kt-row-column-wrap{grid-template-columns:repeat(2, minmax(0, 1fr));}}@media all and (max-width: 767px){.kb-row-layout-id1294_74b1f1-cf > .kt-row-column-wrap{grid-template-columns:minmax(0, 1fr);}}<\/style><div class=\"kb-row-layout-wrap kb-row-layout-id1294_74b1f1-cf alignfull has-theme-palette9-background-color kt-row-has-bg wp-block-kadence-rowlayout\"><div class=\"kt-row-column-wrap kt-has-2-columns kt-row-layout-equal kt-tab-layout-inherit kt-mobile-layout-row kt-row-valign-top\">\n<style>.kadence-column1294_8af8be-da > .kt-inside-inner-col,.kadence-column1294_8af8be-da > .kt-inside-inner-col:before{border-top-left-radius:0px;border-top-right-radius:0px;border-bottom-right-radius:0px;border-bottom-left-radius:0px;}.kadence-column1294_8af8be-da > .kt-inside-inner-col{column-gap:var(--global-kb-gap-sm, 1rem);}.kadence-column1294_8af8be-da > .kt-inside-inner-col{flex-direction:column;}.kadence-column1294_8af8be-da > .kt-inside-inner-col > .aligncenter{width:100%;}.kadence-column1294_8af8be-da > .kt-inside-inner-col:before{opacity:0.3;}.kadence-column1294_8af8be-da{position:relative;}@media all and (max-width: 1024px){.kadence-column1294_8af8be-da > .kt-inside-inner-col{flex-direction:column;justify-content:center;}}@media all and (max-width: 767px){.kadence-column1294_8af8be-da > .kt-inside-inner-col{flex-direction:column;justify-content:center;}}<\/style>\n<div class=\"wp-block-kadence-column kadence-column1294_8af8be-da inner-column-1\"><div class=\"kt-inside-inner-col\">\n<p>Ten minutes from <a href=\"https:\/\/pacuareoutdoorcenter.com\/accommodations\/rio-vista-lodge\/\" data-type=\"page\" data-id=\"1120\">Rio Vista Lodge<\/a> and 20 minutes from our Pacuare Eco-Lodge is Salta Falls. This 27 foot waterfall has a jump rock and swimming hole, making for either a relaxing or thrilling afternoon. Looking for a smaller jump? <a href=\"https:\/\/pacuareoutdoorcenter.com\/activities\/macaw-drop\/\" data-type=\"page\" data-id=\"1325\">Macaw Drop<\/a> is also located on Linda Creek and has a swimming hole and a smaller jump rock.<\/p>\n\n\n\n<ul class=\"wp-block-list\">\n<li><a href=\"https:\/\/youtube.com\/shorts\/40VPvivR4us?feature=share\" data-type=\"URL\" data-id=\"https:\/\/www.youtube.com\/c\/GearGarageTV\/videos\" target=\"_blank\" rel=\"noopener\">Watch the Salta Falls video here.<\/a><\/li>\n<\/ul>\n\n\n<style>.wp-block-kadence-advancedheading.kt-adv-heading1294_a2f0a4-e6, .wp-block-kadence-advancedheading.kt-adv-heading1294_a2f0a4-e6[data-kb-block=\"kb-adv-heading1294_a2f0a4-e6\"]{font-style:normal;}.wp-block-kadence-advancedheading.kt-adv-heading1294_a2f0a4-e6[data-kb-block=\"kb-adv-heading1294_a2f0a4-e6\"]{display:flex;gap:0.25em;align-items:center;}.wp-block-kadence-advancedheading.kt-adv-heading1294_a2f0a4-e6[data-kb-block=\"kb-adv-heading1294_a2f0a4-e6\"] .kb-adv-heading-icon svg{width:1em;height:1em;}.wp-block-kadence-advancedheading.kt-adv-heading1294_a2f0a4-e6[data-kb-block=\"kb-adv-heading1294_a2f0a4-e6\"] .kb-adv-heading-icon{color:var(--global-palette7, #EDF2F7);font-size:90px;margin-right:var(--global-kb-spacing-md, 2rem);margin-bottom:var(--global-kb-spacing-sm, 1.5rem);}.wp-block-kadence-advancedheading.kt-adv-heading1294_a2f0a4-e6 mark.kt-highlight, .wp-block-kadence-advancedheading.kt-adv-heading1294_a2f0a4-e6[data-kb-block=\"kb-adv-heading1294_a2f0a4-e6\"] mark.kt-highlight{font-style:normal;color:#f76a0c;-webkit-box-decoration-break:clone;box-decoration-break:clone;padding-top:0px;padding-right:0px;padding-bottom:0px;padding-left:0px;}<\/style><p class=\"kt-adv-heading1294_a2f0a4-e6 wp-block-kadence-advancedheading kt-adv-heading-has-icon\" data-kb-block=\"kb-adv-heading1294_a2f0a4-e6\"><span class=\"kb-svg-icon-wrap kb-adv-heading-icon kb-svg-icon-ic_quoteSerifLeft kb-adv-heading-icon-side-left\"><svg viewBox=\"0 0 8 8\"  fill=\"currentColor\" xmlns=\"http:\/\/www.w3.org\/2000\/svg\"  aria-hidden=\"true\"><path d=\"M3 0c-1.65 0-3 1.35-3 3v3h3v-3h-2c0-1.11.89-2 2-2v-1zm5 0c-1.65 0-3 1.35-3 3v3h3v-3h-2c0-1.11.89-2 2-2v-1z\" transform=\"translate(0 1)\"\/><\/svg><\/span><span class=\"kb-adv-text-inner\"><em>Saltar<\/em><br>Translates as To Jump<\/span><\/p><\/div><\/div>\n\n\n<style>.kadence-column1294_78d8b8-16 > .kt-inside-inner-col,.kadence-column1294_78d8b8-16 > .kt-inside-inner-col:before{border-top-left-radius:0px;border-top-right-radius:0px;border-bottom-right-radius:0px;border-bottom-left-radius:0px;}.kadence-column1294_78d8b8-16 > .kt-inside-inner-col{column-gap:var(--global-kb-gap-sm, 1rem);}.kadence-column1294_78d8b8-16 > .kt-inside-inner-col{flex-direction:column;}.kadence-column1294_78d8b8-16 > .kt-inside-inner-col > .aligncenter{width:100%;}.kadence-column1294_78d8b8-16 > .kt-inside-inner-col:before{opacity:0.3;}.kadence-column1294_78d8b8-16{position:relative;}@media all and (max-width: 1024px){.kadence-column1294_78d8b8-16 > .kt-inside-inner-col{flex-direction:column;justify-content:center;}}@media all and (max-width: 767px){.kadence-column1294_78d8b8-16 > .kt-inside-inner-col{flex-direction:column;justify-content:center;}}<\/style>\n<div class=\"wp-block-kadence-column kadence-column1294_78d8b8-16 inner-column-2\"><div class=\"kt-inside-inner-col\"><style>.wp-block-kadence-advancedgallery .kb-gallery-type-masonry.kb-gallery-id-1294_558a28-73{margin:-5px;}.kb-gallery-type-masonry.kb-gallery-id-1294_558a28-73 .kadence-blocks-gallery-item{padding:5px;}.kb-gallery-id-1294_558a28-73 .kadence-blocks-gallery-item .kb-gal-image-radius, .kb-gallery-id-1294_558a28-73 .kb-slide-item .kb-gal-image-radius img{border-radius:0px 0px 0px 0px;;}<\/style><div class=\"kb-gallery-wrap-id-1294_558a28-73 alignnone wp-block-kadence-advancedgallery\"><ul class=\"kb-gallery-ul kb-gallery-non-static kb-gallery-type-masonry kb-masonry-init kb-gallery-id-1294_558a28-73 kb-gallery-caption-style-bottom-hover kb-gallery-filter-none kb-gallery-magnific-init\" data-image-filter=\"none\" data-item-selector=\".kadence-blocks-gallery-item\" data-lightbox-caption=\"true\" data-columns-xxl=\"3\" data-columns-xl=\"3\" data-columns-md=\"3\" data-columns-sm=\"2\" data-columns-xs=\"1\" data-columns-ss=\"1\"><li class=\"kadence-blocks-gallery-item\"><div class=\"kadence-blocks-gallery-item-inner\"><figure class=\"kb-gallery-figure kb-gallery-item-has-link kadence-blocks-gallery-item-hide-caption\"><a href=\"https:\/\/pacuareoutdoorcenter.com\/wp-content\/uploads\/2022\/12\/salta-falls-jump-below.webp\" class=\"kb-gallery-item-link\"><div class=\"kb-gal-image-radius\" style=\"max-width:200px;\"><div class=\"kb-gallery-image-contain kadence-blocks-gallery-intrinsic\" style=\"padding-bottom:150%;\"><img loading=\"lazy\" decoding=\"async\" src=\"https:\/\/pacuareoutdoorcenter.com\/wp-content\/uploads\/2022\/12\/salta-falls-jump-below-200x300.webp\" width=\"200\" height=\"300\" alt=\"\" data-full-image=\"https:\/\/pacuareoutdoorcenter.com\/wp-content\/uploads\/2022\/12\/salta-falls-jump-below.webp\" data-light-image=\"https:\/\/pacuareoutdoorcenter.com\/wp-content\/uploads\/2022\/12\/salta-falls-jump-below.webp\" data-id=\"1307\" class=\"wp-image-1307\" srcset=\"https:\/\/pacuareoutdoorcenter.com\/wp-content\/uploads\/2022\/12\/salta-falls-jump-below-200x300.webp 200w, https:\/\/pacuareoutdoorcenter.com\/wp-content\/uploads\/2022\/12\/salta-falls-jump-below.webp 533w\" sizes=\"auto, (max-width: 200px) 100vw, 200px\" \/><\/div><\/div><\/a><\/figure><\/div><\/li><li class=\"kadence-blocks-gallery-item\"><div class=\"kadence-blocks-gallery-item-inner\"><figure class=\"kb-gallery-figure kb-gallery-item-has-link kadence-blocks-gallery-item-hide-caption\"><a href=\"https:\/\/pacuareoutdoorcenter.com\/wp-content\/uploads\/2022\/12\/blurry-salta-falls.webp\" class=\"kb-gallery-item-link\"><div class=\"kb-gal-image-radius\" style=\"max-width:300px;\"><div class=\"kb-gallery-image-contain kadence-blocks-gallery-intrinsic\" style=\"padding-bottom:66%;\"><img loading=\"lazy\" decoding=\"async\" src=\"https:\/\/pacuareoutdoorcenter.com\/wp-content\/uploads\/2022\/12\/blurry-salta-falls-300x200.webp\" width=\"300\" height=\"200\" alt=\"\" data-full-image=\"https:\/\/pacuareoutdoorcenter.com\/wp-content\/uploads\/2022\/12\/blurry-salta-falls.webp\" data-light-image=\"https:\/\/pacuareoutdoorcenter.com\/wp-content\/uploads\/2022\/12\/blurry-salta-falls.webp\" data-id=\"1303\" class=\"wp-image-1303\" srcset=\"https:\/\/pacuareoutdoorcenter.com\/wp-content\/uploads\/2022\/12\/blurry-salta-falls-300x200.webp 300w, https:\/\/pacuareoutdoorcenter.com\/wp-content\/uploads\/2022\/12\/blurry-salta-falls-1024x683.webp 1024w, https:\/\/pacuareoutdoorcenter.com\/wp-content\/uploads\/2022\/12\/blurry-salta-falls-768x512.webp 768w, https:\/\/pacuareoutdoorcenter.com\/wp-content\/uploads\/2022\/12\/blurry-salta-falls.webp 1200w\" sizes=\"auto, (max-width: 300px) 100vw, 300px\" \/><\/div><\/div><\/a><\/figure><\/div><\/li><li class=\"kadence-blocks-gallery-item\"><div class=\"kadence-blocks-gallery-item-inner\"><figure class=\"kb-gallery-figure kb-gallery-item-has-link kadence-blocks-gallery-item-hide-caption\"><a href=\"https:\/\/pacuareoutdoorcenter.com\/wp-content\/uploads\/2022\/12\/salta-falls-tom.webp\" class=\"kb-gallery-item-link\"><div class=\"kb-gal-image-radius\" style=\"max-width:200px;\"><div class=\"kb-gallery-image-contain kadence-blocks-gallery-intrinsic\" style=\"padding-bottom:150%;\"><img loading=\"lazy\" decoding=\"async\" src=\"https:\/\/pacuareoutdoorcenter.com\/wp-content\/uploads\/2022\/12\/salta-falls-tom-200x300.webp\" width=\"200\" height=\"300\" alt=\"\" data-full-image=\"https:\/\/pacuareoutdoorcenter.com\/wp-content\/uploads\/2022\/12\/salta-falls-tom.webp\" data-light-image=\"https:\/\/pacuareoutdoorcenter.com\/wp-content\/uploads\/2022\/12\/salta-falls-tom.webp\" data-id=\"1301\" class=\"wp-image-1301\" srcset=\"https:\/\/pacuareoutdoorcenter.com\/wp-content\/uploads\/2022\/12\/salta-falls-tom-200x300.webp 200w, https:\/\/pacuareoutdoorcenter.com\/wp-content\/uploads\/2022\/12\/salta-falls-tom-683x1024.webp 683w, https:\/\/pacuareoutdoorcenter.com\/wp-content\/uploads\/2022\/12\/salta-falls-tom-768x1152.webp 768w, https:\/\/pacuareoutdoorcenter.com\/wp-content\/uploads\/2022\/12\/salta-falls-tom.webp 800w\" sizes=\"auto, (max-width: 200px) 100vw, 200px\" \/><\/div><\/div><\/a><\/figure><\/div><\/li><\/ul><\/div><\/div><\/div>\n\n<\/div><\/div>\n\n\n\n","protected":false},"excerpt":{"rendered":"<p>Salta Falls Salta Falls ist ein 27 Fu\u00df hoher Wasserfall am Linda Creek 27 Fu\u00df Sprungfelsen und Wasserfall Gro\u00dfer Nervenkitzel bei Salta Falls Wo Sie diese Aktivit\u00e4t finden: Salta Falls wird im Rahmen unseres 3-Tage-Rafting + Zip angeboten. Zehn Minuten von Rio Vista Lodge und 20 Minuten von unserer Eco-Lodge Pacuare entfernt liegen die Salta Falls. Diese...<\/p>","protected":false},"author":1,"featured_media":1824,"parent":1292,"menu_order":0,"comment_status":"closed","ping_status":"closed","template":"","meta":{"_kad_blocks_custom_css":"","_kad_blocks_head_custom_js":"","_kad_blocks_body_custom_js":"","_kad_blocks_footer_custom_js":"","_kadence_starter_templates_imported_post":false,"_kad_post_transparent":"","_kad_post_title":"hide","_kad_post_layout":"fullwidth","_kad_post_sidebar_id":"","_kad_post_content_style":"unboxed","_kad_post_vertical_padding":"hide","_kad_post_feature":"hide","_kad_post_feature_position":"","_kad_post_header":false,"_kad_post_footer":false,"footnotes":""},"class_list":["post-1294","page","type-page","status-publish","has-post-thumbnail","hentry"],"taxonomy_info":[],"featured_image_src_large":["https:\/\/pacuareoutdoorcenter.com\/wp-content\/uploads\/2023\/01\/salta-falls-header-1024x683.webp",1024,683,true],"author_info":{"display_name":"Matt","author_link":"https:\/\/pacuareoutdoorcenter.com\/de\/author\/admin\/"},"comment_info":0,"_links":{"self":[{"href":"https:\/\/pacuareoutdoorcenter.com\/de\/wp-json\/wp\/v2\/pages\/1294","targetHints":{"allow":["GET"]}}],"collection":[{"href":"https:\/\/pacuareoutdoorcenter.com\/de\/wp-json\/wp\/v2\/pages"}],"about":[{"href":"https:\/\/pacuareoutdoorcenter.com\/de\/wp-json\/wp\/v2\/types\/page"}],"author":[{"embeddable":true,"href":"https:\/\/pacuareoutdoorcenter.com\/de\/wp-json\/wp\/v2\/users\/1"}],"replies":[{"embeddable":true,"href":"https:\/\/pacuareoutdoorcenter.com\/de\/wp-json\/wp\/v2\/comments?post=1294"}],"version-history":[{"count":46,"href":"https:\/\/pacuareoutdoorcenter.com\/de\/wp-json\/wp\/v2\/pages\/1294\/revisions"}],"predecessor-version":[{"id":32630,"href":"https:\/\/pacuareoutdoorcenter.com\/de\/wp-json\/wp\/v2\/pages\/1294\/revisions\/32630"}],"up":[{"embeddable":true,"href":"https:\/\/pacuareoutdoorcenter.com\/de\/wp-json\/wp\/v2\/pages\/1292"}],"wp:featuredmedia":[{"embeddable":true,"href":"https:\/\/pacuareoutdoorcenter.com\/de\/wp-json\/wp\/v2\/media\/1824"}],"wp:attachment":[{"href":"https:\/\/pacuareoutdoorcenter.com\/de\/wp-json\/wp\/v2\/media?parent=1294"}],"curies":[{"name":"wp","href":"https:\/\/api.w.org\/{rel}","templated":true}]}}